{"id":1185,"date":"2018-01-26T13:51:43","date_gmt":"2018-01-26T12:51:43","guid":{"rendered":"http:\/\/www.activemotion.dk\/?page_id=1185"},"modified":"2021-01-22T11:38:36","modified_gmt":"2021-01-22T10:38:36","slug":"preopinfo","status":"publish","type":"page","link":"https:\/\/activemotion.se\/da\/om-activemotion\/info\/preopinfo\/","title":{"rendered":"Infor per OP type"},"content":{"rendered":"\r\n<p>N\u00e5r du sammen med din Kirurg har aftalt, at du skal opereres sendes information til PrivatHospitalets narkosel\u00e6ge som i sidste instans afg\u00f8r om du kan opereres p\u00e5 PrivatHospitalet.<\/p>\r\n","protected":false},"excerpt":{"rendered":"<p>N\u00e5r du sammen med din Kirurg har aftalt, at du skal opereres sendes information til PrivatHospitalets narkosel\u00e6ge som i sidste instans afg\u00f8r om du kan opereres p\u00e5 PrivatHospitalet.<\/p>\n","protected":false},"author":3,"featured_media":0,"parent":44,"menu_order":3,"comment_status":"closed","ping_status":"closed","template":"","meta":{"footnotes":""},"class_list":["post-1185","page","type-page","status-publish","hentry"],"translation":{"provider":"WPGlobus","version":"3.0.0","language":"da","enabled_languages":["sv","da","en"],"languages":{"sv":{"title":true,"content":true,"excerpt":false},"da":{"title":true,"content":true,"excerpt":false},"en":{"title":true,"content":false,"excerpt":false}}},"acf":[],"wps_subtitle":"Information regarding Your planned surgery at Activemotion","_links":{"self":[{"href":"https:\/\/activemotion.se\/da\/wp-json\/wp\/v2\/pages\/1185","targetHints":{"allow":["GET"]}}],"collection":[{"href":"https:\/\/activemotion.se\/da\/wp-json\/wp\/v2\/pages"}],"about":[{"href":"https:\/\/activemotion.se\/da\/wp-json\/wp\/v2\/types\/page"}],"author":[{"embeddable":true,"href":"https:\/\/activemotion.se\/da\/wp-json\/wp\/v2\/users\/3"}],"replies":[{"embeddable":true,"href":"https:\/\/activemotion.se\/da\/wp-json\/wp\/v2\/comments?post=1185"}],"version-history":[{"count":29,"href":"https:\/\/activemotion.se\/da\/wp-json\/wp\/v2\/pages\/1185\/revisions"}],"predecessor-version":[{"id":1812,"href":"https:\/\/activemotion.se\/da\/wp-json\/wp\/v2\/pages\/1185\/revisions\/1812"}],"up":[{"embeddable":true,"href":"https:\/\/activemotion.se\/da\/wp-json\/wp\/v2\/pages\/44"}],"wp:attachment":[{"href":"https:\/\/activemotion.se\/da\/wp-json\/wp\/v2\/media?parent=1185"}],"curies":[{"name":"wp","href":"https:\/\/api.w.org\/{rel}","templated":true}]}}