{"id":1404,"date":"2018-04-17T16:23:25","date_gmt":"2018-04-17T14:23:25","guid":{"rendered":"http:\/\/www.activemotion.dk\/?page_id=1404"},"modified":"2019-11-18T14:56:54","modified_gmt":"2019-11-18T13:56:54","slug":"privatlivspolitik-for-patienter","status":"publish","type":"page","link":"https:\/\/activemotion.se\/da\/om-activemotion\/privatlivspolitik-for-patienter\/","title":{"rendered":"Privatlivspolitik f\u00f6r Patienter"},"content":{"rendered":"<h1>Privatlivspolitik for patienter 2018<\/h1>\n<h3>Behandling af oplysninger.<\/h3>\n<p>I forbindelse med vores unders\u00f8gelse, diagnostik og behandling af dig som patient indsamler og behandler Activemotion Ortopedisk Kirurgi en r\u00e6kke personoplysninger om dig.<br \/>\nI denne privatlivspolitik beskrives, hvordan Activemotion Ortopedisk Kirurgi behandler, bruger og videregiver dine personoplysninger.<\/p>\n<p><strong>Typer af oplysninger<\/strong><br \/>\nActivemotion Ortopedisk Kirurgi indsamler og behandler f\u00f8lgende typer af personoplysninger om dig (i det omfang det er relevant for netop dig):<br \/>\nAlmindelige kategorier af personoplysninger:<br \/>\n\u2022 Navn, adresse, evt. e-mailadresse, telefonnr., personnummer k\u00f8n, etnicitet, familierelati-oner og sociale relationer, arbejdsrelationer og uddannelse.<br \/>\nS\u00e6rlige kategorier af personoplysninger (\u201df\u00f8lsomme personoplysninger\u201d):<br \/>\n\u2022 Helbredsoplysninger (f.eks. journaloplysninger, pr\u00f8vesvar, tests, r\u00f8ntgenbilleder, scan-ningsvar mv.), race eller etnisk oprindelse samt hvor det sk\u00f8nnes relevant religi\u00f8se for-hold.<\/p>\n<p><strong>Form\u00e5l<\/strong><br \/>\nVi behandler dine personoplysninger til f\u00f8lgende form\u00e5l:<br \/>\n\u2022 Vores unders\u00f8gelse, diagnostisk og behandling af dig<br \/>\n\u2022 Udarbejdelse af l\u00e6geerkl\u00e6ringer<br \/>\n\u2022 Udarbejdelse af attester til brug for myndigheder, forsikringsselskaber mv.<br \/>\n\u2022 Kommunikation med eller henvisning til andre sundhedspersoner, l\u00e6ger, sygehuse eller sygehuslaboratorier<br \/>\n\u2022 Medicinordinationer, herunder udstedelse af recepter<br \/>\n\u2022 Indberetning til kliniske kvalitetsdatabaser<br \/>\n\u2022 Indberetning af laboratoriepr\u00f8ver til sygehuslaboratorier<br \/>\n\u2022 Afregningsform\u00e5l<br \/>\n\u2022 Overholde vores forpligtelser i henhold til g\u00e6ldende lovgivning, herunder EU\u2019s databe-skyttelsesforordning, databeskyttelsesloven og anden relevant sundhedsretlig lovgivning, f.eks.<br \/>\no Dokumentationspligt<br \/>\no Overholdelse af basale principper for behandling af personoplysninger og juridisk hjemmel for behandlingen<br \/>\no Iv\u00e6rks\u00e6ttelse og vedligeholdelse af tekniske og organisatoriske sikkerhedsforan-staltninger, herunder men ikke begr\u00e6nset til at hindre uautoriseret adgang til sy-stemer og oplysninger, hindre modtagelse eller distribution af ondsindet kode, standsning af overbelastningsangreb (denial-of-service-angreb) og beskadigelser af computersystemer og elektroniske kommunikationssystemer<br \/>\no Unders\u00f8gelse af mistanke eller viden om sikkerhedsbrud og rapportering til indi-vider og myndigheder<br \/>\no H\u00e5ndtering af foresp\u00f8rgsler og klager fra registrerede og andre<br \/>\no H\u00e5ndtering af inspektioner og foresp\u00f8rgsler fra tilsynsmyndigheder<br \/>\no H\u00e5ndtering af tvister med registrerede og tredjeparter.<br \/>\no Statistiske unders\u00f8gelser og videnskabelig forskning<\/p>\n<p><strong>Frivillighed<\/strong><br \/>\nN\u00e5r vi indsamler personoplysninger direkte fra dig, giver du personoplysningerne frivilligt. Du er ikke forpligtet til at give disse personoplysninger til os. Konsekvensen af ikke at give os per-sonoplysningerne vil v\u00e6re, at vi ikke kan varetage form\u00e5lene ovenfor, herunder at vi ikke kan unders\u00f8ge, diagnosticere eller behandle dig.<\/p>\n<p><strong>Kilder<\/strong><br \/>\nI nogle tilf\u00e6lde indsamler vi personoplysninger om dig fra andre sundhedspersoner, f.eks. syge-huse, henvisende l\u00e6ge eller ved opslag i elektroniske journalsystemer. Vi behandler de modta-gende oplysninger i overensstemmelse med denne privatlivspolitik.<\/p>\n<p><strong>Videregivelse af personoplysninger<\/strong><br \/>\nIdet omfang det er n\u00f8dvendigt for den konkrete unders\u00f8gelse, diagnosticering eller behandling af dig, vil dine personoplysninger blive videregivet og delt med f\u00f8lgende modtagere:<br \/>\n\u2022 Der videregives oplysninger til, andre sundhedspersoner, hvis det er n\u00f8dvendigt af hen-syn til et aktuelt behandlingsforl\u00f8b<br \/>\n\u2022 Der videregives oplysninger til andre myndigheder, kliniske kvalitetsdatabaser, Det Dan-ske Vaccinationsregister, Styrelsen for Patientsikkerhed, Det F\u00e6lles Medicinkort, Politiet, Sociale myndigheder, Arbejdsmarkedets Erhvervssikring i det omfang, at der foreligger en pligt hertil if\u00f8lge g\u00e6ldende lovgivning.<br \/>\n\u2022 Du har som patient adgang til dine egne oplysninger (egen-acces)<br \/>\n\u2022 Ved henvisning af patienter videregives oplysninger til de sundhedspersoner, hvortil henvisningen er sendt.<br \/>\n\u2022 Ved indberetning af laboratoriepr\u00f8ver videregives pr\u00f8verne til sygehuslaboratorierne<br \/>\n\u2022 Ved indberetning af oplysninger i forbindelse med afregning for patientbehandling vide-regives oplysninger til de regionale afregningskontorer samt hvor det er relevant til F\u00f6rs\u00e4kringskassan i Sverige.<br \/>\n\u2022 Ved udstedelse af recepter videregives oplysninger til landets apoteker og L\u00e6gemiddel-styrelsen via receptserveren<br \/>\n\u2022 Ved indberetning til kliniske kvalitetsdatabaser<br \/>\n\u2022 Ved videregivelse af epikriser videregives oplysninger til den henvisende l\u00e6ge og i visse tilf\u00e6lde det henvisende sygehus<br \/>\n\u2022 I andre tilf\u00e6lde videregives oplysninger til p\u00e5r\u00f8rende eller forsikringsselskaber<\/p>\n<p><strong>Lovgrundlag for behandling og videregivelse af personoplysninger<\/strong><br \/>\nDet juridiske grundlag for at indsamle, behandle og videregive dine personoplysninger er:<br \/>\n\u2022 Til brug for den almindelige patientbehandling indsamles, behandles og videregives al-mindelige personoplysninger i medf\u00f8r af databeskyttelsesforordningens artikel 6(1)(c) og (d), mens de f\u00f8lsomme personoplysninger indsamles, behandles og videregives i medf\u00f8r af databeskyttelsesforordningens artikel 9(2)(c) og (h).<br \/>\n\u2022 Herudover er vi forpligtet til at behandle en r\u00e6kke personoplysninger om dig ved den almindelige patientbehandling i medf\u00f8r af autorisationslovens kap. 6, bekendtg\u00f8relse om sundhedspersoners journaler (journalf\u00f8ringsbekendtg\u00f8relsen) s\u00e6rligt \u00a7\u00a7 5-10, samt sundhedslovens kap. 9.<br \/>\n\u2022 Helbredsoplysninger til brug for videre behandling ved henvisning af patienter videregi-ves efter reglerne i Overenskomst om speciall\u00e6gehj\u00e6lp \u00a7\u00a7 20-23 samt sundhedsloven.<br \/>\n\u2022 Indberetning af laboratoriepr\u00f8ver til sygehuslaboratorier sker efter reglerne i Sundheds-styrelsens vejledning om h\u00e5ndtering af parakliniske unders\u00f8gelser i medf\u00f8r af autorisati-onsloven.<br \/>\n\u2022 Oplysninger til brug for afregning for patientbehandling fremsendes en gang pr. m\u00e5ned til regionens afregningskontor efter reglerne i Overenskomst om speciall\u00e6gehj\u00e6lp \u00a7 49 og sundhedsloven.<br \/>\n\u2022 Medicinordinationer p\u00e5 recepter sendes via IT-tjenesten receptserveren efter reglerne i sundhedslovens kap. 42 og bekendtg\u00f8relse om recepter og dosisdispensering af l\u00e6gemid-ler s\u00e6rligt kap. 3.<br \/>\n\u2022 Kliniske patientdata videregives til kliniske kvalitetsdatabaser efter reglerne i sundheds-lovens \u00a7\u00a7 195-196 og bekendtg\u00f8relse om indberetning af oplysninger til kliniske kvali-tetsdatabaser m.v. Data kan ogs\u00e5 videregives p\u00e5 baggrund af et konkret samtykke fra dig som patient.<br \/>\n\u2022 Epikriser, som er et kort sammendrag af patientens sygehistorie og behandlingsforl\u00f8b sendes til henvisende l\u00e6ge og i nogle tilf\u00e6lde til henvisende sygehus efter reglerne i sundhedslovens kap. 9.<br \/>\n\u2022 Dine personoplysninger videregives alene til forsikringsselskaber med dit forudg\u00e5ende samtykke, jf. databeskyttelsesforordningens artikel 6(1)(a) og 9(2)(a).<br \/>\n\u2022 Dine personoplysninger videregives alene til dine p\u00e5r\u00f8rende med dit forudg\u00e5ende sam-tykke efter reglerne i sundhedslovens \u00a7 43.<br \/>\n\u2022 Ved afd\u00f8de patienter kan visse personoplysninger videregives til afd\u00f8des n\u00e6rmeste p\u00e5r\u00f8-rende, afd\u00f8des alment praktiserende l\u00e6ge og den l\u00e6ge, der havde afd\u00f8de i behandling ef-ter reglerne i sundhedslovens \u00a7 45.<\/p>\n<p><strong>Tilbagekaldelse af samtykke.<\/strong><br \/>\nHvis behandlingen af dine personoplysninger er baseret p\u00e5 samtykke, har du ret til at tilbagekalde samtykket. Hvis du tilbagekalder samtykket, p\u00e5virker det ikke behandlingen forud for tilbagekaldelse af samtykket, herunder en videregivelse baseret p\u00e5 samtykke.<\/p>\n<p><strong>Brug af databehandlere<\/strong><br \/>\nDine personoplysninger behandles og opbevares hos vores databehandlere, som opbevarer dem p\u00e5 vegne af og efter instruks fr os. Vores databehandlere er p.t.<br \/>\n\u2022 SimplyBook.it Webbaseret aftalekalender som gemmer oplysninger om navn, telefon-nummer og mailadresse knyttet til aftaler.<br \/>\n\u2022 Gigahost.dk webhotel<\/p>\n<p><strong>Opbevaringsperiode<\/strong><br \/>\nVi opbevarer personoplysninger om dig, s\u00e5 l\u00e6nge vi har behov for at varetage de overfor an-givne form\u00e5l. Vi har dog i henhold til journalf\u00f8ringsbekendtg\u00f8relsen pligt til at opbevare disse i minimum 10 \u00e5r efter seneste tilf\u00f8rsel til journalen. Der kan opst\u00e5 tilf\u00e6lde hvor vi er n\u00f8dsaget til at opbevare dine personoplysninger i l\u00e6ngere tid, f.eks. i forbindelse med en klagesag eller er-statningssag, hvor oplysninger i s\u00e5 fald vil blive opbevaret, indtil sagen er endeligt afsluttet.<\/p>\n<p><strong>Dine rettigheder<\/strong><br \/>\nDu har \u2013 med lovens begr\u00e6nsninger &#8211; visse rettigheder, herunder retten til indsigt i personop-lysninger, retten til at f\u00e5 \u00e6ndret ukorrekte oplysninger, retten til at f\u00e5 slettet oplysninger, retten til at f\u00e5 begr\u00e6nset oplysninger, retten til dataportabilitet, retten til at g\u00f8re indsigelse mod be-handlingen af personoplysningerne, herunder ift. automatiseret, individuel beslutningstagning (\u201dprofilering\u201d).<br \/>\nDu har ogs\u00e5 ret til at klage til en kompetent tilsynsmyndighed, herunder Datatilsynet.<\/p>\n<p><strong>Kontakt<\/strong><br \/>\nHvis du har sp\u00f8rgsm\u00e5l vedr\u00f8rende behandlingen af dine personoplysninger eller udnyttelsen af dine rettigheder, er du velkommen til at kontakte os.<\/p>\n<p>Adresseoplysninger p\u00e5 klinikken:<br \/>\nActivemotion Ortopedisk Kirurgi<br \/>\nFures\u00f8bakken 2<br \/>\nDK-3460 Birker\u00f8d<br \/>\nDanmark<\/p>\n","protected":false},"excerpt":{"rendered":"<p>Privatlivspolitik for patienter 2018 Behandling af oplysninger. I forbindelse med vores unders\u00f8gelse, diagnostik og behandling af dig som patient indsamler og behandler Activemotion Ortopedisk Kirurgi en r\u00e6kke personoplysninger om dig. I denne privatlivspolitik beskrives, hvordan Activemotion Ortopedisk Kirurgi behandler, bruger og videregiver dine personoplysninger. Typer af oplysninger Activemotion Ortopedisk Kirurgi indsamler og behandler f\u00f8lgende typer [&hellip;]<\/p>\n","protected":false},"author":3,"featured_media":0,"parent":32,"menu_order":4,"comment_status":"closed","ping_status":"closed","template":"","meta":{"footnotes":""},"class_list":["post-1404","page","type-page","status-publish","hentry"],"translation":{"provider":"WPGlobus","version":"3.0.0","language":"da","enabled_languages":["sv","da","en"],"languages":{"sv":{"title":true,"content":true,"excerpt":false},"da":{"title":false,"content":true,"excerpt":false},"en":{"title":false,"content":false,"excerpt":false}}},"acf":[],"wps_subtitle":"Privatlivspolitik","_links":{"self":[{"href":"https:\/\/activemotion.se\/da\/wp-json\/wp\/v2\/pages\/1404","targetHints":{"allow":["GET"]}}],"collection":[{"href":"https:\/\/activemotion.se\/da\/wp-json\/wp\/v2\/pages"}],"about":[{"href":"https:\/\/activemotion.se\/da\/wp-json\/wp\/v2\/types\/page"}],"author":[{"embeddable":true,"href":"https:\/\/activemotion.se\/da\/wp-json\/wp\/v2\/users\/3"}],"replies":[{"embeddable":true,"href":"https:\/\/activemotion.se\/da\/wp-json\/wp\/v2\/comments?post=1404"}],"version-history":[{"count":12,"href":"https:\/\/activemotion.se\/da\/wp-json\/wp\/v2\/pages\/1404\/revisions"}],"predecessor-version":[{"id":2003,"href":"https:\/\/activemotion.se\/da\/wp-json\/wp\/v2\/pages\/1404\/revisions\/2003"}],"up":[{"embeddable":true,"href":"https:\/\/activemotion.se\/da\/wp-json\/wp\/v2\/pages\/32"}],"wp:attachment":[{"href":"https:\/\/activemotion.se\/da\/wp-json\/wp\/v2\/media?parent=1404"}],"curies":[{"name":"wp","href":"https:\/\/api.w.org\/{rel}","templated":true}]}}