{"id":2,"date":"2017-02-02T16:43:17","date_gmt":"2017-02-02T15:43:17","guid":{"rendered":"http:\/\/activemotion.dk\/?page_id=2"},"modified":"2026-03-14T06:34:14","modified_gmt":"2026-03-14T05:34:14","slug":"forside","status":"publish","type":"page","link":"https:\/\/activemotion.se\/da\/","title":{"rendered":"Forside Activemotion"},"content":{"rendered":"<h2>Kompetence \u00b7 Kontinuitet \u00b7 Tilg\u00e6ngelighed<\/h2>\n<p class=\"isSelectedEnd\"><strong>Specialiseret ortop\u00e6dkirurgi siden 2014<\/strong><\/p>\n<p class=\"isSelectedEnd\">Siden 2014 har specialistl\u00e6gerne ved Activemotion Ortopedisk Kirurgi vurderet og behandlet patienter med sygdomme og skader i bev\u00e6geapparatet. Vores arbejde omfatter blandt andet lidelser i skulder, kn\u00e6, hofte, h\u00e5nd, fod og ryg.<\/p>\n<p class=\"isSelectedEnd\">Vores m\u00e5l er altid at sikre en grundig vurdering og at tilbyde den behandling, der bedst passer til den enkelte patient. I mange tilf\u00e6lde kan symptomer behandles konservativt gennem r\u00e5dgivning, tr\u00e6ning eller anden ikke-kirurgisk behandling. N\u00e5r operation er den bedste l\u00f8sning, hj\u00e6lper vi patienten videre til kirurgisk behandling.<\/p>\n<p class=\"isSelectedEnd\">N\u00e5r der er indikation for operation, udf\u00f8res indgrebene med kort ventetid p\u00e5 private hospitaler i K\u00f8benhavnsregionen i Danmark. Operationerne udf\u00f8res af erfarne ortop\u00e6dkirurger i moderne faciliteter med h\u00f8j patientsikkerhed og fokus p\u00e5 kvalitet gennem hele behandlingsforl\u00f8bet.<\/p>\n<p class=\"isSelectedEnd\">Behandlingen foreg\u00e5r i henhold til EU\u2019s patientmobilitetsdirektiv, som giver patienter mulighed for at modtage planlagt behandling i et andet EU-land. For patienter, der er omfattet af svensk sygeforsikring, kan operationen derfor finansieres af det offentlige i Sverige via F\u00f6rs\u00e4kringskassan.<\/p>\n<p class=\"isSelectedEnd\">Activemotion bist\u00e5r med al n\u00f8dvendig kontakt og administration i forhold til F\u00f6rs\u00e4kringskassan, s\u00e5 forl\u00f8bet bliver s\u00e5 enkelt og trygt som muligt for patienten. For patienter, der er omfattet af ordningen, vil de eneste udgifter normalt v\u00e6re transport samt patientafgifter i henhold til g\u00e6ldende prisliste.<\/p>\n<p class=\"isSelectedEnd\">P\u00e5 denne m\u00e5de kan vi tilbyde patienter adgang til specialiseret ortop\u00e6dkirurgisk behandling med h\u00f8j faglighed, god kontinuitet og kort ventetid.<\/p>\n<div contenteditable=\"false\">\n<hr \/>\n<\/div>\n<p>&nbsp;<\/p>\n<p>&nbsp;<\/p>\n","protected":false},"excerpt":{"rendered":"<p>Kompetence \u00b7 Kontinuitet \u00b7 Tilg\u00e6ngelighed Specialiseret ortop\u00e6dkirurgi siden 2014 Siden 2014 har specialistl\u00e6gerne ved Activemotion Ortopedisk Kirurgi vurderet og behandlet patienter med sygdomme og skader i bev\u00e6geapparatet. Vores arbejde omfatter blandt andet lidelser i skulder, kn\u00e6, hofte, h\u00e5nd, fod og ryg. Vores m\u00e5l er altid at sikre en grundig vurdering og at tilbyde den behandling, [&hellip;]<\/p>\n","protected":false},"author":1,"featured_media":0,"parent":0,"menu_order":1,"comment_status":"closed","ping_status":"closed","template":"","meta":{"footnotes":""},"class_list":["post-2","page","type-page","status-publish","hentry"],"translation":{"provider":"WPGlobus","version":"3.0.0","language":"da","enabled_languages":["sv","da","en"],"languages":{"sv":{"title":true,"content":true,"excerpt":false},"da":{"title":true,"content":true,"excerpt":false},"en":{"title":true,"content":true,"excerpt":false}}},"acf":[],"wps_subtitle":"Why Activemotion","_links":{"self":[{"href":"https:\/\/activemotion.se\/da\/wp-json\/wp\/v2\/pages\/2","targetHints":{"allow":["GET"]}}],"collection":[{"href":"https:\/\/activemotion.se\/da\/wp-json\/wp\/v2\/pages"}],"about":[{"href":"https:\/\/activemotion.se\/da\/wp-json\/wp\/v2\/types\/page"}],"author":[{"embeddable":true,"href":"https:\/\/activemotion.se\/da\/wp-json\/wp\/v2\/users\/1"}],"replies":[{"embeddable":true,"href":"https:\/\/activemotion.se\/da\/wp-json\/wp\/v2\/comments?post=2"}],"version-history":[{"count":47,"href":"https:\/\/activemotion.se\/da\/wp-json\/wp\/v2\/pages\/2\/revisions"}],"predecessor-version":[{"id":2267,"href":"https:\/\/activemotion.se\/da\/wp-json\/wp\/v2\/pages\/2\/revisions\/2267"}],"wp:attachment":[{"href":"https:\/\/activemotion.se\/da\/wp-json\/wp\/v2\/media?parent=2"}],"curies":[{"name":"wp","href":"https:\/\/api.w.org\/{rel}","templated":true}]}}