{"id":2064,"date":"2019-12-10T10:36:24","date_gmt":"2019-12-10T09:36:24","guid":{"rendered":"https:\/\/activemotion.se\/?page_id=2064"},"modified":"2026-03-14T23:20:37","modified_gmt":"2026-03-14T22:20:37","slug":"curakliniken","status":"publish","type":"page","link":"https:\/\/activemotion.se\/da\/kliniker\/curakliniken\/","title":{"rendered":"Cura Kliniken, Malm\u00f6. Activemotion flytter november 2026 till Excellencen 5 i Malm\u00f6"},"content":{"rendered":"<p>Det gl\u00e6der os at kunne informere om, at Activemotion i november 2026 flytter til nyindrettede og st\u00f8rre lokaler i Malm\u00f6s nye center for sundhed i Excellencen 5, Carl Gustafs v\u00e4g 4, 211 46 Malm\u00f6.<\/p>\n","protected":false},"excerpt":{"rendered":"<p>Det gl\u00e6der os at kunne informere om, at Activemotion i november 2026 flytter til nyindrettede og st\u00f8rre lokaler i Malm\u00f6s nye center for sundhed i Excellencen 5, Carl Gustafs v\u00e4g 4, 211 46 Malm\u00f6.<\/p>\n","protected":false},"author":3,"featured_media":2157,"parent":844,"menu_order":1,"comment_status":"closed","ping_status":"closed","template":"","meta":{"footnotes":""},"class_list":["post-2064","page","type-page","status-publish","has-post-thumbnail","hentry"],"translation":{"provider":"WPGlobus","version":"3.0.0","language":"da","enabled_languages":["sv","da","en"],"languages":{"sv":{"title":true,"content":true,"excerpt":false},"da":{"title":true,"content":true,"excerpt":false},"en":{"title":false,"content":false,"excerpt":false}}},"acf":[],"wps_subtitle":"Activemotion Ortopedisk Mottagning, Malm\u00f6","_links":{"self":[{"href":"https:\/\/activemotion.se\/da\/wp-json\/wp\/v2\/pages\/2064","targetHints":{"allow":["GET"]}}],"collection":[{"href":"https:\/\/activemotion.se\/da\/wp-json\/wp\/v2\/pages"}],"about":[{"href":"https:\/\/activemotion.se\/da\/wp-json\/wp\/v2\/types\/page"}],"author":[{"embeddable":true,"href":"https:\/\/activemotion.se\/da\/wp-json\/wp\/v2\/users\/3"}],"replies":[{"embeddable":true,"href":"https:\/\/activemotion.se\/da\/wp-json\/wp\/v2\/comments?post=2064"}],"version-history":[{"count":26,"href":"https:\/\/activemotion.se\/da\/wp-json\/wp\/v2\/pages\/2064\/revisions"}],"predecessor-version":[{"id":2117,"href":"https:\/\/activemotion.se\/da\/wp-json\/wp\/v2\/pages\/2064\/revisions\/2117"}],"up":[{"embeddable":true,"href":"https:\/\/activemotion.se\/da\/wp-json\/wp\/v2\/pages\/844"}],"wp:featuredmedia":[{"embeddable":true,"href":"https:\/\/activemotion.se\/da\/wp-json\/wp\/v2\/media\/2157"}],"wp:attachment":[{"href":"https:\/\/activemotion.se\/da\/wp-json\/wp\/v2\/media?parent=2064"}],"curies":[{"name":"wp","href":"https:\/\/api.w.org\/{rel}","templated":true}]}}