{"id":2300,"date":"2018-12-08T15:25:41","date_gmt":"2018-12-08T14:25:41","guid":{"rendered":"https:\/\/activemotion.se\/?page_id=2300"},"modified":"2021-01-22T11:38:51","modified_gmt":"2021-01-22T10:38:51","slug":"2300-2","status":"publish","type":"page","link":"https:\/\/activemotion.se\/da\/om-activemotion\/info\/2300-2\/","title":{"rendered":"Prislista Activemotion Operationer"},"content":{"rendered":"<p style=\"text-align: right;\">2019-01-01<\/p>\n<p style=\"text-align: left;\">Nedan angivna priser g\u00e4ller &#8220;Typ-ingrepp&#8221;.<\/p>\n<h3>Axel:<\/h3>\n<ul>\n<li>Axelprotes &#8211; Konstgjord axelled \u00a0 \u00a0 \u00a0\u00a0 fr\u00e5n 110.000 DKK<\/li>\n<li>Bankharts stabiliserande operation: fr\u00e5n 39.000 DKK<\/li>\n<li>Reparation av rotatorcuff:\u00a0\u00a0\u00a0\u00a0\u00a0\u00a0\u00a0\u00a0\u00a0\u00a0\u00a0\u00a0\u00a0\u00a0\u00a0\u00a0\u00a0\u00a0 fr\u00e5n 39.000 DKK<\/li>\n<li>Operation f\u00f6r Impingement:\u00a0\u00a0\u00a0\u00a0\u00a0\u00a0\u00a0\u00a0\u00a0\u00a0\u00a0\u00a0\u00a0\u00a0 fr\u00e5n 35.000 DKK<\/li>\n<\/ul>\n<h3>H\u00f6ft:<\/h3>\n<ul>\n<li>H\u00f6ftprotes &#8211; Konstgjord h\u00f6ftled:\u00a0\u00a0\u00a0\u00a0\u00a0\u00a0 fr\u00e5n 90.000 DKK<\/li>\n<li>Titth\u00e5ls operation h\u00f6ftled:\u00a0\u00a0\u00a0\u00a0\u00a0\u00a0\u00a0\u00a0\u00a0\u00a0\u00a0\u00a0\u00a0\u00a0\u00a0 \u00a0\u00a0 fr\u00e5n 69.000 DKK<\/li>\n<\/ul>\n<h3>Kn\u00e4:<\/h3>\n<ul>\n<li>Kn\u00e4protes &#8211; Konstgjord kn\u00e4led\u00a0\u00a0\u00a0\u00a0\u00a0\u00a0\u00a0\u00a0\u00a0 fr\u00e5n 90.000 DKK<\/li>\n<li>Korsbandsrekonstruktion:\u00a0\u00a0\u00a0\u00a0\u00a0\u00a0\u00a0\u00a0\u00a0\u00a0\u00a0\u00a0\u00a0\u00a0\u00a0 \u00a0\u00a0 fr\u00e5n 49.000 DKK<\/li>\n<li>Titth\u00e5lsoperation Kn\u00e4led:\u00a0\u00a0\u00a0\u00a0\u00a0\u00a0\u00a0\u00a0\u00a0\u00a0\u00a0\u00a0\u00a0\u00a0\u00a0\u00a0 \u00a0\u00a0 fr\u00e5n 35.000 DKK<\/li>\n<\/ul>\n<h5>Implantatkostnader tillkommer.<\/h5>\n","protected":false},"excerpt":{"rendered":"<p>2019-01-01 Nedan angivna priser g\u00e4ller &#8220;Typ-ingrepp&#8221;. Axel: Axelprotes &#8211; Konstgjord axelled \u00a0 \u00a0 \u00a0\u00a0 fr\u00e5n 110.000 DKK Bankharts stabiliserande operation: fr\u00e5n 39.000 DKK Reparation av rotatorcuff:\u00a0\u00a0\u00a0\u00a0\u00a0\u00a0\u00a0\u00a0\u00a0\u00a0\u00a0\u00a0\u00a0\u00a0\u00a0\u00a0\u00a0\u00a0 fr\u00e5n 39.000 DKK Operation f\u00f6r Impingement:\u00a0\u00a0\u00a0\u00a0\u00a0\u00a0\u00a0\u00a0\u00a0\u00a0\u00a0\u00a0\u00a0\u00a0 fr\u00e5n 35.000 DKK H\u00f6ft: H\u00f6ftprotes &#8211; Konstgjord h\u00f6ftled:\u00a0\u00a0\u00a0\u00a0\u00a0\u00a0 fr\u00e5n 90.000 DKK Titth\u00e5ls operation h\u00f6ftled:\u00a0\u00a0\u00a0\u00a0\u00a0\u00a0\u00a0\u00a0\u00a0\u00a0\u00a0\u00a0\u00a0\u00a0\u00a0 \u00a0\u00a0 fr\u00e5n 69.000 DKK Kn\u00e4: Kn\u00e4protes &#8211; Konstgjord kn\u00e4led\u00a0\u00a0\u00a0\u00a0\u00a0\u00a0\u00a0\u00a0\u00a0 [&hellip;]<\/p>\n","protected":false},"author":3,"featured_media":0,"parent":44,"menu_order":5,"comment_status":"closed","ping_status":"closed","template":"","meta":{"footnotes":""},"class_list":["post-2300","page","type-page","status-publish","hentry"],"translation":{"provider":"WPGlobus","version":"3.0.0","language":"da","enabled_languages":["sv","da","en"],"languages":{"sv":{"title":true,"content":true,"excerpt":false},"da":{"title":false,"content":false,"excerpt":false},"en":{"title":false,"content":false,"excerpt":false}}},"acf":[],"wps_subtitle":"Activemotion Priser Operationer","_links":{"self":[{"href":"https:\/\/activemotion.se\/da\/wp-json\/wp\/v2\/pages\/2300","targetHints":{"allow":["GET"]}}],"collection":[{"href":"https:\/\/activemotion.se\/da\/wp-json\/wp\/v2\/pages"}],"about":[{"href":"https:\/\/activemotion.se\/da\/wp-json\/wp\/v2\/types\/page"}],"author":[{"embeddable":true,"href":"https:\/\/activemotion.se\/da\/wp-json\/wp\/v2\/users\/3"}],"replies":[{"embeddable":true,"href":"https:\/\/activemotion.se\/da\/wp-json\/wp\/v2\/comments?post=2300"}],"version-history":[{"count":9,"href":"https:\/\/activemotion.se\/da\/wp-json\/wp\/v2\/pages\/2300\/revisions"}],"predecessor-version":[{"id":2316,"href":"https:\/\/activemotion.se\/da\/wp-json\/wp\/v2\/pages\/2300\/revisions\/2316"}],"up":[{"embeddable":true,"href":"https:\/\/activemotion.se\/da\/wp-json\/wp\/v2\/pages\/44"}],"wp:attachment":[{"href":"https:\/\/activemotion.se\/da\/wp-json\/wp\/v2\/media?parent=2300"}],"curies":[{"name":"wp","href":"https:\/\/api.w.org\/{rel}","templated":true}]}}