{"id":240,"date":"2017-07-12T17:26:36","date_gmt":"2017-07-12T15:26:36","guid":{"rendered":"http:\/\/www.activemotion.dk\/?page_id=240"},"modified":"2017-10-22T19:38:20","modified_gmt":"2017-10-22T17:38:20","slug":"axelluxation","status":"publish","type":"page","link":"https:\/\/activemotion.se\/da\/skulder\/axelluxation\/","title":{"rendered":"Skulderen ude af led"},"content":{"rendered":"<div class=\"panel panel-default faktabox ng-scope\">\n<div class=\"panel-body\">\n<div data-sdk-core-htmlcompile=\"page.PageContentSecondary\">\n<h2 class=\"ng-scope\">Fakta<\/h2>\n<ul class=\"ng-scope\">\n<li>Skulderen kan komme ud af led ved fald. Det er en hyppig skade<\/li>\n<li>Ledskredet skal s\u00e6ttes p\u00e5 plads snarest. Det vil ske p\u00e5 skadestuen eller under indl\u00e6ggelse<\/li>\n<li>Operation kan v\u00e6re n\u00f8dvendig ved gentagne ledskred<\/li>\n<\/ul>\n<\/div>\n<\/div>\n<\/div>\n<div><\/div>\n<div>\n<h2 class=\"ng-scope\">Hvad er en skulderluksation?<\/h2>\n<div>\n<figure><img decoding=\"async\" class=\"img-responsive\" title=\"\" src=\"https:\/\/www.sundhed.dk\/content\/cms\/97\/19997_skulder-skulderled-skelet4369x2567.jpg\" alt=\"Tegning af skulderleddets knogler\" \/><figcaption class=\"figCaption ng-binding ng-scope\"><\/figcaption><\/figure>\n<\/div>\n<p class=\"ng-scope\">Luksation af skulderleddet betyder, at skulderen er &#8220;ude af led&#8221;.<\/p>\n<p class=\"ng-scope\">Skulderleddet dannes i kontakten mellem skulderbladet og overarmsknoglen. Skulderbladet er ledsk\u00e5len, og den beskytter godt mod forskydninger af ledhovedet opad og bagud. Forover derimod er det f\u00f8rst og fremmest musklerne, som forhindrer, at ledhovedet forskydes. Ved voldsomme skader er ledbeskyttelsen utilstr\u00e6kkelig.<\/p>\n<p class=\"ng-scope\">Forreste luksation er, n\u00e5r hovedet af overarmsknoglen ligger foran ledhulen p\u00e5 skulderbladet. Ledhovedet kan forskydes ud af ledsk\u00e5len i flere forskellige retninger. Men den forreste luksation er den hyppigste form for skulderluksation. Tilstanden skyldes oftest en skade (st\u00f8d, slag, fald, voldsom bev\u00e6gelse), som efterf\u00f8lges af st\u00e6rke smerter i skulderen. Den skadede har problemer med at bev\u00e6ge skulderen.<\/p>\n<p class=\"ng-scope\">90-95% af skulderluksationerne er forreste luksationer. Det vil sige, at ledhovedet glider op p\u00e5 forsiden af skulderleddet.<\/p>\n<h2 class=\"ng-scope\">Hvad er \u00e5rsagen til luksation i skulderen?<\/h2>\n<p class=\"ng-scope\">Luksation skyldes nedsat stabilitet i skulderen. Skader udl\u00f8ser ofte luksationerne. Forreste luksation kan f.eks opst\u00e5 ved et slag mod armen mod en h\u00e5ndboldspiller, som er i f\u00e6rd med at kaste bolden. Tidligere luksationer er en risikofaktor. Har man haft skulderen ude af led \u00e9n gang, er risikoen for nye luksationer markant \u00f8get.<\/p>\n<h2 class=\"ng-scope\">Hvad er symptomerne p\u00e5 en skulder ud af led?<\/h2>\n<p class=\"ng-scope\">Smerter i skulderleddet, nedsat bev\u00e6gelighed og armen bev\u00e6ges ikke. Man kan have f\u00f8leforstyrrelser i armen pga. af nerveskade.<\/p>\n<h2 class=\"ng-scope\">Hvordan stilles diagnosen?<\/h2>\n<p class=\"ng-scope\">Pludselig opst\u00e5et smerte og tab af bev\u00e6gelighed efter en skade er den typiske sygehistorie. Ved skulderunders\u00f8gelsen hos l\u00e6gen vil der ved den forreste luksation v\u00e6re et indhug i skulderbuen (den normale skulderkontur er \u00e6ndret), og hovedet til overarmsknoglen kan m\u00e6rkes fortil i armhulen.<\/p>\n<p class=\"ng-scope\">L\u00e6gen vil ogs\u00e5 kontrollere nerver og blodkar i armen for at udelukke skade p\u00e5 disse strukturer. R\u00f8ntgen af skulderen er n\u00f8dvendigt. Man tager ofte billeder f\u00f8r og efter behandling.<\/p>\n<h2 class=\"ng-scope\">Hvordan behandles luksation i skulderen?<\/h2>\n<p class=\"ng-scope\">M\u00e5let med behandlingen er at bringe skulderen tilbage i leddet (reposition) og undg\u00e5 komplikationer. Ved akut luksation skal man have smertestillende og beroligende midler f\u00f8r repositionen.<\/p>\n<h3 id=\"0000\" class=\"ng-scope\">Reposition<\/h3>\n<p class=\"ng-scope\">Der findes forskellige metoder til dette form\u00e5l. Ved den h\u00e6ngende arms metode ligger den skadede person p\u00e5 maven p\u00e5 en b\u00e6nk, mens armen h\u00e6nger ned. L\u00e6gen tr\u00e6kker s\u00e5 i armen. N\u00e5r skulderen er tilbage i leddet, skal armen holdes rolig i\u00a01-2 uger. Efterbehandling best\u00e5r i optr\u00e6ning af armen og skulderen for at \u00f8ge stabiliteten og bevare funktionen og balanceevnen.<\/p>\n<h3 id=\"0001\" class=\"ng-scope\">Operation<\/h3>\n<p class=\"ng-scope\">Yngre mennesker, der har haft en luksation af skulderen, vil i over 50 % af tilf\u00e6ldene f\u00e5 tilbagefald. Hvis man gentagne gange har haft skulderen ude af led,\u00a0vil man blive tilbudt en operation for at bedre stabiliteten i skulderen.<\/p>\n<h2 class=\"ng-scope\">Hvad er langtidsudsigterne?<\/h2>\n<p class=\"ng-scope\">Yngre mennesker har stor tendens til nye luksationer. Personer over 40 \u00e5r f\u00e5r n\u00e6sten aldrig tilbagefald.<\/p>\n<p class=\"ng-scope\">Komplikationer til ledskred af skulderled kan v\u00e6re yderligere nedsat stabilitet i skulderen, karskade og nerveskade. Nerveskade kan ses hos 10 % af de, der har haft en luksation af skulderen. I de fleste tilf\u00e6lde vil skulderen dog fungere normalt igen i l\u00f8bet af 3-6 m\u00e5neder.<\/p>\n<h2 class=\"ng-scope\">Hvordan undg\u00e5r jeg en forv\u00e6rring n\u00e5r skulderen er ude af led?<\/h2>\n<p class=\"ng-scope\">Normalt er der ikke v\u00e6sentlige restriktioner efter behandlingen. Hvis man fornemmer, at skulderleddet er ustabilt, skal man undg\u00e5 at udadrotere overarmen og undlade at l\u00f8fte armen h\u00f8jt. Sovestillingen vil ogs\u00e5 \u00e6ndres, og armen vil ikke v\u00e6re l\u00f8ftet og ligge over hovedet.<\/p>\n<p class=\"ng-scope\">Hvis skulderen fortsat er instabil, kan Activemotion hj\u00e4lpe dig med en operation.<\/p>\n<h6><a href=\"https:\/\/www.sundhed.dk\/borger\/patienthaandbogen\/knogler-muskler-og-led\/sygdomme\/skulder-og-overarm\/skulderen-ude-af-led-skulderluksation\/\" target=\"_blank\" rel=\"noopener\">Tak til Torben B\u00e6k Hansen, prof., ph.d., overl\u00e6ge, Ortop\u00e6dkirurgisk afdeling, Hospitalsenheden Vest, Holstebro . sundhed.dk<\/a><\/h6>\n<\/div>\n","protected":false},"excerpt":{"rendered":"<p>Fakta Skulderen kan komme ud af led ved fald. Det er en hyppig skade Ledskredet skal s\u00e6ttes p\u00e5 plads snarest. Det vil ske p\u00e5 skadestuen eller under indl\u00e6ggelse Operation kan v\u00e6re n\u00f8dvendig ved gentagne ledskred Hvad er en skulderluksation? Luksation af skulderleddet betyder, at skulderen er &#8220;ude af led&#8221;. Skulderleddet dannes i kontakten mellem skulderbladet [&hellip;]<\/p>\n","protected":false},"author":3,"featured_media":0,"parent":18,"menu_order":2,"comment_status":"closed","ping_status":"closed","template":"","meta":{"footnotes":""},"class_list":["post-240","page","type-page","status-publish","hentry"],"translation":{"provider":"WPGlobus","version":"3.0.0","language":"da","enabled_languages":["sv","da","en"],"languages":{"sv":{"title":true,"content":true,"excerpt":false},"da":{"title":true,"content":true,"excerpt":false},"en":{"title":false,"content":false,"excerpt":false}}},"acf":[],"wps_subtitle":"","_links":{"self":[{"href":"https:\/\/activemotion.se\/da\/wp-json\/wp\/v2\/pages\/240","targetHints":{"allow":["GET"]}}],"collection":[{"href":"https:\/\/activemotion.se\/da\/wp-json\/wp\/v2\/pages"}],"about":[{"href":"https:\/\/activemotion.se\/da\/wp-json\/wp\/v2\/types\/page"}],"author":[{"embeddable":true,"href":"https:\/\/activemotion.se\/da\/wp-json\/wp\/v2\/users\/3"}],"replies":[{"embeddable":true,"href":"https:\/\/activemotion.se\/da\/wp-json\/wp\/v2\/comments?post=240"}],"version-history":[{"count":9,"href":"https:\/\/activemotion.se\/da\/wp-json\/wp\/v2\/pages\/240\/revisions"}],"predecessor-version":[{"id":2024,"href":"https:\/\/activemotion.se\/da\/wp-json\/wp\/v2\/pages\/240\/revisions\/2024"}],"up":[{"embeddable":true,"href":"https:\/\/activemotion.se\/da\/wp-json\/wp\/v2\/pages\/18"}],"wp:attachment":[{"href":"https:\/\/activemotion.se\/da\/wp-json\/wp\/v2\/media?parent=240"}],"curies":[{"name":"wp","href":"https:\/\/api.w.org\/{rel}","templated":true}]}}