{"id":245,"date":"2017-07-12T17:27:18","date_gmt":"2017-07-12T15:27:18","guid":{"rendered":"http:\/\/www.activemotion.dk\/?page_id=245"},"modified":"2017-10-09T20:17:57","modified_gmt":"2017-10-09T18:17:57","slug":"axelluxation-operation","status":"publish","type":"page","link":"https:\/\/activemotion.se\/da\/skulder\/axelluxation-operation\/","title":{"rendered":"Axelluxation Operation"},"content":{"rendered":"<h3>Bra att veta om operation f\u00f6r\u00a0Fr\u00e4mre axelluxation<\/h3>\n<h6>Senast uppdaterad\u00a07 juli 2017<\/h6>\n<p><strong>Orsak<\/strong><br \/>\nFall, oftast mot utstr\u00e4ckt hand\/arm.<\/p>\n<p><strong>Behandling<\/strong><br \/>\nDu har haft axeln ur led, en axelluxation. Detta behandlas alltid akut med att dra luxationen r\u00e4tt, ofta f\u00f6ljt av sjukgymnastik.<\/p>\n<p><strong>F\u00f6rv\u00e4ntat resultat<\/strong><br \/>\nM\u00e5nga blir bra efter en axelluxation. Ibland blir tyv\u00e4rr axeln\u00a0\u00e4nd\u00e5 ostadig och den risken \u00e4r stor om man \u00e4r under 20 \u00e5r n\u00e4r luxationen intr\u00e4ffar. Risken sjunker mycket snabbt med\u00a0stigande \u00e5lder. Har man haft axeln ur led \u00e4r risken f\u00f6r artros i\u00a0framtiden \u00f6kad. Detta beror p\u00e5 broskskadorna f\u00f6rsta g\u00e5ngen\u00a0axeln luxerar och p\u00e5verkas inte av en eventuell operation.<\/p>\n<p><strong>Operation<\/strong><br \/>\nOm axeln forts\u00e4tter att hoppa ur led eller k\u00e4nns ostadig b\u00f6r\u00a0man \u00f6verv\u00e4ga en operation. Det finns flera olika operationer\u00a0f\u00f6r att g\u00f6ra axeln stadig p\u00e5 nytt. Vi v\u00e4ljer den som\u00a0passar dig och din axelskada b\u00e4st. Alla dessa operationer\u00a0har olika f\u00f6r- och nackdelar. Bankartoperation- vi syr tillbaka\u00a0de ledband som slitits loss i axeln p\u00e5 sin plats. Kan\u00a0oftast g\u00f6ras med titth\u00e5lsteknik. Kapselplastik- utt\u00e4njda\u00a0eller medf\u00f6tt l\u00e5nga ledband stramas \u00e5t. G\u00f6rs oftast \u00f6ppet,\u00a0men ibland med titth\u00e5lsteknik. Latarjet- vi flyttar en benbit\u00a0(korpn\u00e4bbsutskottet) n\u00e5gra centimeter och skruvar fast den\u00a0p\u00e5 framsidan av ledytan p\u00e5 skulderbladet. Anv\u00e4nds om ben\u00a0saknas p\u00e5 framsidan av ledytan p\u00e5 skulderbladet och det g\u00f6r\u00a0vi med en \u00f6ppen operation.<\/p>\n<p><strong>F\u00f6rv\u00e4ntat resultat<\/strong><br \/>\nDe flesta blir bra efter en operation mot axelluxation. Vid\u00a0en Bankartoperation eller Latarjet blir upp till 95% stabila.\u00a0Om en kapselplastik beh\u00f6vs \u00e4r resultaten tyv\u00e4rr s\u00e4mre med\u00a0ca 70% stabila. En operation kan leda till minskad r\u00f6rlighet\u00a0framf\u00f6r allt i ut\u00e5trotation, n\u00e5got som de flesta inte har n\u00e5gra\u00a0besv\u00e4r av.<\/p>\n<p><strong>Rehabilitering<\/strong><br \/>\nBeror p\u00e5 vilken metod som anv\u00e4nds men du ska vara beredd\u00a0p\u00e5 att ha armen i band i 6 veckor samt att avst\u00e5 fr\u00e5n kontaktidrott\u00a0under 6 m\u00e5nader. Du kan redan fr\u00e5n b\u00f6rjan under\u00a0kontrollerade former anv\u00e4nda handen framf\u00f6r kroppen, ex\u00a0f\u00f6r att skriva.<\/p>\n<p><strong>Sjukskrivning<\/strong><br \/>\nBeror p\u00e5 ditt arbete. Kontorsarbete klarar man n\u00e4r sm\u00e4rtan\u00a0till\u00e5ter, oftast inom 2 veckor. \u00c4r du byggnadsarbetare kr\u00e4vs\u00a0ofta 4 m\u00e5naders sjukskrivning.<\/p>\n","protected":false},"excerpt":{"rendered":"<p>Bra att veta om operation f\u00f6r\u00a0Fr\u00e4mre axelluxation Senast uppdaterad\u00a07 juli 2017 Orsak Fall, oftast mot utstr\u00e4ckt hand\/arm. Behandling Du har haft axeln ur led, en axelluxation. Detta behandlas alltid akut med att dra luxationen r\u00e4tt, ofta f\u00f6ljt av sjukgymnastik. F\u00f6rv\u00e4ntat resultat M\u00e5nga blir bra efter en axelluxation. Ibland blir tyv\u00e4rr axeln\u00a0\u00e4nd\u00e5 ostadig och den risken [&hellip;]<\/p>\n","protected":false},"author":3,"featured_media":0,"parent":18,"menu_order":3,"comment_status":"closed","ping_status":"closed","template":"","meta":{"footnotes":""},"class_list":["post-245","page","type-page","status-publish","hentry"],"translation":{"provider":"WPGlobus","version":"3.0.0","language":"da","enabled_languages":["sv","da","en"],"languages":{"sv":{"title":true,"content":true,"excerpt":false},"da":{"title":false,"content":false,"excerpt":false},"en":{"title":false,"content":false,"excerpt":false}}},"acf":[],"wps_subtitle":"","_links":{"self":[{"href":"https:\/\/activemotion.se\/da\/wp-json\/wp\/v2\/pages\/245","targetHints":{"allow":["GET"]}}],"collection":[{"href":"https:\/\/activemotion.se\/da\/wp-json\/wp\/v2\/pages"}],"about":[{"href":"https:\/\/activemotion.se\/da\/wp-json\/wp\/v2\/types\/page"}],"author":[{"embeddable":true,"href":"https:\/\/activemotion.se\/da\/wp-json\/wp\/v2\/users\/3"}],"replies":[{"embeddable":true,"href":"https:\/\/activemotion.se\/da\/wp-json\/wp\/v2\/comments?post=245"}],"version-history":[{"count":4,"href":"https:\/\/activemotion.se\/da\/wp-json\/wp\/v2\/pages\/245\/revisions"}],"predecessor-version":[{"id":2025,"href":"https:\/\/activemotion.se\/da\/wp-json\/wp\/v2\/pages\/245\/revisions\/2025"}],"up":[{"embeddable":true,"href":"https:\/\/activemotion.se\/da\/wp-json\/wp\/v2\/pages\/18"}],"wp:attachment":[{"href":"https:\/\/activemotion.se\/da\/wp-json\/wp\/v2\/media?parent=245"}],"curies":[{"name":"wp","href":"https:\/\/api.w.org\/{rel}","templated":true}]}}