{"id":32,"date":"2017-02-02T16:55:57","date_gmt":"2017-02-02T15:55:57","guid":{"rendered":"http:\/\/www.activemotion.dk\/?page_id=32"},"modified":"2026-03-13T10:39:11","modified_gmt":"2026-03-13T09:39:11","slug":"om-activemotion","status":"publish","type":"page","link":"https:\/\/activemotion.se\/da\/om-activemotion\/","title":{"rendered":"Om Activemotion Ortopedisk Kirurgi"},"content":{"rendered":"<h3>Activemotion har grundats &#8211; och drivs av <a href=\"https:\/\/activemotion.se\/om-activemotion\/ole-steen-jorgensen\/\">Ole Steen J\u00f6rgensen<\/a>.<\/h3>\n<p><span class=\"fontstyle0\">ACTIVEMOTION har siden 2014 besk\u00e6ftiget sig med at hj\u00e6lpe svenske patienter med ortop\u00e6dkirurgiske lidelser til behandling i Danmark gennem anvendelse af patientdirektiv EU 2011\/24\/EU om behandling udenfor landets gr\u00e6nser.<br \/>\nImplementering af patientdirektivet gennem administrativ st\u00f8tte og finansiering af patienterne efter deres valg om at benytte patientdirektivet er en central del af ACTIVEMOTION.<br \/>\nDe privathospitaler vi samarbejder med deler vores grundl\u00e6ggende v\u00e6rdier omkring at sikre patienter en hurtig og tryg behandling p\u00e5 et h\u00f8jt kvalitetsniveau ved at s\u00e6tte patienten i centrum for sin egen behandling og gennem kontinuitet i patientens forl\u00f8b at opn\u00e5 et h\u00f8jt informationsniveau og en h\u00f8j grad af tryghed og forenkling i processen.<\/span><\/p>\n<p>Hos Activemotion er du sikret, at din sygdom behandles af de specialister, der bedst kan sikre dig et godt resultat.<\/p>\n<p>&nbsp;<\/p>\n<p><span class=\"fontstyle0\">\u00a0<\/span><\/p>\n<hr \/>\n<p><a class=\"anchor-space\" name=\"klinik_1\"><\/a><\/p>\n<p><strong>Ortoped S\u00f6dra Halland, Activemotions Specialist-mottagning, St.Strandv\u00e4gen 6, 312 72 Skummesl\u00f6vsStrand, Tel: +46 770 79 18 16<\/strong><\/p>\n<p><iframe style=\"border: 0px currentColor;\" src=\"https:\/\/www.google.com\/maps\/embed?pb=!1m18!1m12!1m3!1d2204.4017109316073!2d12.917064416133492!3d56.460840244627796!2m3!1f0!2f0!3f0!3m2!1i1024!2i768!4f13.1!3m3!1m2!1s0x46519ce55cda1fd9%3A0x7c744e8e0fe666!2sActivemotion+Ortopedisk+Kirurgi!5e0!3m2!1sen!2sse!4v1508687726312\" width=\"850\" height=\"425\" frameborder=\"0\" allowfullscreen=\"allowfullscreen\" data-mce-fragment=\"1\"><\/iframe><\/p>\n<p>&nbsp;<\/p>\n<hr \/>\n<p><a class=\"anchor-space\" name=\"klinik_6\"><\/a><\/p>\n<p><strong>Ortoped i Malm\u00f6, Curaklinikens Specialist mottagning, Erikslustv\u00e4gen 22, 217 73 Malm\u00f6, Tel: +46 770 79 18 16:<br \/>\nNovember 2026 flytter Activemotion til nye lokaler i Excellencen 5. Malm\u00f6s nye centrum for privat v\u00e5rd.<\/strong><\/p>\n<p><iframe src=\"https:\/\/www.google.com\/maps\/embed?pb=!1m18!1m12!1m3!1d2681.0655282264615!2d12.963540424186311!3d55.5933392756774!2m3!1f0!2f0!3f0!3m2!1i1024!2i768!4f13.1!3m3!1m2!1s0x4653a6baaae4a7c3%3A0x8fd1a8ebd0591eed!2sCurakliniken%20AB!5e0!3m2!1sda!2sdk!4v1573486152427!5m2!1sda!2sdk\" width=\"850\" height=\"425\" frameborder=\"0\" allowfullscreen=\"allowfullscreen\"><\/iframe><\/p>\n","protected":false},"excerpt":{"rendered":"<p>Activemotion har grundats &#8211; och drivs av Ole Steen J\u00f6rgensen. ACTIVEMOTION har siden 2014 besk\u00e6ftiget sig med at hj\u00e6lpe svenske patienter med ortop\u00e6dkirurgiske lidelser til behandling i Danmark gennem anvendelse af patientdirektiv EU 2011\/24\/EU om behandling udenfor landets gr\u00e6nser. Implementering af patientdirektivet gennem administrativ st\u00f8tte og finansiering af patienterne efter deres valg om at benytte [&hellip;]<\/p>\n","protected":false},"author":1,"featured_media":0,"parent":0,"menu_order":3,"comment_status":"closed","ping_status":"closed","template":"","meta":{"footnotes":""},"class_list":["post-32","page","type-page","status-publish","hentry"],"translation":{"provider":"WPGlobus","version":"3.0.0","language":"da","enabled_languages":["sv","da","en"],"languages":{"sv":{"title":true,"content":true,"excerpt":false},"da":{"title":true,"content":true,"excerpt":false},"en":{"title":true,"content":true,"excerpt":false}}},"acf":[],"wps_subtitle":"","_links":{"self":[{"href":"https:\/\/activemotion.se\/da\/wp-json\/wp\/v2\/pages\/32","targetHints":{"allow":["GET"]}}],"collection":[{"href":"https:\/\/activemotion.se\/da\/wp-json\/wp\/v2\/pages"}],"about":[{"href":"https:\/\/activemotion.se\/da\/wp-json\/wp\/v2\/types\/page"}],"author":[{"embeddable":true,"href":"https:\/\/activemotion.se\/da\/wp-json\/wp\/v2\/users\/1"}],"replies":[{"embeddable":true,"href":"https:\/\/activemotion.se\/da\/wp-json\/wp\/v2\/comments?post=32"}],"version-history":[{"count":92,"href":"https:\/\/activemotion.se\/da\/wp-json\/wp\/v2\/pages\/32\/revisions"}],"predecessor-version":[{"id":2785,"href":"https:\/\/activemotion.se\/da\/wp-json\/wp\/v2\/pages\/32\/revisions\/2785"}],"wp:attachment":[{"href":"https:\/\/activemotion.se\/da\/wp-json\/wp\/v2\/media?parent=32"}],"curies":[{"name":"wp","href":"https:\/\/api.w.org\/{rel}","templated":true}]}}