{"id":35,"date":"2017-02-02T16:56:18","date_gmt":"2017-02-02T15:56:18","guid":{"rendered":"http:\/\/www.activemotion.dk\/?page_id=35"},"modified":"2026-03-12T20:04:19","modified_gmt":"2026-03-12T19:04:19","slug":"om-oss","status":"publish","type":"page","link":"https:\/\/activemotion.se\/da\/om-activemotion\/om-oss\/","title":{"rendered":"Vi vil"},"content":{"rendered":"<p>Activemotion vil tilbyde ortop\u00e6disk kirurgi til svenskere i frem for alt den sydlige del av Sverige. Danske patienter er velkomne som selvbetalere. G\u00f8re det enkelt att f\u00e5 en vurdering af bev\u00e6geapparatets problemer G\u00f8re det enkelt at blive unders\u00f8gt af Ortoped G\u00f8re det enkelt for Familjel\u00e4karen at henvise til Ortoped G\u00f8re det enkelt at tilbyde den behandling patienten beh\u00f8ver &#8211; n\u00e5r den beh\u00f8ves \u00a0<\/p>\n<p style=\"text-align: center;\"><strong>Vi tager vores motto alvorligt:<\/strong><\/p>\n<h1 style=\"text-align: center;\"><strong>Kompetense\u00a0\u00a0 &#8211;\u00a0 \u00a0Kontinuitet\u00a0 \u00a0&#8211;\u00a0 \u00a0Tilg\u00e6nglighed<\/strong><\/h1>\n","protected":false},"excerpt":{"rendered":"<p>Activemotion vil tilbyde ortop\u00e6disk kirurgi til svenskere i frem for alt den sydlige del av Sverige. Danske patienter er velkomne som selvbetalere. G\u00f8re det enkelt att f\u00e5 en vurdering af bev\u00e6geapparatets problemer G\u00f8re det enkelt at blive unders\u00f8gt af Ortoped G\u00f8re det enkelt for Familjel\u00e4karen at henvise til Ortoped G\u00f8re det enkelt at tilbyde den [&hellip;]<\/p>\n","protected":false},"author":1,"featured_media":0,"parent":32,"menu_order":2,"comment_status":"closed","ping_status":"closed","template":"","meta":{"footnotes":""},"class_list":["post-35","page","type-page","status-publish","hentry"],"translation":{"provider":"WPGlobus","version":"3.0.0","language":"da","enabled_languages":["sv","da","en"],"languages":{"sv":{"title":true,"content":true,"excerpt":false},"da":{"title":true,"content":true,"excerpt":false},"en":{"title":false,"content":false,"excerpt":false}}},"acf":[],"wps_subtitle":"","_links":{"self":[{"href":"https:\/\/activemotion.se\/da\/wp-json\/wp\/v2\/pages\/35","targetHints":{"allow":["GET"]}}],"collection":[{"href":"https:\/\/activemotion.se\/da\/wp-json\/wp\/v2\/pages"}],"about":[{"href":"https:\/\/activemotion.se\/da\/wp-json\/wp\/v2\/types\/page"}],"author":[{"embeddable":true,"href":"https:\/\/activemotion.se\/da\/wp-json\/wp\/v2\/users\/1"}],"replies":[{"embeddable":true,"href":"https:\/\/activemotion.se\/da\/wp-json\/wp\/v2\/comments?post=35"}],"version-history":[{"count":22,"href":"https:\/\/activemotion.se\/da\/wp-json\/wp\/v2\/pages\/35\/revisions"}],"predecessor-version":[{"id":2742,"href":"https:\/\/activemotion.se\/da\/wp-json\/wp\/v2\/pages\/35\/revisions\/2742"}],"up":[{"embeddable":true,"href":"https:\/\/activemotion.se\/da\/wp-json\/wp\/v2\/pages\/32"}],"wp:attachment":[{"href":"https:\/\/activemotion.se\/da\/wp-json\/wp\/v2\/media?parent=35"}],"curies":[{"name":"wp","href":"https:\/\/api.w.org\/{rel}","templated":true}]}}