{"id":40,"date":"2017-02-02T16:58:37","date_gmt":"2017-02-02T15:58:37","guid":{"rendered":"http:\/\/www.activemotion.dk\/?page_id=40"},"modified":"2026-03-13T10:55:48","modified_gmt":"2026-03-13T09:55:48","slug":"booking","status":"publish","type":"page","link":"https:\/\/activemotion.se\/da\/booking\/","title":{"rendered":"Reserver tid til din ortop\u00e6dkirurgiske unders\u00f8gelse"},"content":{"rendered":"<p><img decoding=\"async\" class=\" wp-image-2323 alignright\" src=\"https:\/\/activemotion.se\/wp-content\/uploads\/BokaTidbw.png\" alt=\"QR Tidsbookning\" width=\"150\" height=\"150\" srcset=\"https:\/\/activemotion.se\/wp-content\/uploads\/BokaTidbw.png 300w, https:\/\/activemotion.se\/wp-content\/uploads\/BokaTidbw-150x150.png 150w\" sizes=\"(max-width: 150px) 100vw, 150px\" \/>Her kan du nemt booke tid til din ortop\u00e6dkirurgiske unders\u00f8gelse.<br \/>Tid for operation, booker du sammen med din ortop\u00e6dkirurg.<\/p>\r\n<p><strong>Hvis du er bosat i Sverige: <\/strong><\/p>\r\n<ul>\r\n<li>Halmstad: I samarbejde med Tudorkliniken. Activemotions ambulatorium har til huse i samme lokaler som &#8220;Specialistmottagningen&#8221; p\u00e5 Brogatan 6.\u00a0\u00a0\u00a0\u00a0 F\u00f8rste og tredje tirsdag i m\u00e5neden.<\/li>\r\n<li>Skummesl\u00f6vsStrand, Stora Strandv\u00e4gen 6.\u00a0 Anden og fjerde tirsdag i m\u00e5neden.<\/li>\r\n<li>Malm\u00f6: Curaklinikens Specialistmottagning. Erikslustv\u00e4gen 24, 217 73 Malm\u00f6. Mandage og onsdage.<\/li>\r\n<\/ul>\r\n<p>For unders\u00f8gelser, der g\u00f8res i samarbeje med Landstingsansluten Prim\u00e4rV\u00e5rdcentral, g\u00e6lder almindelig prim\u00e4rtakst samt frikort.<br \/>Skulle det blive aktuelt med operation i Danmark, Schweiz eller Portugal , betales denne af F\u00f6rs\u00e4kringskassan. Du st\u00e5r selv for rejseudgifterne.<\/p>\r\n<p><strong>Hvis du bor i Danmark<\/strong><br \/>Hvis du er bosat i Danmark, er du selvf\u00f8lgelig ogs\u00e5 velkommen til at booke tid som selvbetaler, her vil du blive set i vores ambulatorium Hellerup. Du er ikke d\u00e6kket af sygesikringen.<\/p>\r\n<h1 style=\"text-align: center;\">&#8212;&#8211;#&#8212;&#8211;<\/h1>\r\n<p style=\"text-align: center;\"><strong>V\u00e6lg sted for din unders\u00f8gelse.<\/strong><\/p>\r\n<hr \/>\r\n<p><strong>Svanem\u00f8llevej 77, 2900 Hellerup, Danmark:<\/strong><\/p>\r\n<p><iframe style=\"border: 0;\" src=\"https:\/\/www.google.com\/maps\/embed?pb=!1m14!1m8!1m3!1d35947.10754637007!2d12.573783999999998!3d55.72906599999999!3m2!1i1024!2i768!4f13.1!3m3!1m2!1s0x4652527d02d93c25%3A0x33214a938fd7b74a!2sACTIVEMOTION+Ortop%C3%A6disk+Kirurgi!5e0!3m2!1ssv!2sse!4v1415536335916\" width=\"850\" height=\"425\" frameborder=\"0\"><\/iframe><\/p>\r\n\r\n<p>&nbsp;<\/p>\r\n\r\n<p><a href=\"https:\/\/activemotion.se\/booking\/\" target=\"_blank\" rel=\"noopener\">For at se Activemotions ambulatorier i Sverige, Klik p\u00e5 dette link.<\/a><\/p>","protected":false},"excerpt":{"rendered":"<p>Her kan du nemt booke tid til din ortop\u00e6dkirurgiske unders\u00f8gelse.Tid for operation, booker du sammen med din ortop\u00e6dkirurg. Hvis du er bosat i Sverige: Halmstad: I samarbejde med Tudorkliniken. Activemotions ambulatorium har til huse i samme lokaler som &#8220;Specialistmottagningen&#8221; p\u00e5 Brogatan 6.\u00a0\u00a0\u00a0\u00a0 F\u00f8rste og tredje tirsdag i m\u00e5neden. Skummesl\u00f6vsStrand, Stora Strandv\u00e4gen 6.\u00a0 Anden og fjerde [&hellip;]<\/p>\n","protected":false},"author":1,"featured_media":0,"parent":0,"menu_order":8,"comment_status":"closed","ping_status":"closed","template":"","meta":{"footnotes":""},"class_list":["post-40","page","type-page","status-publish","hentry"],"translation":{"provider":"WPGlobus","version":"3.0.0","language":"da","enabled_languages":["sv","da","en"],"languages":{"sv":{"title":true,"content":true,"excerpt":false},"da":{"title":true,"content":true,"excerpt":false},"en":{"title":false,"content":true,"excerpt":false}}},"acf":[],"wps_subtitle":"Booking","_links":{"self":[{"href":"https:\/\/activemotion.se\/da\/wp-json\/wp\/v2\/pages\/40","targetHints":{"allow":["GET"]}}],"collection":[{"href":"https:\/\/activemotion.se\/da\/wp-json\/wp\/v2\/pages"}],"about":[{"href":"https:\/\/activemotion.se\/da\/wp-json\/wp\/v2\/types\/page"}],"author":[{"embeddable":true,"href":"https:\/\/activemotion.se\/da\/wp-json\/wp\/v2\/users\/1"}],"replies":[{"embeddable":true,"href":"https:\/\/activemotion.se\/da\/wp-json\/wp\/v2\/comments?post=40"}],"version-history":[{"count":65,"href":"https:\/\/activemotion.se\/da\/wp-json\/wp\/v2\/pages\/40\/revisions"}],"predecessor-version":[{"id":1920,"href":"https:\/\/activemotion.se\/da\/wp-json\/wp\/v2\/pages\/40\/revisions\/1920"}],"wp:attachment":[{"href":"https:\/\/activemotion.se\/da\/wp-json\/wp\/v2\/media?parent=40"}],"curies":[{"name":"wp","href":"https:\/\/api.w.org\/{rel}","templated":true}]}}