{"id":44,"date":"2017-02-02T17:00:07","date_gmt":"2017-02-02T16:00:07","guid":{"rendered":"http:\/\/www.activemotion.dk\/?page_id=44"},"modified":"2026-03-12T11:13:42","modified_gmt":"2026-03-12T10:13:42","slug":"info","status":"publish","type":"page","link":"https:\/\/activemotion.se\/da\/om-activemotion\/info\/","title":{"rendered":"Praktisk Information"},"content":{"rendered":"<h2>Pre operativ information og formularer<\/h2>\n<p>P\u00e5 Activemotions klinik vurderes og behandles ortop\u00e6diske sygdomme og skader i f.f.a. skulder, hofte, kn\u00e6 og ryg; men ogs\u00e5 visse h\u00e5nd -og fodsygdomme behandles.<\/p>\n<p>Vi tager imod patienter fra hele Sverige. Vores Ortop\u00e6d specialister unders\u00f8ger og behandler prim\u00e6rt sygdomme og skader i skulder- hofte- og kn\u00e6led.<br \/>\nForunders\u00f8gelse og viderehenvisning til Ryg\/Neurokirurg for behandlings-kr\u00e6vende rygsygdomme. Koncentrerede udrednings- og behandlingsforl\u00f8b kan oftest tilbydes.<br \/>\nUdredning af visse h\u00e5nd- og fodkirurgiske problemer g\u00f8res ogs\u00e5.<\/p>\n<p>N\u00e5r konservativ behandling ikke giver \u00f8nsket resultat kan operation overvejes og tilbydes.<\/p>\n<p>\u25cf\u00a0 Helbredsdeklaration: <a href=\"https:\/\/activemotion.se\/wp-content\/uploads\/ActivemotionHelbredsskemaWeb.pdf\" target=\"_blank\" rel=\"noopener noreferrer\">Helbredsdeklaration og Medicin Skema<\/a><br \/>\n\u25cf \u00a0Patientinformation: <a href=\"http:\/\/www.activemotion.dk\/om-activemotion\/info\/preopinfo\/\">N\u00e5r Narkosel\u00e6gen har godkendt dig til operation<\/a><br \/>\n\u25cf Rutiner for medicinering efter operation: <a href=\"http:\/\/www.activemotion.dk\/om-activemotion\/info\/medicinering\/\">Medicinering<\/a><br \/>\n\u25cf Rutiner for Rehabilitering efter operation: <a href=\"https:\/\/activemotion.se\/rehabilitering\/\" target=\"_blank\" rel=\"noopener noreferrer\">Rehabilitering<\/a><br \/>\n\u25cf Hotel aftale \/ P\u00e5r\u00f8rende\u00a0 \/ Inden Operation <a href=\"https:\/\/activemotion.se\/hotell-avtal\/\">Hotel<\/a><br \/>\n\u25cf Activemotion <a href=\"https:\/\/activemotion.se\/prislista\/\" target=\"_blank\" rel=\"noopener\">Prisliste<\/a><br \/>\n\u25cf Betale med <a href=\"https:\/\/activemotion.se\/wp-content\/uploads\/Swish_Activemotion.pdf\" target=\"_blank\" rel=\"noopener\">Swish<\/a><\/p>\n<p>Sikker Mail: Person-f\u00f8lsom information b\u00f8r sendes med en sikker E-mail l\u00f8sning eller med almindelig post.<br \/>\nDu kan sende dine dokumenter til Activemotion ved at benytte dette link: <a href=\"https:\/\/activemotion.signflow.dk\/webapp\/securemailbox\/new?organization=activemotion.eu\" target=\"_blank\" rel=\"noopener noreferrer\">securemail@activemotion.eu<\/a><\/p>\n<h2>Telefon <span class=\"tlid-translation translation\" lang=\"sv\"><span class=\"\" title=\"\">tider<\/span><\/span><\/h2>\n<h3>32 18 66 60<\/h3>\n<p>Mandag- tordag: <strong>10:00-16:00<\/strong><\/p>\n<p>Fredag, l\u00f8rdag og s\u00f8ndag: <strong>Lukket<\/strong><\/p>\n<h2><span class=\"tlid-translation translation\" lang=\"sv\"><span class=\"\" title=\"\">Info om helligdage<\/span><\/span><\/h2>\n<p><span class=\"tlid-translation translation\" lang=\"sv\"><span class=\"\" title=\"\">Vi holder <strong>sommerferie fra 10\/7-2026 til 10\/8-2026<\/strong> samt\u00a0 ferielukket under <strong>jul og nyt\u00e5r fra 18\/12-2026 til og med 3\/1-2027.<\/strong><br \/>\nE-mail, telefon og post besvares derfor ikke under denne periode.<\/span><\/span><\/p>\n","protected":false},"excerpt":{"rendered":"<p>Pre operativ information og formularer P\u00e5 Activemotions klinik vurderes og behandles ortop\u00e6diske sygdomme og skader i f.f.a. skulder, hofte, kn\u00e6 og ryg; men ogs\u00e5 visse h\u00e5nd -og fodsygdomme behandles. Vi tager imod patienter fra hele Sverige. Vores Ortop\u00e6d specialister unders\u00f8ger og behandler prim\u00e6rt sygdomme og skader i skulder- hofte- og kn\u00e6led. Forunders\u00f8gelse og viderehenvisning til [&hellip;]<\/p>\n","protected":false},"author":1,"featured_media":0,"parent":32,"menu_order":2,"comment_status":"closed","ping_status":"closed","template":"","meta":{"footnotes":""},"class_list":["post-44","page","type-page","status-publish","hentry"],"translation":{"provider":"WPGlobus","version":"3.0.0","language":"da","enabled_languages":["sv","da","en"],"languages":{"sv":{"title":true,"content":true,"excerpt":false},"da":{"title":true,"content":true,"excerpt":false},"en":{"title":true,"content":true,"excerpt":false}}},"acf":[],"wps_subtitle":"","_links":{"self":[{"href":"https:\/\/activemotion.se\/da\/wp-json\/wp\/v2\/pages\/44","targetHints":{"allow":["GET"]}}],"collection":[{"href":"https:\/\/activemotion.se\/da\/wp-json\/wp\/v2\/pages"}],"about":[{"href":"https:\/\/activemotion.se\/da\/wp-json\/wp\/v2\/types\/page"}],"author":[{"embeddable":true,"href":"https:\/\/activemotion.se\/da\/wp-json\/wp\/v2\/users\/1"}],"replies":[{"embeddable":true,"href":"https:\/\/activemotion.se\/da\/wp-json\/wp\/v2\/comments?post=44"}],"version-history":[{"count":107,"href":"https:\/\/activemotion.se\/da\/wp-json\/wp\/v2\/pages\/44\/revisions"}],"predecessor-version":[{"id":2732,"href":"https:\/\/activemotion.se\/da\/wp-json\/wp\/v2\/pages\/44\/revisions\/2732"}],"up":[{"embeddable":true,"href":"https:\/\/activemotion.se\/da\/wp-json\/wp\/v2\/pages\/32"}],"wp:attachment":[{"href":"https:\/\/activemotion.se\/da\/wp-json\/wp\/v2\/media?parent=44"}],"curies":[{"name":"wp","href":"https:\/\/api.w.org\/{rel}","templated":true}]}}