{"id":853,"date":"2017-11-02T20:04:53","date_gmt":"2017-11-02T19:04:53","guid":{"rendered":"http:\/\/www.activemotion.dk\/?page_id=853"},"modified":"2026-03-14T23:18:40","modified_gmt":"2026-03-14T22:18:40","slug":"tudorkliniken-skummeslovsstrand","status":"publish","type":"page","link":"https:\/\/activemotion.se\/da\/kliniker\/tudorkliniken-skummeslovsstrand\/","title":{"rendered":"Activemotion, Specialistl\u00e4karna, Skummesl\u00f6vsstrand"},"content":{"rendered":"<p><strong>Velkommen til vores speciall\u00e6geklinik<\/strong><\/p>\n<p>Hos os m\u00f8der du et st\u00e6rkt fagligt f\u00e6llesskab af erfarne l\u00e6ger inden for ortop\u00e6dkirurgi, gyn\u00e6kologi, dermatologi og almen medicin. Sammen har vi skabt en klinik, hvor patienten er i centrum, og hvor m\u00e5let altid er at sikre den rigtige behandling hos den rette specialist.<\/p>\n<p>Vi tilbyder et smidigt og trygt alternativ til det offentlige sundhedssystem. Ved at samle flere specialer under samme tag kan vi hurtigt vurdere dine symptomer og sikre, at du bliver set af den l\u00e6ge, der har de bedste foruds\u00e6tninger for at hj\u00e6lpe dig. Samtidig arbejder vi t\u00e6t sammen, s\u00e5 din behandling bliver sammenh\u00e6ngende og velkoordineret.<\/p>\n<p>Hos os l\u00e6gger vi v\u00e6gt p\u00e5 tid til patienten, h\u00f8j faglighed og let adgang til kvalificeret l\u00e6gehj\u00e6lp.<\/p>\n<p><strong>Vores motto:<\/strong><br \/>\n<strong>Kompetence \u2013 Kontinuitet \u2013 Tilg\u00e6ngelighed<\/strong><\/p>\n<ul>\n<li><strong>Kompetence:<\/strong> Specialiseret viden og mange \u00e5rs klinisk erfaring.<\/li>\n<li><strong>Kontinuitet:<\/strong> Sammenh\u00e6ng i udredning og behandling.<\/li>\n<li><strong>Tilg\u00e6ngelighed:<\/strong> Hurtig adgang til l\u00e6gelig vurdering og behandling.<\/li>\n<\/ul>\n<p>Vi tror p\u00e5, at god medicin ikke kun handler om diagnoser, men ogs\u00e5 om n\u00e6rv\u00e6r, tillid og samarbejde. Derfor arbejder vores l\u00e6ger sammen om at give dig den bedst mulige behandling \u2013 fra f\u00f8rste konsultation til afsluttet forl\u00f8b.<\/p>\n<p>Velkommen til en klinik, hvor faglighed og omsorg g\u00e5r h\u00e5nd i h\u00e5nd.<\/p>\n<p>&nbsp;<\/p>\n<p>Activemotion Ortopedisk Kirurgi<br \/>\nSpecialistl\u00e4kar-mottagning,<br \/>\nSt.Strandv\u00e4gen 6,<br \/>\n312 72 Skummesl\u00f6vsStrand,<br \/>\n\u260f +46 35 22 75 23:<\/p>\n<p><iframe src=\"https:\/\/www.google.com\/maps\/embed?pb=!1m18!1m12!1m3!1d2204.4017109316073!2d12.917064416133492!3d56.460840244627796!2m3!1f0!2f0!3f0!3m2!1i1024!2i768!4f13.1!3m3!1m2!1s0x46519ce55cda1fd9%3A0x7c744e8e0fe666!2sActivemotion+Ortopedisk+Kirurgi!5e0!3m2!1sen!2sse!4v1508687726312\" width=\"850\" height=\"425\" frameborder=\"0\" allowfullscreen=\"allowfullscreen\" data-mce-fragment=\"1\"><\/iframe><\/p>\n","protected":false},"excerpt":{"rendered":"<p>Velkommen til vores speciall\u00e6geklinik Hos os m\u00f8der du et st\u00e6rkt fagligt f\u00e6llesskab af erfarne l\u00e6ger inden for ortop\u00e6dkirurgi, gyn\u00e6kologi, dermatologi og almen medicin. Sammen har vi skabt en klinik, hvor patienten er i centrum, og hvor m\u00e5let altid er at sikre den rigtige behandling hos den rette specialist. Vi tilbyder et smidigt og trygt alternativ [&hellip;]<\/p>\n","protected":false},"author":1,"featured_media":2501,"parent":844,"menu_order":1,"comment_status":"closed","ping_status":"closed","template":"","meta":{"footnotes":""},"class_list":["post-853","page","type-page","status-publish","has-post-thumbnail","hentry"],"translation":{"provider":"WPGlobus","version":"3.0.0","language":"da","enabled_languages":["sv","da","en"],"languages":{"sv":{"title":true,"content":true,"excerpt":false},"da":{"title":true,"content":true,"excerpt":false},"en":{"title":false,"content":true,"excerpt":false}}},"acf":[],"wps_subtitle":"Specialistl\u00e4kare S\u00f6dra Halland","_links":{"self":[{"href":"https:\/\/activemotion.se\/da\/wp-json\/wp\/v2\/pages\/853","targetHints":{"allow":["GET"]}}],"collection":[{"href":"https:\/\/activemotion.se\/da\/wp-json\/wp\/v2\/pages"}],"about":[{"href":"https:\/\/activemotion.se\/da\/wp-json\/wp\/v2\/types\/page"}],"author":[{"embeddable":true,"href":"https:\/\/activemotion.se\/da\/wp-json\/wp\/v2\/users\/1"}],"replies":[{"embeddable":true,"href":"https:\/\/activemotion.se\/da\/wp-json\/wp\/v2\/comments?post=853"}],"version-history":[{"count":27,"href":"https:\/\/activemotion.se\/da\/wp-json\/wp\/v2\/pages\/853\/revisions"}],"predecessor-version":[{"id":2404,"href":"https:\/\/activemotion.se\/da\/wp-json\/wp\/v2\/pages\/853\/revisions\/2404"}],"up":[{"embeddable":true,"href":"https:\/\/activemotion.se\/da\/wp-json\/wp\/v2\/pages\/844"}],"wp:featuredmedia":[{"embeddable":true,"href":"https:\/\/activemotion.se\/da\/wp-json\/wp\/v2\/media\/2501"}],"wp:attachment":[{"href":"https:\/\/activemotion.se\/da\/wp-json\/wp\/v2\/media?parent=853"}],"curies":[{"name":"wp","href":"https:\/\/api.w.org\/{rel}","templated":true}]}}