{"id":1185,"date":"2018-01-26T13:51:43","date_gmt":"2018-01-26T12:51:43","guid":{"rendered":"http:\/\/www.activemotion.dk\/?page_id=1185"},"modified":"2021-01-22T11:38:36","modified_gmt":"2021-01-22T10:38:36","slug":"preopinfo","status":"publish","type":"page","link":"https:\/\/activemotion.se\/en\/om-activemotion\/info\/preopinfo\/","title":{"rendered":"Info per Type of Surgery"},"content":{"rendered":"<p>Du har nu tillsammans med din kirurg avtalat att du skall opereras.<\/p>\r\n<p>Som f\u00f6rberedelse inf\u00f6r detta ses du f\u00f6rst av din husl\u00e4kare som ocks\u00e5 beroende p\u00e5 \u00e5lder och dina eventuella andra sjukdomar har best\u00e4llt ett EKG och blodprover.<\/p>\r\n<p>Denna information skickas till Narkosl\u00e4kare som i sista instans \u00e4r den som tar st\u00e4llning till om du kan opereras p\u00e5 PrivatHospitalet.<\/p>\r\n<p>Information till dig som skall operera Axelprotes. <a href=\"https:\/\/activemotion.se\/wp-content\/uploads\/Act4Brev_PreOP2020.pdf\" target=\"_blank\" rel=\"noopener noreferrer\">Info AxelprotesOperation<\/a><\/p>\r\n<p>Information till dig som skall operera H\u00f6ftprotes: <a href=\"https:\/\/activemotion.se\/wp-content\/uploads\/Act4Brev_PreOP2020.pdf\" target=\"_blank\" rel=\"noopener noreferrer\">Info H\u00f6ftprotesOperation<\/a><\/p>\r\n<p>Information till dig som skall operera Kn\u00e4protes: <a href=\"https:\/\/activemotion.se\/wp-content\/uploads\/Act4Brev_PreOP2020.pdf\" target=\"_blank\" rel=\"noopener noreferrer\">Info Kn\u00e4protesOperation<\/a><\/p>\r\n<p>Information till dig som skall genomg\u00e5 titth\u00e5ls- eller annan mindre operation: <a href=\"https:\/\/activemotion.se\/wp-content\/uploads\/Act4Brev_PreOP2020.pdf\" target=\"_blank\" rel=\"noopener noreferrer\">Info Operation<\/a><\/p>\r\n<p>Information om PostOperativ medicinering och rehabilitering.<\/p>\r\n<p><\/p>\r\n<p><\/p>","protected":false},"excerpt":{"rendered":"<p>Du har nu tillsammans med din kirurg avtalat att du skall opereras. Som f\u00f6rberedelse inf\u00f6r detta ses du f\u00f6rst av din husl\u00e4kare som ocks\u00e5 beroende p\u00e5 \u00e5lder och dina eventuella andra sjukdomar har best\u00e4llt ett EKG och blodprover. Denna information skickas till Narkosl\u00e4kare som i sista instans \u00e4r den som tar st\u00e4llning till om du [&hellip;]<\/p>\n","protected":false},"author":3,"featured_media":0,"parent":44,"menu_order":3,"comment_status":"closed","ping_status":"closed","template":"","meta":{"footnotes":""},"class_list":["post-1185","page","type-page","status-publish","hentry"],"translation":{"provider":"WPGlobus","version":"3.0.0","language":"en","enabled_languages":["sv","da","en"],"languages":{"sv":{"title":true,"content":true,"excerpt":false},"da":{"title":true,"content":true,"excerpt":false},"en":{"title":true,"content":false,"excerpt":false}}},"acf":[],"wps_subtitle":"Information regarding Your planned surgery at Activemotion","_links":{"self":[{"href":"https:\/\/activemotion.se\/en\/wp-json\/wp\/v2\/pages\/1185","targetHints":{"allow":["GET"]}}],"collection":[{"href":"https:\/\/activemotion.se\/en\/wp-json\/wp\/v2\/pages"}],"about":[{"href":"https:\/\/activemotion.se\/en\/wp-json\/wp\/v2\/types\/page"}],"author":[{"embeddable":true,"href":"https:\/\/activemotion.se\/en\/wp-json\/wp\/v2\/users\/3"}],"replies":[{"embeddable":true,"href":"https:\/\/activemotion.se\/en\/wp-json\/wp\/v2\/comments?post=1185"}],"version-history":[{"count":29,"href":"https:\/\/activemotion.se\/en\/wp-json\/wp\/v2\/pages\/1185\/revisions"}],"predecessor-version":[{"id":1812,"href":"https:\/\/activemotion.se\/en\/wp-json\/wp\/v2\/pages\/1185\/revisions\/1812"}],"up":[{"embeddable":true,"href":"https:\/\/activemotion.se\/en\/wp-json\/wp\/v2\/pages\/44"}],"wp:attachment":[{"href":"https:\/\/activemotion.se\/en\/wp-json\/wp\/v2\/media?parent=1185"}],"curies":[{"name":"wp","href":"https:\/\/api.w.org\/{rel}","templated":true}]}}