{"id":15,"date":"2017-02-02T16:52:17","date_gmt":"2017-02-02T15:52:17","guid":{"rendered":"http:\/\/www.activemotion.dk\/?page_id=15"},"modified":"2026-03-12T20:23:11","modified_gmt":"2026-03-12T19:23:11","slug":"profil","status":"publish","type":"page","link":"https:\/\/activemotion.se\/en\/profil\/","title":{"rendered":"Klinikernas Profil Ortopedi"},"content":{"rendered":"<h2><strong>Kompetensen \u00e4r en f\u00f6ruts\u00e4ttning!<\/strong><\/h2>\n<h3>D\u00e4rf\u00f6r koncentrerar vi os p\u00e5:<\/h3>\n<ul>\n<li style=\"list-style-type: none;\">\n<ul>\n<li>Axelbesv\u00e4r, artros, inkl\u00e4mning, instabilitet. -&gt;Protes- och arthroscopisk kirurgi<\/li>\n<li>H\u00f6ftartros. -&gt;Proteskirurgi<\/li>\n<li>Kn\u00e4besv\u00e4r, artros, menisk och instabilitet. -&gt;Protes- och arthroscopisk kirurgi<\/li>\n<li>Hand och fotkirurgi<\/li>\n<li>Ryggcesv\u00e4r, Diskbr\u00e5ck, spinal stenos och segmentell sm\u00e4rta<\/li>\n<\/ul>\n<\/li>\n<\/ul>\n","protected":false},"excerpt":{"rendered":"<p>Kompetensen \u00e4r en f\u00f6ruts\u00e4ttning! D\u00e4rf\u00f6r koncentrerar vi os p\u00e5: Axelbesv\u00e4r, artros, inkl\u00e4mning, instabilitet. -&gt;Protes- och arthroscopisk kirurgi H\u00f6ftartros. -&gt;Proteskirurgi Kn\u00e4besv\u00e4r, artros, menisk och instabilitet. -&gt;Protes- och arthroscopisk kirurgi Hand och fotkirurgi Ryggcesv\u00e4r, Diskbr\u00e5ck, spinal stenos och segmentell sm\u00e4rta<\/p>\n","protected":false},"author":1,"featured_media":0,"parent":0,"menu_order":4,"comment_status":"closed","ping_status":"closed","template":"","meta":{"footnotes":""},"class_list":["post-15","page","type-page","status-publish","hentry"],"translation":{"provider":"WPGlobus","version":"3.0.0","language":"en","enabled_languages":["sv","da","en"],"languages":{"sv":{"title":true,"content":true,"excerpt":false},"da":{"title":true,"content":true,"excerpt":false},"en":{"title":false,"content":false,"excerpt":false}}},"acf":[],"wps_subtitle":"R\u00f6relse Apparatens Sjukdomar","_links":{"self":[{"href":"https:\/\/activemotion.se\/en\/wp-json\/wp\/v2\/pages\/15","targetHints":{"allow":["GET"]}}],"collection":[{"href":"https:\/\/activemotion.se\/en\/wp-json\/wp\/v2\/pages"}],"about":[{"href":"https:\/\/activemotion.se\/en\/wp-json\/wp\/v2\/types\/page"}],"author":[{"embeddable":true,"href":"https:\/\/activemotion.se\/en\/wp-json\/wp\/v2\/users\/1"}],"replies":[{"embeddable":true,"href":"https:\/\/activemotion.se\/en\/wp-json\/wp\/v2\/comments?post=15"}],"version-history":[{"count":27,"href":"https:\/\/activemotion.se\/en\/wp-json\/wp\/v2\/pages\/15\/revisions"}],"predecessor-version":[{"id":2747,"href":"https:\/\/activemotion.se\/en\/wp-json\/wp\/v2\/pages\/15\/revisions\/2747"}],"wp:attachment":[{"href":"https:\/\/activemotion.se\/en\/wp-json\/wp\/v2\/media?parent=15"}],"curies":[{"name":"wp","href":"https:\/\/api.w.org\/{rel}","templated":true}]}}