{"id":1754,"date":"2019-04-06T20:58:06","date_gmt":"2019-04-06T18:58:06","guid":{"rendered":"https:\/\/activemotion.se\/?page_id=1754"},"modified":"2019-04-28T13:34:40","modified_gmt":"2019-04-28T11:34:40","slug":"rehabilitering","status":"publish","type":"page","link":"https:\/\/activemotion.se\/en\/rehabilitering\/","title":{"rendered":"Rehabilitering"},"content":{"rendered":"<\/p>\n<!-- \/wp:post-content -->\n\n<!-- wp:heading {\"level\":3} -->\n<h3><div id=\"metaslider-id-1744\" style=\"max-width: 1500px;\" class=\"ml-slider-3-94-0 metaslider metaslider-flex metaslider-1744 ml-slider ms-theme-default\" role=\"region\" aria-roledescription=\"Slideshow\" aria-label=\"Rehabilitering\">\n    <div id=\"metaslider_container_1744\">\n        <div id=\"metaslider_1744\">\n            <ul class='slides'>\n                <li style=\"display: block; width: 100%;\" class=\"slide-1746 ms-image \" aria-roledescription=\"slide\" aria-label=\"slide-1746\"><img fetchpriority=\"high\" decoding=\"async\" src=\"https:\/\/activemotion.se\/wp-content\/uploads\/RehabX1.png\" height=\"500\" width=\"1500\" alt=\"\" class=\"slider-1744 slide-1746\" title=\"RehabX1\" \/><\/li>\n            <\/ul>\n        <\/div>\n        \n    <\/div>\n<\/div><\/h3>\n<!-- \/wp:heading -->\n\n<p><\/p>\n\n<!-- wp:paragraph -->\n<p>Som riktlinje f\u00f6r rehabiliteringen &#8211; \u00e5terupptr\u00e4ningen efter operation kan anges:<\/p>\n<!-- \/wp:paragraph -->\n\n<p><\/p>\n\n<!-- wp:heading {\"level\":4} -->\n<h4>\u25cf Axel:<\/h4>\n<!-- \/wp:heading -->\n\n<!-- wp:list -->\n<ul><li>Arthroscopi\/Titth\u00e5lsoperation i Axel: <\/li><li>Axelprotes:<\/li><\/ul>\n<!-- \/wp:list -->\n\n<p><\/p>\n\n<!-- wp:heading {\"level\":4} -->\n<h4>\u25cf H\u00f6ft<\/h4>\n<!-- \/wp:heading -->\n\n<p><\/p>\n\n<!-- wp:list -->\n<ul><li> H\u00f6ftprotes:<\/li><\/ul>\n<!-- \/wp:list -->\n\n<p><\/p>\n\n<!-- wp:heading {\"level\":4} -->\n<h4>\u25cf Kn\u00e4:<\/h4>\n<!-- \/wp:heading -->\n\n<p><\/p>\n\n<!-- wp:list -->\n<ul><li>Kn\u00e4Protes\/Konstgjord Kn\u00e4led:<\/li><li>Arthroscopi\/Titth\u00e5lsoperation i Kn\u00e4:<\/li><\/ul>\n<!-- \/wp:list -->\n\n<p><\/p>\n\n<!-- wp:paragraph -->\n<p>","protected":false},"excerpt":{"rendered":"<p>Som riktlinje f\u00f6r rehabiliteringen &#8211; \u00e5terupptr\u00e4ningen efter operation kan anges: \u25cf Axel: Arthroscopi\/Titth\u00e5lsoperation i Axel: Axelprotes: \u25cf H\u00f6ft H\u00f6ftprotes: \u25cf Kn\u00e4: Kn\u00e4Protes\/Konstgjord Kn\u00e4led: Arthroscopi\/Titth\u00e5lsoperation i Kn\u00e4:<\/p>\n","protected":false},"author":3,"featured_media":0,"parent":0,"menu_order":13,"comment_status":"closed","ping_status":"closed","template":"","meta":{"footnotes":""},"class_list":["post-1754","page","type-page","status-publish","hentry"],"translation":{"provider":"WPGlobus","version":"3.0.0","language":"en","enabled_languages":["sv","da","en"],"languages":{"sv":{"title":true,"content":true,"excerpt":false},"da":{"title":false,"content":true,"excerpt":false},"en":{"title":false,"content":false,"excerpt":false}}},"acf":[],"wps_subtitle":"","_links":{"self":[{"href":"https:\/\/activemotion.se\/en\/wp-json\/wp\/v2\/pages\/1754","targetHints":{"allow":["GET"]}}],"collection":[{"href":"https:\/\/activemotion.se\/en\/wp-json\/wp\/v2\/pages"}],"about":[{"href":"https:\/\/activemotion.se\/en\/wp-json\/wp\/v2\/types\/page"}],"author":[{"embeddable":true,"href":"https:\/\/activemotion.se\/en\/wp-json\/wp\/v2\/users\/3"}],"replies":[{"embeddable":true,"href":"https:\/\/activemotion.se\/en\/wp-json\/wp\/v2\/comments?post=1754"}],"version-history":[{"count":17,"href":"https:\/\/activemotion.se\/en\/wp-json\/wp\/v2\/pages\/1754\/revisions"}],"predecessor-version":[{"id":2033,"href":"https:\/\/activemotion.se\/en\/wp-json\/wp\/v2\/pages\/1754\/revisions\/2033"}],"wp:attachment":[{"href":"https:\/\/activemotion.se\/en\/wp-json\/wp\/v2\/media?parent=1754"}],"curies":[{"name":"wp","href":"https:\/\/api.w.org\/{rel}","templated":true}]}}