{"id":18,"date":"2017-02-02T16:52:32","date_gmt":"2017-02-02T15:52:32","guid":{"rendered":"http:\/\/www.activemotion.dk\/?page_id=18"},"modified":"2020-03-05T10:28:28","modified_gmt":"2020-03-05T09:28:28","slug":"skulder","status":"publish","type":"page","link":"https:\/\/activemotion.se\/en\/skulder\/","title":{"rendered":"Skuldra"},"content":{"rendered":"<p>Har du sm\u00e4rtor i din axel? Har din axel varit ur ledd? &#8211; och har du problem efter detta?<\/p>\n<p>De allra flesta vuxna upplever en eller flera episoder med sm\u00e4rtor i en axel. Det kan uppst\u00e5 spontant, &#8211; efter \u00f6veranstr\u00e4ngning eller orsakat av ett traume mot arm eller axel. Oftast \u00e4r vila, antiinflammatorisk medicinering och senare riktad fysioterapi tillr\u00e4cklig behandling.<\/p>\n<p>Tungt arbete, f.f.a. med arbetsmoment utf\u00f6rda ovan axelniv\u00e5 kan ge anledning till f\u00f6rslitningsskador av axelns led och mjukdelar.<\/p>\n<p>F\u00f6rslitning av ledbrosket &#8211; arthros &#8211; i axeln \u00e4r inte lika vanligt som i h\u00f6ft eller kn\u00e4led; men ocks\u00e5 vid dessa tillst\u00e5nd \u00e4r &#8220;icke operativ&#8221; behandling f\u00f6rstahands valet. Ibland f\u00e5r dock operation tillgripas.<\/p>\n<p>Hos ACTIVEMOTION f\u00e5r du hj\u00e4lp med bed\u00f6mning, behandling och vid behov \u00e4ven operation p\u00e5 Privatsjukhus i Regionen. Dina kostnader ers\u00e4tts av F\u00f6rs\u00e4kringskassan.<\/p>\n<p>P\u00e5 de f\u00f6ljande sidor kan du l\u00e4sa mera om n\u00e5gra vanliga axelsjukdomar.<\/p>\n<ul class=\"nav nav-tabs\" id=\"\"><li class=\"active\"><a href=\"#custom-tab-0-1ae6ecd5776966d9eefb411b7822837d\" data-toggle=\"tab\" >Mere info<\/a><\/li><li><a href=\"#custom-tab-0-876d72d4bda9f0220dfa4e8fba447816\" data-toggle=\"tab\" >Impingement<\/a><\/li><li><a href=\"#custom-tab-0-4dc11f63dfd1e30b25f536860d8ec534\" data-toggle=\"tab\" >Axelluxation<\/a><\/li><li><a href=\"#custom-tab-0-461f318d8f0a3726dc81edc5e6b8193e\" data-toggle=\"tab\" >Axel Artros<\/a><\/li><li><a href=\"#custom-tab-0-8335d876d592881664e25a61a9f61d57\" data-toggle=\"tab\" >Cuffarthropati<\/a><\/li><\/ul><div class=\"tab-content\">\n<div id=\"custom-tab-0-1ae6ecd5776966d9eefb411b7822837d\" class=\"tab-pane active\">\n<p>Se mere info i fanerne.<\/p>\n<h3>Om du skall opereras: <a href=\"https:\/\/activemotion.se\/om-activemotion\/info\/\">Info Operation<\/a><\/h3>\n<\/div>\n<div id=\"custom-tab-0-876d72d4bda9f0220dfa4e8fba447816\" class=\"tab-pane\">\n<h3>Bra att veta om Axel-Impingement<\/h3>\n<h6>Senast uppdaterad\u00a0September, 2017<\/h6>\n<h5>Diagnos: Impingement \/ Subakromiell sm\u00e4rta<\/h5>\n<p><strong>Symtom<br \/>\n<\/strong>Sm\u00e4rta vid r\u00f6relser som f\u00f6rl\u00e4ggs p\u00e5 fram-\/ utsidan av axeln. V\u00e4rre ju h\u00f6gre upp man f\u00f6r handen. V\u00e4rk efter anstr\u00e4ngning. Kan ge s\u00f6mnsv\u00e5righeter.<\/p>\n<p><strong>Orsak<br \/>\n<\/strong>Tr\u00e4ngsel mellan \u00f6verarmen och skulderbladstaket \u00ad(acromion). Irritation i slems\u00e4cken under skulderbladstaket.<\/p>\n<p><strong>Vem drabbas<br \/>\n<\/strong>Debuterar oftast i 40-60 \u00e5rs \u00e5lder, ibland efter att du anstr\u00e4ngt dig mer \u00e4n vanligt.<strong><br \/>\n<\/strong><\/p>\n<p><strong>Vad kan jag g\u00f6ra sj\u00e4lv ?<br \/>\n<\/strong>Du ska tr\u00e4na styrkan i de sm\u00e5 musklerna runt axeln\u00a0 (rotator\u00adkuffen) samt musklarna som kontrollerar skulderbladet med hj\u00e4lp av sjukgymnast.<br \/>\nDet \u00e4r f\u00f6ljande muskler, som ska st\u00e4rkas: M. Biceps, M. Serratur Anterior, M. Latissimus, M. Trapezius, M. Rhomboideus. Din kroppsh\u00e5llning \u00e4r viktig. Skulderbladet ska tillbaka &#8211; typ &#8220;Handen i bakfickan&#8221; i motsatts till den reflektoriska framskjutna axel som sm\u00e4rtorna vanligtvis orsaker. Dessutom ska ev stelhet tr\u00e4nas bort.<br \/>\nDu b\u00f6r inte r\u00f6ka eftersom detta hindrar kroppens f\u00f6rm\u00e5ga att l\u00e4ka.<strong><br \/>\n<\/strong><\/p>\n<p><strong>Behandling<\/strong><br \/>\nViktigast \u00e4r specifik sjukgymnastisk tr\u00e4ning. En kortison\u00adinjektion under skulderbladstaket kan leda till lindring av mer uttalade sm\u00e4rtor. Om inte det och tr\u00e4ning r\u00e4cker rekommenderar vi operation. Det har visat sig att sjukgymnastisk tr\u00e4ning har lika bra resultat som operation efter 5 \u00e5r. Vi opererar d\u00e4rf\u00f6r enbart om sjukgymnastisk tr\u00e4ning inte ger f\u00f6rb\u00e4ttring.<\/p>\n<p><strong>Operation<\/strong><br \/>\nOperationen sker som dagkirurgi, d\u00e4r du sover under ca 30 minuter. Med hj\u00e4lp av artroskop (titth\u00e5lskirurgi) tar vi bort \u00e4rrv\u00e4vnad i det tr\u00e5nga utrymmet och om det beh\u00f6vs fr\u00e4ser vi bort ben p\u00e5 undersidan av taket f\u00f6r att vidga utrymmet. Du f\u00e5r anv\u00e4nda armen efter\u00e5t men b\u00f6r planera f\u00f6r att ta det lugnt s\u00e5 att det f\u00e5r tid att l\u00e4ka.<\/p>\n<div id=\"metaslider-id-1133\" style=\"max-width: 1500px;\" class=\"ml-slider-3-94-0 metaslider metaslider-flex metaslider-1133 ml-slider ms-theme-default\" role=\"region\" aria-roledescription=\"Slideshow\" aria-label=\"AxelScopi\">\n    <div id=\"metaslider_container_1133\">\n        <div id=\"metaslider_1133\">\n            <ul class='slides'>\n                <li style=\"display: block; width: 100%;\" class=\"slide-1136 ms-image \" aria-roledescription=\"slide\" aria-label=\"slide-1136\"><img fetchpriority=\"high\" decoding=\"async\" src=\"https:\/\/activemotion.se\/wp-content\/uploads\/060157002_SkulderSIN_2018-01-17-130459_J\u00c3\u00b8rgensen_OleSteen_Still_003-1500x500.jpg\" height=\"500\" width=\"1500\" alt=\"\" class=\"slider-1133 slide-1136\" \/><\/li>\n                <li style=\"display: none; width: 100%;\" class=\"slide-1138 ms-image \" aria-roledescription=\"slide\" aria-label=\"slide-1138\"><img decoding=\"async\" src=\"https:\/\/activemotion.se\/wp-content\/uploads\/060157002_SkulderSIN_2018-01-17-130459_J\u00c3\u00b8rgensen_OleSteen_Still_008-1500x500.jpg\" height=\"500\" width=\"1500\" alt=\"\" class=\"slider-1133 slide-1138\" \/><\/li>\n                <li style=\"display: none; width: 100%;\" class=\"slide-1140 ms-image \" aria-roledescription=\"slide\" aria-label=\"slide-1140\"><img decoding=\"async\" src=\"https:\/\/activemotion.se\/wp-content\/uploads\/060157002_SkulderSIN_2018-01-17-130459_J\u00c3\u00b8rgensen_OleSteen_Still_013-1500x500.jpg\" height=\"500\" width=\"1500\" alt=\"\" class=\"slider-1133 slide-1140\" \/><\/li>\n            <\/ul>\n        <\/div>\n        \n    <\/div>\n<\/div>\n<p><strong>Risker<\/strong><br \/>\nOperationen \u00e4r relativt riskfri men man kan alltid, \u00e4ven vid mindre ingrepp, drabbas av komplikationer t.ex infektion, blodpropp m.m. Detta ska alltid diskuteras med din ortoped.<\/p>\n<p><strong>F\u00f6rv\u00e4ntat resultat<\/strong><br \/>\nDet \u00e4r tyv\u00e4rr inte alla som blir bra men ca 80% \u00e4r n\u00f6jda\u00a0 efter operationen eller sjukgymnastik.<\/p>\n<p><strong>Sjukskrivning \/ Rehabilitering<\/strong><br \/>\nDu b\u00f6r boka en tid hos din sjukgymnast 10-14 dagar efter operationen f\u00f6r att f\u00e5 den f\u00f6rsta instruktionen i den fortsatta rehab samt f\u00f6r att kontrollera, att du utf\u00f6r de \u00f6vningar du fick p\u00e5 sjukhuset korrekt. 4 veckor efter operationen kan du intensifiera tr\u00e4ningen; men du m\u00e5ste respektera kroppens signaler och vila om du p\u00e5 nytt f\u00e5r ont.<br \/>\nSjukskrivningstiden varierar mellan n\u00e5gon vecka f\u00f6r kontorsarbete till 3-4 m\u00e5nader f\u00f6r tungt kroppsarbete. Det tar oftast ca 6 m\u00e5nader att bli helt bra.<\/p>\n<h1 style=\"text-align: center;\">&#8212;&#8211;#&#8212;&#8211;<\/h1>\n<p style=\"text-align: center;\"><strong><a href=\"http:\/\/www.activemotion.dk\/booking\/\">Boka tid f\u00f6r din unders\u00f6kning<\/a> genom f\u00f6rst att v\u00e4lja plats f\u00f6r unders\u00f6kningen. Om tillg\u00e4ngliga tider ej finns kan du prova en annan klinik eller skicka g\u00e4rna ett meddelande via kontaktformul\u00e4ret &#8211; d\u00e5 brukar vi kunna tillm\u00f6tesg\u00e5 dina \u00f6nskar:-)<\/strong><\/p>\n<\/div>\n<div id=\"custom-tab-0-4dc11f63dfd1e30b25f536860d8ec534\" class=\"tab-pane\">\n<h3><b>Bra att veta om Fr\u00e4mre axelluxation &#8211; akut<\/b><\/h3>\n<h6><i><b>Senast uppdaterad\u00a0<\/b><\/i><i>1. september 2017<\/i><\/h6>\n<p><b>Orsak<br \/>\n<\/b>Fall, oftast mot utstr\u00e4ckt hand\/arm.<\/p>\n<p><b>Behandling<br \/>\n<\/b>Du har haft axeln ur led, en traumatisk axelluxation. Axeln\u00a0har p\u00e5 akuten dragits r\u00e4tt (reponerats) och l\u00e4get har kontrollerats\u00a0med r\u00f6ntgen.\u00a0<b><br \/>\n<\/b><\/p>\n<p><b>F\u00f6rv\u00e4ntat resultat<br \/>\n<\/b>De flesta blir bra efter en axelluxation. Det \u00e4r naturligt att\u00a0detta g\u00f6r ont en tid s\u00e5 du kan beh\u00f6va dels ha armen i band\u00a0och dels ta sm\u00e4rtstillande mediciner. Den tr\u00e4ning som kan\u00a0beh\u00f6vas \u00e4r i b\u00f6rjan f\u00f6r att undvika stelhet. F\u00e5r du inte upp\u00a0armen ovanf\u00f6r huvudet eller om n\u00e5gon del av armen k\u00e4nns\u00a0domnad efter 2 veckor b\u00f6r du ses av ortoped.<b><br \/>\n<\/b><\/p>\n<p><b>Vad kan jag g\u00f6ra sj\u00e4lv<br \/>\n<\/b>Det \u00e4r st\u00f6rst risk i b\u00f6rjan att den hoppar ur led p\u00e5 nytt. F\u00f6r\u00a0<b><\/b>att undvika det ska du inte ta upp armen i kastr\u00f6relse samt\u00a0undvika aktiviteter d\u00e4r man ramlar mycket, under de\u00a0f\u00f6rsta 6 veckorna.<br \/>\nIbland blir tyv\u00e4rr axeln \u00e4nd\u00e5 instabil och den risken \u00e4r stor\u00a0om man \u00e4r under 20 \u00e5r n\u00e4r luxationen intr\u00e4ffar. Risken\u00a0sjunker mycket snabbt med stigande \u00e5lder. Det finns inget\u00a0du sj\u00e4lv kan g\u00f6ra f\u00f6r att minska denna risk, f\u00f6rutom den\u00a0f\u00f6rsta tidens f\u00f6rsiktighet.<\/p>\n<p><b>Operation<br \/>\n<\/b>Om axeln forts\u00e4tter att hoppa ur led eller k\u00e4nns ostadig b\u00f6r\u00a0man \u00f6verv\u00e4ga en operation. Vi s\u00e4tter d\u00e5 tillbaka det ledbandsf\u00e4ste\u00a0som i s\u00e5dant fall oftast ryckts loss vid luxationen.<b><br \/>\n<\/b><\/p>\n<p><b>Fr\u00e5gor\/\u00e5terbes\u00f6k<br \/>\n<\/b>Om du har ytterligare fr\u00e5gor, eller inte \u00e4r bra efter 3 m\u00e5nader\u00a0kan du boka tid f\u00f6r \u00e5terbes\u00f6k hos din operat\u00f6r.\u00a0Om axeln senare under livet skapar besv\u00e4r g\u00f6r vi g\u00e4rna en ny bed\u00f6mning.<\/p>\n<h1 style=\"text-align: center;\">&#8212;&#8211;#&#8212;&#8211;<\/h1>\n<p style=\"text-align: center;\"><strong><a href=\"http:\/\/www.activemotion.dk\/booking\/\">Boka tid f\u00f6r din unders\u00f6kning<\/a> genom f\u00f6rst att v\u00e4lja plats f\u00f6r unders\u00f6kningen. Om tillg\u00e4ngliga tider ej finns kan du prova en annan klinik eller skicka g\u00e4rna ett meddelande via kontaktformul\u00e4ret &#8211; d\u00e5 brukar vi kunna tillm\u00f6tesg\u00e5 dina \u00f6nskar:-)<\/strong><\/p>\n<\/div>\n<div id=\"custom-tab-0-461f318d8f0a3726dc81edc5e6b8193e\" class=\"tab-pane\">\n<h3>Bra att veta om Axelartros<\/h3>\n<h6>Senast uppdaterad\u00a0September 2017<\/h6>\n<p>Axelatros uppkommer n\u00e4r ledbrosket i axeln \u00e4r skadat, och kan behandlas med sjukgymnastik och cortisoninjektioner, men \u00e4ven genom operation i sv\u00e5rare fall.<\/p>\n<p><strong>Bakgrund<\/strong><br \/>\nLedytorna i axelleden \u00e4r bekl\u00e4dda med ett tunt ledyte\u00adbrosk som fungerar som en glidyta i axelleden. Vid artros \u00e4r ledyte\u00adbrosket skadat och funktionen i axelleden blir d\u00e4rf\u00f6r f\u00f6rs\u00e4mrad.<\/p>\n<p><strong>Symtom<\/strong><br \/>\nSm\u00e4rta, stelhet och ibland svullnad.<\/p>\n<p><strong>Orsak<\/strong><br \/>\nTidigare olycksfall, t ex fraktur eller att axelleden slagits ur led \u00f6kar risken f\u00f6r artros, men i de flesta fall \u00e4r orsaken ok\u00e4nd.<\/p>\n<p><strong>Vem drabbas?<\/strong><br \/>\nAxelartros drabbar b\u00e5de m\u00e4n och kvinnor. Symtom fr\u00e5n sjukdomen \u00e4r ovanlig f\u00f6re 50 \u00e5rs \u00e5lder, de flesta \u00e4r \u00f6ver 65 \u00e5r.<\/p>\n<p><strong>Vad kan jag g\u00f6ra sj\u00e4lv?<\/strong><br \/>\nDet \u00e4r viktigt att anv\u00e4nda armen till l\u00e4ttare vardagsg\u00f6rom\u00e5l f\u00f6r att bibeh\u00e5lla r\u00f6rlighet och funktion. Sm\u00e4rtlindrande l\u00e4kemedel kan underl\u00e4tta att leva med besv\u00e4ren.<\/p>\n<p><strong>Vad kan prim\u00e4rv\u00e5rd\/sjukgymnast g\u00f6ra?<\/strong><br \/>\nOm besv\u00e4ren \u00e4r lindriga kan husl\u00e4karen skriva ut sm\u00e4rtlindrande mediciner, och p\u00e5 detta s\u00e4tt kan besv\u00e4ren mildras. Ibland kan en cortisonspruta in i leden hj\u00e4lpa. Ibland ges s\u00e5dana injektioner ocks\u00e5 av en ortopedspecialist.<br \/>\nSjukgymnasten kan bidra med tr\u00e4ningsprogram och r\u00e5dgivning f\u00f6r att bibeh\u00e5lla muskelstyrka och r\u00f6rlighet.<\/p>\n<p><strong>Vad kan en ortopedspecialist g\u00f6ra?<\/strong><br \/>\nOm sjukgymnastik och eventuella injektioner inte har tillr\u00e4cklig effekt kan man operera in en konstgjord axelled (axelprotes).<br \/>\nDen nya axelleden best\u00e5r av en metallkula och en plastsk\u00e5l. I de flesta fall s\u00e4tts en &#8220;helprotes&#8221; in, dvs b\u00e5de ledkula och ledsk\u00e5l byts ut. Operations\u00ads\u00e5ret placeras p\u00e5 axel\u00adledens framsida och \u00e4r ungef\u00e4r 12-14 cm l\u00e5ngt. Du f\u00e5r ligga kvar p\u00e5 sjukhuset 2 dagar efter operationen och b\u00f6rjar med sjukgymnastik p\u00e5 avdelningen. Efter 2 -3 m\u00e5nader kan du anv\u00e4nda armen ganska bra i vardagslivet, tex k\u00f6ra bil mm., men slutresultatet uppn\u00e5s f\u00f6rst efter ca ett \u00e5r.<\/p>\n<p><strong>Risker<\/strong><br \/>\nKomplikationer \u00e4r ovanliga men nerv\u00adskador, urledvridning och infektion av den nya leden kan intr\u00e4ffa. Varningssignaler f\u00f6r \u00adinfektion \u00e4r h\u00f6g feber, svullnad och \u00f6kande sm\u00e4rta.<\/p>\n<p><strong>F\u00f6rv\u00e4ntat resultat<\/strong><br \/>\nResultatet efter en operation blir i allm\u00e4nhet mycket bra. De allra flesta upplever mycket bra sm\u00e4rtlindring och en b\u00e4ttre r\u00f6relsef\u00f6rm\u00e5ga. Det \u00e4r viktigt med tr\u00e4ning och sjukgymnastik efter operation f\u00f6r b\u00e4sta m\u00f6jliga slutresultat.<\/p>\n<p><strong>Sjukskrivning \/ Rehabilitering<\/strong><br \/>\nOm du har ett kontorsarbete kan du ofta b\u00f6rja arbeta \u00adefter 3-5 veckor, \u00e5tminstone deltid. Har du ett tyngre arbete beh\u00f6vs ofta l\u00e4ngre sjukskrivning, 3-4 m\u00e5nader.<\/p>\n<h1 style=\"text-align: center;\">&#8212;&#8211;#&#8212;&#8211;<\/h1>\n<p style=\"text-align: center;\"><strong><a href=\"http:\/\/www.activemotion.dk\/booking\/\">Boka tid f\u00f6r din unders\u00f6kning<\/a> genom f\u00f6rst att v\u00e4lja plats f\u00f6r unders\u00f6kningen. Om tillg\u00e4ngliga tider ej finns kan du prova en annan klinik eller skicka g\u00e4rna ett meddelande via kontaktformul\u00e4ret &#8211; d\u00e5 brukar vi kunna tillm\u00f6tesg\u00e5 dina \u00f6nskar:-)<\/strong><\/p>\n<\/div>\n<div id=\"custom-tab-0-8335d876d592881664e25a61a9f61d57\" class=\"tab-pane\">\n<h3>Bra att veta om Cuffarthropati<\/h3>\n<p><em>Senast uppdaterad\u00a0 1. September, 2017<\/em><\/p>\n<p><strong>Diagnos<\/strong><br \/>\nArtros i axelleden med f\u00f6rsvagning av det djupa muskelskiktet (cuffartropathi).<\/p>\n<p><strong>Symtom<\/strong><br \/>\nSm\u00e4rta, v\u00e4rk och nedsatt r\u00f6relsef\u00f6rm\u00e5ga. Ibland kan \u00e4ven axelleden svullna.<\/p>\n<p><strong>Orsak<\/strong><br \/>\nCuffarthropati kan orsakas av tidigare skador i djupa muskelkiktet (rotatorcuffskada) men i de flesta fall kan man inte ange en specifik orsak. I allm\u00e4nhet r\u00f6r det sig om \u00e5ldersf\u00f6r\u00e4ndringar.<\/p>\n<p><strong>Vem drabbas<\/strong><br \/>\nTillst\u00e5ndet drabbar framf\u00f6r allt \u00e4ldre och det \u00e4r litet vanligare hos kvinnor \u00e4n hos m\u00e4n.<\/p>\n<p><strong>Vad kan jag g\u00f6ra sj\u00e4lv?<\/strong><br \/>\nF\u00f6rs\u00f6ka tr\u00e4na s\u00e5 att r\u00f6rligheten och kvarvarande muskler inte f\u00f6rsvagas.<\/p>\n<p><strong>Vad kan prim\u00e4rv\u00e5rd\/sjukgymnast g\u00f6ra?<\/strong><br \/>\nOm besv\u00e4ren \u00e4r lindriga kan husl\u00e4karen f\u00f6rskriva sm\u00e4rtlindrande mediciner, och p\u00e5 detta s\u00e4tt kan besv\u00e4ren mildras. Ibland kan en cortisonspruta lindra besv\u00e4ren.<br \/>\nSjukgymnasten kan bidra med tr\u00e4ningsprogram och r\u00e5dgivning f\u00f6r att bibeh\u00e5lla muskelstyrka och r\u00f6rlighet.<\/p>\n<p><strong>Vad kan en ortopedspecialist g\u00f6ra?<\/strong><br \/>\nVid mer uttalade besv\u00e4r kan man operera in en axelprotes, dvs. en konstgjord axelled. I dessa fall anv\u00e4nds en specialprotes sk omv\u00e4nd axelprotes (Delta Xtend).<br \/>\nVid operationen s\u00e4tts en ledkula p\u00e5 skulderbladet och en ledsk\u00e5l p\u00e5 \u00f6verarmens \u00f6vre del (omv\u00e4nt j\u00e4mf\u00f6rt med axelledens grundkonstruktion). Genom att \u201dv\u00e4nda\u201d p\u00e5 leden f\u00e5r man \u00f6kad styrka och de kvarvarande musklerna kan l\u00e4ttare r\u00f6ra armen. Man beh\u00f6ver ligga kvar p\u00e5 sjukhus 2-3 dagar efter operationen. Armen vilar sedan i en mitella under 2-3 veckor, men s\u00e5 fort sm\u00e4rtan till\u00e5ter kan man b\u00f6rja anv\u00e4nda armen f\u00f6r enklare vardagssysslor.<\/p>\n<p><strong>Risker<\/strong><br \/>\nKomplikationer \u00e4r relativt ovanliga. Den vanligaste \u00e4r att den nya leden hoppar ur led. Detta kan \u00e5tg\u00e4rdas med ett mindre ingrepp. Andra risker \u00e4r infektion och nervskador. Varningssignaler f\u00f6r infektion \u00e4r h\u00f6g feber, svullnad och \u00f6kande sm\u00e4rta.<\/p>\n<p><strong>F\u00f6rv\u00e4ntat resultat<\/strong><br \/>\nOperationen ger mycket god sm\u00e4rtlindring och funktionen f\u00f6rb\u00e4ttras. Redan efter 2-3 m\u00e5nader upplever de flesta en markant f\u00f6rb\u00e4ttring men slutresultatet uppn\u00e5s f\u00f6rst efter ca ett \u00e5r.<\/p>\n<p><strong>Sjukskrivning \/ Rehabilitering<\/strong><br \/>\nMan beh\u00f6ver tr\u00e4na tillsammans med sjukgymnast under flera m\u00e5nader. Dessutom tr\u00e4nar man sj\u00e4lv enligt instruktioner fr\u00e5n sjukgymnasten. De flesta som opereras har uppn\u00e5tt pensions\u00e5lder men om man arbetar kan man i regel \u00e5terg\u00e5 till ett l\u00e4ttare arbete efter 8 veckor. Har man ett tungt manuellt arbete b\u00f6r man diskutera att byta yrke, eftersom protesen inte l\u00e4mpar sig f\u00f6r upprepad tung belastning.<\/p>\n<p><strong>Kvalitetsregister<\/strong><br \/>\nI Sverige registreras alla patienter som f\u00e5r en ny axelled i ett nationellt statistikregister. Detta ger m\u00f6jligheter att st\u00e4ndigt f\u00f6rb\u00e4ttra resultaten. Alla personuppgifter i registret \u00e4r sekretessbelagda.\u00a0Som patient har du r\u00e4tt att avst\u00e5 fr\u00e5n att ing\u00e5 i registret, meddela i s\u00e5 fall din behandlande l\u00e4kare.<\/p>\n<h1 style=\"text-align: center;\">&#8212;&#8211;#&#8212;&#8211;<\/h1>\n<p style=\"text-align: center;\"><strong><a href=\"http:\/\/www.activemotion.dk\/booking\/\">Boka tid f\u00f6r din unders\u00f6kning<\/a> genom f\u00f6rst att v\u00e4lja plats f\u00f6r unders\u00f6kningen. Om tillg\u00e4ngliga tider ej finns kan du prova en annan klinik eller skicka g\u00e4rna ett meddelande via kontaktformul\u00e4ret &#8211; d\u00e5 brukar vi kunna tillm\u00f6tesg\u00e5 dina \u00f6nskar:-)<\/strong><\/p>\n<\/div>\n<\/div>\n<p><!--\n<a href=\"http:\/\/www.activemotion.dk\/omraader\/skulder\/axel-impingement\/\">> Axelimpingement - inkl\u00e4mning <<\/a>\n<a href=\"http:\/\/www.activemotion.dk\/omraader\/skulder\/axelluxation\/\">>Axelluxation<<\/a>\n<a href=\"http:\/\/www.activemotion.dk\/cuffarthropati\/\">>Skada p\u00e5 sena i Axeln<<\/a>\n--><\/p>\n","protected":false},"excerpt":{"rendered":"<p>Har du sm\u00e4rtor i din axel? Har din axel varit ur ledd? &#8211; och har du problem efter detta? De allra flesta vuxna upplever en eller flera episoder med sm\u00e4rtor i en axel. Det kan uppst\u00e5 spontant, &#8211; efter \u00f6veranstr\u00e4ngning eller orsakat av ett traume mot arm eller axel. Oftast \u00e4r vila, antiinflammatorisk medicinering och [&hellip;]<\/p>\n","protected":false},"author":1,"featured_media":1344,"parent":0,"menu_order":5,"comment_status":"closed","ping_status":"closed","template":"","meta":{"footnotes":""},"class_list":["post-18","page","type-page","status-publish","has-post-thumbnail","hentry"],"translation":{"provider":"WPGlobus","version":"3.0.0","language":"en","enabled_languages":["sv","da","en"],"languages":{"sv":{"title":true,"content":true,"excerpt":false},"da":{"title":true,"content":true,"excerpt":false},"en":{"title":false,"content":false,"excerpt":false}}},"acf":[],"wps_subtitle":"","_links":{"self":[{"href":"https:\/\/activemotion.se\/en\/wp-json\/wp\/v2\/pages\/18","targetHints":{"allow":["GET"]}}],"collection":[{"href":"https:\/\/activemotion.se\/en\/wp-json\/wp\/v2\/pages"}],"about":[{"href":"https:\/\/activemotion.se\/en\/wp-json\/wp\/v2\/types\/page"}],"author":[{"embeddable":true,"href":"https:\/\/activemotion.se\/en\/wp-json\/wp\/v2\/users\/1"}],"replies":[{"embeddable":true,"href":"https:\/\/activemotion.se\/en\/wp-json\/wp\/v2\/comments?post=18"}],"version-history":[{"count":56,"href":"https:\/\/activemotion.se\/en\/wp-json\/wp\/v2\/pages\/18\/revisions"}],"predecessor-version":[{"id":2133,"href":"https:\/\/activemotion.se\/en\/wp-json\/wp\/v2\/pages\/18\/revisions\/2133"}],"wp:featuredmedia":[{"embeddable":true,"href":"https:\/\/activemotion.se\/en\/wp-json\/wp\/v2\/media\/1344"}],"wp:attachment":[{"href":"https:\/\/activemotion.se\/en\/wp-json\/wp\/v2\/media?parent=18"}],"curies":[{"name":"wp","href":"https:\/\/api.w.org\/{rel}","templated":true}]}}