{"id":2064,"date":"2019-12-10T10:36:24","date_gmt":"2019-12-10T09:36:24","guid":{"rendered":"https:\/\/activemotion.se\/?page_id=2064"},"modified":"2026-03-14T23:20:37","modified_gmt":"2026-03-14T22:20:37","slug":"curakliniken","status":"publish","type":"page","link":"https:\/\/activemotion.se\/en\/kliniker\/curakliniken\/","title":{"rendered":"Cura Kliniken, Malm\u00f6, Flyttar til Excellencen 5 h\u00f6sten 2026"},"content":{"rendered":"<p><strong>Vi \u00e4r glada att kunna informera om att Activemotion i november 2026 flyttar till nyinredda och st\u00f6rre lokaler i Malm\u00f6s nya centrum f\u00f6r h\u00e4lsa i Excellencen 5, Carl Gustafs v\u00e4g 4, 211 46 Malm\u00f6.<\/strong><\/p>\n<p>Booka tid til o<span class=\"tlid-translation translation\" lang=\"sv\"><span class=\"\" title=\"\">rtopedisk unders\u00f6kning<\/span><\/span> via linket: <a href=\"https:\/\/activemotion.simplybook.it\/v2\/#book\/location\/14\/\">https:\/\/activemotion.simplybook.it\/v2\/#book\/location\/14\/<\/a><\/p>\n<p>Inneh\u00e5ll\/V\u00e5rdtj\u00e4nster: Specialiteter<\/p>\n<p><strong>Ortopedisk Kirurgi:<\/strong><br \/>\n&#8211; Artros, Konstgjord H\u00f6ft, Kn\u00e4 och Axel<br \/>\n&#8211; Sportsskador, Menisk och korsbandsoperationer<br \/>\n&#8211; Hand och Fotkirurgi<\/p>\n<p><strong>Rygg Kirurgi:<\/strong><br \/>\n&#8211; Diskbr\u00e5ck i Hals- och l\u00e4ndrygg<br \/>\n&#8211; Spinal Stenos i Hals- och l\u00e4ndrygg<br \/>\n&#8211; Segmentell sm\u00e4rta<\/p>\n<p><strong>\u00d6ron- N\u00e4sa \u2013 Halskirurgi:<\/strong><br \/>\n&#8211; Bih\u00e5lekirurgi<br \/>\n&#8211; Yrsel<br \/>\n&#8211; Korrigerande kirurgi p\u00e5 n\u00e4san<\/p>\n<p><strong>Gynekologi:<\/strong><br \/>\n&#8211; Hysterectomi Laparoscopisk.<\/p>\n<p><strong>S\u00f6mnst\u00f6rningar:<\/strong><br \/>\n&#8211; S\u00f6mn apne (Andningsuppeh\u00e5ll under s\u00f6mnen)<\/p>\n<p><strong>Neurologi:<\/strong><br \/>\n&#8211; MR<\/p>\n<p><iframe style=\"border: 0;\" src=\"https:\/\/www.google.com\/maps\/embed?pb=!1m18!1m12!1m3!1d604.0704411086857!2d12.965383306216049!3d55.593823602956256!2m3!1f0!2f0!3f0!3m2!1i1024!2i768!4f13.1!3m3!1m2!1s0x4653a6baaae4a7c3%3A0x8fd1a8ebd0591eed!2sCurakliniken%20AB!5e0!3m2!1sda!2sdk!4v1706267215431!5m2!1sda!2sdk\" width=\"850\" height=\"450\" allowfullscreen=\"allowfullscreen\"><\/iframe><\/p>\n","protected":false},"excerpt":{"rendered":"<p>Vi \u00e4r glada att kunna informera om att Activemotion i november 2026 flyttar till nyinredda och st\u00f6rre lokaler i Malm\u00f6s nya centrum f\u00f6r h\u00e4lsa i Excellencen 5, Carl Gustafs v\u00e4g 4, 211 46 Malm\u00f6. Booka tid til ortopedisk unders\u00f6kning via linket: https:\/\/activemotion.simplybook.it\/v2\/#book\/location\/14\/ Inneh\u00e5ll\/V\u00e5rdtj\u00e4nster: Specialiteter Ortopedisk Kirurgi: &#8211; Artros, Konstgjord H\u00f6ft, Kn\u00e4 och Axel &#8211; Sportsskador, [&hellip;]<\/p>\n","protected":false},"author":3,"featured_media":2157,"parent":844,"menu_order":1,"comment_status":"closed","ping_status":"closed","template":"","meta":{"footnotes":""},"class_list":["post-2064","page","type-page","status-publish","has-post-thumbnail","hentry"],"translation":{"provider":"WPGlobus","version":"3.0.0","language":"en","enabled_languages":["sv","da","en"],"languages":{"sv":{"title":true,"content":true,"excerpt":false},"da":{"title":true,"content":true,"excerpt":false},"en":{"title":false,"content":false,"excerpt":false}}},"acf":[],"wps_subtitle":"Activemotion Ortopedisk Mottagning, Malm\u00f6","_links":{"self":[{"href":"https:\/\/activemotion.se\/en\/wp-json\/wp\/v2\/pages\/2064","targetHints":{"allow":["GET"]}}],"collection":[{"href":"https:\/\/activemotion.se\/en\/wp-json\/wp\/v2\/pages"}],"about":[{"href":"https:\/\/activemotion.se\/en\/wp-json\/wp\/v2\/types\/page"}],"author":[{"embeddable":true,"href":"https:\/\/activemotion.se\/en\/wp-json\/wp\/v2\/users\/3"}],"replies":[{"embeddable":true,"href":"https:\/\/activemotion.se\/en\/wp-json\/wp\/v2\/comments?post=2064"}],"version-history":[{"count":26,"href":"https:\/\/activemotion.se\/en\/wp-json\/wp\/v2\/pages\/2064\/revisions"}],"predecessor-version":[{"id":2117,"href":"https:\/\/activemotion.se\/en\/wp-json\/wp\/v2\/pages\/2064\/revisions\/2117"}],"up":[{"embeddable":true,"href":"https:\/\/activemotion.se\/en\/wp-json\/wp\/v2\/pages\/844"}],"wp:featuredmedia":[{"embeddable":true,"href":"https:\/\/activemotion.se\/en\/wp-json\/wp\/v2\/media\/2157"}],"wp:attachment":[{"href":"https:\/\/activemotion.se\/en\/wp-json\/wp\/v2\/media?parent=2064"}],"curies":[{"name":"wp","href":"https:\/\/api.w.org\/{rel}","templated":true}]}}