{"id":21,"date":"2017-02-02T16:52:54","date_gmt":"2017-02-02T15:52:54","guid":{"rendered":"http:\/\/www.activemotion.dk\/?page_id=21"},"modified":"2019-03-28T13:55:00","modified_gmt":"2019-03-28T12:55:00","slug":"hofte","status":"publish","type":"page","link":"https:\/\/activemotion.se\/en\/profil\/kna\/hoft\/hofte\/","title":{"rendered":"H\u00f6ftledsartros"},"content":{"rendered":"<h3>Bra att veta om H\u00f6ftledsartros<\/h3>\n<h6>Senast uppdaterad\u00a0September 2017<\/h6>\n<p><strong>Att ha ont i h\u00f6ften<\/strong> p\u00e5verkar din livssituation p\u00e5 m\u00e5nga s\u00e4tt. Motion, egenv\u00e5rd och hj\u00e4lp fr\u00e5n prim\u00e4rv\u00e5rden kan lindra din sm\u00e4rta och \u00f6ka livskvalit\u00e9n. Fungerar inte det kan en konstgjord h\u00f6ftled hj\u00e4lpa dig tillbaka till ett aktivt liv.\u00a0H\u00e4r kan du l\u00e4sa om\u00a0symptom, sm\u00e4rtlindring, vad en operation inneb\u00e4r samt om risker och tillfrisknande.<\/p>\n<p><strong>Vad inneb\u00e4r h\u00f6ftledsartros?<\/strong><br \/>\nH\u00f6ftledsartros \u00e4r en sjukdom som b\u00f6rjar i ledbrosket. Ett friskt ledbrosk \u00e4r fast och elastiskt och fungerar som st\u00f6td\u00e4mpare och glidyta f\u00f6r leden. Artros inneb\u00e4r att brosket gradvis tunnas ut och kan till slut f\u00f6rsvinna helt.<\/p>\n<div id=\"metaslider-id-1090\" style=\"max-width: 1500px;\" class=\"ml-slider-3-94-0 metaslider metaslider-flex metaslider-1090 ml-slider ms-theme-default\" role=\"region\" aria-roledescription=\"Slideshow\" aria-label=\"HipSlide\">\n    <div id=\"metaslider_container_1090\">\n        <div id=\"metaslider_1090\">\n            <ul class='slides'>\n                <li style=\"display: block; width: 100%;\" class=\"slide-1091 ms-image \" aria-roledescription=\"slide\" aria-label=\"slide-1091\"><img fetchpriority=\"high\" decoding=\"async\" src=\"https:\/\/activemotion.se\/wp-content\/uploads\/WebPelvisPreOP-1500x500.jpg\" height=\"500\" width=\"1500\" alt=\"\" class=\"slider-1090 slide-1091\" \/><\/li>\n                <li style=\"display: none; width: 100%;\" class=\"slide-1092 ms-image \" aria-roledescription=\"slide\" aria-label=\"slide-1092\"><img decoding=\"async\" src=\"https:\/\/activemotion.se\/wp-content\/uploads\/WebPelvisPostOP-1500x500.jpg\" height=\"500\" width=\"1500\" alt=\"\" class=\"slider-1090 slide-1092\" \/><\/li>\n            <\/ul>\n        <\/div>\n        \n    <\/div>\n<\/div>\n<p><strong>Symptom<\/strong><br \/>\nTidiga symptom p\u00e5 h\u00f6ftledsartros \u00e4r l\u00e4tt sm\u00e4rta i ljumsken och\/eller \u00f6vre delen av l\u00e5ret vid anstr\u00e4ngning. Besv\u00e4ren varierar ofta i perioder och kan sedan \u00f6ka med ig\u00e5ngs\u00e4ttningssm\u00e4rta, \u00f6kad stelhet och senare v\u00e4rk \u00e4ven i vila. Vid sv\u00e5rare artros b\u00f6rjar man halta och f\u00e5r allt sv\u00e5rare att g\u00e5.<br \/>\nOftast f\u00e5r man besv\u00e4r i ena h\u00f6ften men en tredjedel av dem som drabbas av artros f\u00e5r problem i b\u00e5da h\u00f6fterna.<br \/>\nDiagnosen artros f\u00f6ruts\u00e4tter sm\u00e4rta, stelhet och typiska r\u00f6ntgenfynd. Man kan ha artrosf\u00f6r\u00e4ndringar som syns p\u00e5 r\u00f6ntgenbilder utan att de ger egentliga besv\u00e4r.<br \/>\nAtt ha ont i h\u00f6ften beh\u00f6ver inte inneb\u00e4ra att man har f\u00e5tt artros. Det finns andra sjukdomar eller inflammationer som ger sm\u00e4rta, de g\u00e5r ofta \u00f6ver p\u00e5 n\u00e5gra veckor eller m\u00e5nader.<\/p>\n<p><strong>Vem drabbas av h\u00f6ftledsartros?<\/strong><br \/>\nArtros i h\u00f6ftleden \u00e4r en av de vanligaste ledsjukdomarna i v\u00e4stv\u00e4rlden. M\u00e4n och kvinnor drabbas lika och risken f\u00f6r artros \u00f6kar ju \u00e4ldre man blir. Av hundra personer \u00f6ver 55 \u00e5r har ungef\u00e4r tre personer h\u00f6ftledsartros.<\/p>\n<p>Varje \u00e5r opereras ungef\u00e4r 12 000 personer i Sverige f\u00f6r sv\u00e5r h\u00f6ftledsartros. Medel\u00e5ldern bland dem som opereras \u00e4r 70 \u00e5r. Det \u00e4r vanligast att man f\u00e5r h\u00f6ftledsartros utan att man tidigare har haft n\u00e5gra skador eller sjukdomar i h\u00f6ftlederna.<\/p>\n<p>Det \u00e4r fortfarande till st\u00f6rsta delen ok\u00e4nt vad som orsakar sjukdomen men det finns sannolikt b\u00e5de \u00e4rftliga och belastningsberoende orsaker. Uttrycket \u201df\u00f6rslitning\u201d tolkas ibland som att man anv\u00e4nt sin h\u00f6ft f\u00f6r mycket men n\u00e5got klart s\u00e5dant samband finns inte.<\/p>\n<p>Vissa yrkesgrupper s\u00e5som lantbrukare, brandm\u00e4n och byggnadsarbetare har dock klart \u00f6kad f\u00f6rekomst av artros j\u00e4mf\u00f6rt med befolkningen i \u00f6vrigt. Risken \u00e4r ocks\u00e5 h\u00f6gre f\u00f6r elitidrottare j\u00e4mf\u00f6rt med dem som inte varit lika fysiskt aktiva.<\/p>\n<p>En annan trolig orsak \u00e4r \u00f6vervikt. Har man vid fyrtio \u00e5rs \u00e5lder en \u00f6vervikt \u00f6kar risken f\u00f6r en framtida h\u00f6ftledsartros tv\u00e5 till tre g\u00e5nger.<\/p>\n<p><strong>Vad kan jag g\u00f6ra sj\u00e4lv?<\/strong><br \/>\nF\u00f6rs\u00f6k bevara din muskelstyrka och r\u00f6rlighet s\u00e5 gott det g\u00e5r. Sm\u00e4rtstillande mediciner kan p\u00e5tagligt lindra sm\u00e4rtan och m\u00f6jligg\u00f6ra fortsatt motion (cykling, simning, promenader m.m.)<br \/>\nBra skor med st\u00f6tupptagande sula (t ex joggingskor) i kombination med en k\u00e4pp, g\u00e5stavar eller en krycka kan lindra och skjuta en operation p\u00e5 framtiden. \u00d6vervikt belastar s\u00e5v\u00e4l rygg,h\u00f6fter som kn\u00e4n!<\/p>\n<p><strong>Vad kan Familjel\u00e4kare\/v\u00e5rdcentral\/sjukgymnast g\u00f6ra?<\/strong><br \/>\nPrim\u00e4rv\u00e5rden ska hj\u00e4lpa dig med all v\u00e5rd fram till dess att en eventuell operation blir n\u00f6dv\u00e4ndig. Detta inneb\u00e4r diagnos med hj\u00e4lp av r\u00f6ntgen, information, att ordna med tr\u00e4ningsprogram och genomg\u00e5ng hos en sjukgymnast.<br \/>\nFamiljel\u00e4karen kan f\u00f6rskriva sm\u00e4rtlindrande l\u00e4kemedel. I tidig fas hj\u00e4lper exempelvis Alvedon\/paracetamol ofta mot sm\u00e4rtan. Om du f\u00e5r mera sm\u00e4rta kan det kr\u00e4vas en kombination med starkare medicin eller antiinflammatoriska preparat. Information om l\u00e4mpliga mediciner och m\u00f6jliga biverkningar f\u00e5r du hj\u00e4lp med av din husl\u00e4kare eller v\u00e5rdcentral.<\/p>\n<p>Om din sm\u00e4rta \u00f6kar och livskvaliteten blir l\u00e5g trots dessa insatser kan en remiss skickas till ortoped f\u00f6r att diskutera f\u00f6ruts\u00e4ttningar f\u00f6r en operation.<\/p>\n<p><strong>Vad inneb\u00e4r en operation?<\/strong><br \/>\nEn h\u00f6ftledsoperation inneb\u00e4r att den artrosdrabbade leden ers\u00e4tts med en konstgjord led av metall och plast. Beroende p\u00e5 din \u00e5lder, vikt, m.m finns olika varianter av konstgjorda leder att s\u00e4tta in, s\u00e5 att du f\u00e5r b\u00e4sta m\u00f6jliga f\u00f6ruts\u00e4ttningar f\u00f6r l\u00e5ng och god funktion i din nya led.<br \/>\n90\u201395 procent av alla nya h\u00f6ftleder som opereras in fungerar utm\u00e4rkt i mer \u00e4n 10 \u00e5r. Ungef\u00e4r var tionde m\u00e5ste n\u00e5gon g\u00e5ng opereras om, 9 av 10 h\u00e5ller allts\u00e5 resten av livet.<\/p>\n<p><strong>Finns det n\u00e5gra risker?<\/strong><br \/>\nIngen operation \u00e4r 100 procent riskfri! Trots l\u00e5ng erfarenhet och alla t\u00e4nkbara f\u00f6rsiktighets\u00e5tg\u00e4rder drabbas cirka 1 av 100 av en besv\u00e4rlig infektion i den nya leden.<br \/>\nRisken \u00e4r st\u00f6rre f\u00f6r r\u00f6kare och de med andra sjukdomar s\u00e5som diabetes eller hj\u00e4rtk\u00e4rlsjukdomar. R\u00f6kstopp f\u00f6rb\u00e4ttrar f\u00f6ruts\u00e4ttningarna f\u00f6r ett lyckat operationsresultat.<br \/>\nEn infektion inneb\u00e4r ofta att man f\u00e5r operera om en eller flera g\u00e5nger och slutresultatet blir oftast f\u00f6rs\u00e4mrat.<br \/>\nEn operation inneb\u00e4r ocks\u00e5 en \u00f6kad risk f\u00f6r blodpropp i anslutning till operationen. F\u00f6r att minska risken f\u00f6r detta behandlas man med blodf\u00f6rtunnande medicin under en kort tid efter operationen.<br \/>\nEn ny h\u00f6ftkula kan i vissa fall \u201dhoppa ur led\u201d &#8211; luxera. Det drabbar ungef\u00e4r 1 av 100 tidigt efter operationen och d\u00e5 m\u00e5ste leden dras r\u00e4tt igen under narkos p\u00e5 sjukhuset. Mycket s\u00e4llan blir det upprepade luxationer, i s\u00e5 fall kr\u00e4vs en ny operation.<br \/>\nYtterligare n\u00e5gra procent f\u00e5r sm\u00e4rtor runt den nya leden som vi inte kan p\u00e5verka, men s\u00e4llan \u00e4r sm\u00e4rtorna sv\u00e5ra.<br \/>\nEfter en operation kan det opererade benet bli n\u00e5got l\u00e4ngre eller kortare \u00e4n ditt andra ben, beroende p\u00e5 hur komplicerad sj\u00e4lva h\u00f6ftledsoperationen blir.<\/p>\n<p><strong>Hur bra blir jag?<\/strong><br \/>\nF\u00e5 \u00e5ngrar att de l\u00e5tit operera sin h\u00f6ftled, 80\u201390 procent s\u00e4ger att de f\u00e5tt sina f\u00f6rv\u00e4ntningar uppfyllda.<br \/>\nI regel g\u00e4ller att resultatet i form av minskade sm\u00e4rtor i h\u00f6ften blir b\u00e4ttre ju mer sm\u00e4rta man har f\u00f6re operationen och omv\u00e4nt \u2013 f\u00f6r tidig operation ger inte lika tydlig f\u00f6rb\u00e4ttring. Det finns allts\u00e5 inget sk\u00e4l att operera h\u00f6ften i ett tidigt skede f\u00f6r att undvika att det blir v\u00e4rre. Man b\u00f6r ta sig igenom den tidiga artrosutvecklingen och inv\u00e4nta att kroppen (och sj\u00e4len) \u00e4r v\u00e4l inst\u00e4lld p\u00e5 en st\u00f6rre ledoperation. Operationen syftar till att minska sm\u00e4rtan, och som en f\u00f6ljd av detta blir funktionen i h\u00f6ften b\u00e4ttre.<br \/>\nEn konstgjord led kan aldrig fullt ut ers\u00e4tta en frisk naturlig led. D\u00e4rf\u00f6r m\u00e5ste man acceptera att leden ibland signalerar obehag och ger lite stelhet efter vila. Kn\u00e4ppningar eller liknande fenomen f\u00f6rekommer ibland.<\/p>\n<p>Om man uts\u00e4tter sin nya h\u00f6ftled f\u00f6r stora p\u00e5frestningar \u00f6kar risken f\u00f6r att den ska lossna eller slitas ut i f\u00f6rtid. I allm\u00e4nhet g\u00e4ller att ny led t\u00e5l tung belastning men den tycker mindre om kraftiga st\u00f6tar. Vi avr\u00e5der d\u00e4rf\u00f6r alltid fr\u00e5n motionsl\u00f6pning, s\u00e4rskilt p\u00e5 h\u00e5rt underlag. Du b\u00f6r undvika kontaktsporter som fotboll och dylikt.<br \/>\nI allm\u00e4nhet g\u00e4ller att f\u00f6r den n\u00e5got \u00e4ldre patienten b\u00f6r en ny h\u00f6ftled inte n\u00e4mnv\u00e4rt inskr\u00e4nka p\u00e5 normal livsf\u00f6ring.<\/p>\n<p><strong>M\u00e5ste jag vara sjukskriven?<\/strong><br \/>\nRehabiliteringsperioden efter en operation \u00e4r individuell, en snabb f\u00f6rb\u00e4ttring sker de f\u00f6rsta 2\u20133 m\u00e5naderna efter operation. Sjukskrivningen b\u00f6r d\u00e4rf\u00f6r anpassas efter dina behov, det kan vara allt fr\u00e5n en vecka till flera m\u00e5nader. Vid l\u00e4ngre sjukskrivningar kommer din husl\u00e4kare\/v\u00e5rdcentral att hj\u00e4lpa dig under sjukskrivningstiden.<br \/>\nVissa fysiskt tungt belastande yrken kan vara ol\u00e4mpliga efter en h\u00f6ftledsoperation. I \u00f6vrigt \u00e4r den nya leden till f\u00f6r att anv\u00e4ndas!<\/p>\n<h4><a href=\"http:\/\/www.activemotion.dk\/booking\/\">Boka tid f\u00f6r din ortopedkirurgiska unders\u00f6kning. V\u00e4lj f\u00f6rst klinik.<\/a><\/h4>\n","protected":false},"excerpt":{"rendered":"<p>Bra att veta om H\u00f6ftledsartros Senast uppdaterad\u00a0September 2017 Att ha ont i h\u00f6ften p\u00e5verkar din livssituation p\u00e5 m\u00e5nga s\u00e4tt. Motion, egenv\u00e5rd och hj\u00e4lp fr\u00e5n prim\u00e4rv\u00e5rden kan lindra din sm\u00e4rta och \u00f6ka livskvalit\u00e9n. Fungerar inte det kan en konstgjord h\u00f6ftled hj\u00e4lpa dig tillbaka till ett aktivt liv.\u00a0H\u00e4r kan du l\u00e4sa om\u00a0symptom, sm\u00e4rtlindring, vad en operation inneb\u00e4r [&hellip;]<\/p>\n","protected":false},"author":1,"featured_media":0,"parent":446,"menu_order":0,"comment_status":"closed","ping_status":"closed","template":"","meta":{"footnotes":""},"class_list":["post-21","page","type-page","status-publish","hentry"],"translation":{"provider":"WPGlobus","version":"3.0.0","language":"en","enabled_languages":["sv","da","en"],"languages":{"sv":{"title":true,"content":true,"excerpt":false},"da":{"title":true,"content":true,"excerpt":false},"en":{"title":false,"content":false,"excerpt":false}}},"acf":[],"wps_subtitle":"","_links":{"self":[{"href":"https:\/\/activemotion.se\/en\/wp-json\/wp\/v2\/pages\/21","targetHints":{"allow":["GET"]}}],"collection":[{"href":"https:\/\/activemotion.se\/en\/wp-json\/wp\/v2\/pages"}],"about":[{"href":"https:\/\/activemotion.se\/en\/wp-json\/wp\/v2\/types\/page"}],"author":[{"embeddable":true,"href":"https:\/\/activemotion.se\/en\/wp-json\/wp\/v2\/users\/1"}],"replies":[{"embeddable":true,"href":"https:\/\/activemotion.se\/en\/wp-json\/wp\/v2\/comments?post=21"}],"version-history":[{"count":15,"href":"https:\/\/activemotion.se\/en\/wp-json\/wp\/v2\/pages\/21\/revisions"}],"predecessor-version":[{"id":2016,"href":"https:\/\/activemotion.se\/en\/wp-json\/wp\/v2\/pages\/21\/revisions\/2016"}],"up":[{"embeddable":true,"href":"https:\/\/activemotion.se\/en\/wp-json\/wp\/v2\/pages\/446"}],"wp:attachment":[{"href":"https:\/\/activemotion.se\/en\/wp-json\/wp\/v2\/media?parent=21"}],"curies":[{"name":"wp","href":"https:\/\/api.w.org\/{rel}","templated":true}]}}