{"id":211,"date":"2017-07-12T17:14:05","date_gmt":"2017-07-12T15:14:05","guid":{"rendered":"http:\/\/www.activemotion.dk\/?page_id=211"},"modified":"2019-11-28T13:13:57","modified_gmt":"2019-11-28T12:13:57","slug":"korsbandsskada","status":"publish","type":"page","link":"https:\/\/activemotion.se\/en\/profil\/kna\/korsbandsskada\/","title":{"rendered":"Korsbandsskada"},"content":{"rendered":"<h3>Bra att veta om Fr\u00e4mre Korsbandsskada<\/h3>\n<h6>Senast uppdaterad\u00a0September 2017<\/h6>\n<p><strong>Bakgrund<\/strong><br \/>\nInuti kn\u00e4et finns ett bakre och ett fr\u00e4mre korsband. De har till uppgift att stabilisera kn\u00e4et, framf\u00f6r allt vid vridningar. Skador p\u00e5 det bakre korsbandet \u00e4r ovanliga, medan skador p\u00e5 det fr\u00e4mre korsbandet \u00e4r vanligare. I Sverige drabbas ca 6 000 personer \u00e5rligen av en skada p\u00e5 fr\u00e4mre korsbandet. Majoriteten av dem som skadar sitt korsband \u00e4r mellan 15 och 25 \u00e5r.<\/p>\n<p><strong>Hur uppst\u00e5r skadan?<\/strong><br \/>\nVanligast \u00e4r att skadan uppst\u00e5r i samband med idrottsut\u00f6vning. Fotboll, handboll, innebandy och alpin skid\u00e5kning \u00e4r &#8220;risksporter&#8221; f\u00f6r korsbandsskada. Skadan uppst\u00e5r oftast d\u00e5 foten sitter fast i underlaget och kroppen vrider sig. Oftast kan den som skadar sig k\u00e4nna att n\u00e5got &#8220;brister&#8221; inuti kn\u00e4et. Efter n\u00e5gra timmar svullnar kn\u00e4et och man har ofta en ganska uttalad sm\u00e4rta.<\/p>\n<p><strong>Behandling<\/strong><br \/>\nP\u00e5 akutmottagningen kommer ditt kn\u00e4 att r\u00f6ntgas f\u00f6r att utesluta skelettskada och en stabilitetsunders\u00f6kning av kunnig ortoped skall g\u00f6ras f\u00f6r kliniskmatt kartl\u00e4gga omf\u00e5nget av skador p\u00e5 kn\u00e4ets ledband. Du f\u00e5r en elastisk linda f\u00f6r att motverka svullnad samt kryckor f\u00f6r att l\u00e4ttare kunna r\u00f6ra dig. Om sidoledbanden \u00e4r skadade kan du erbjudas en skena(orthos).<\/p>\n<p>Under de n\u00e4rmaste veckorna efter skadan kommer svullnaden i kn\u00e4et l\u00e5ngsamt att minska. Du skall s\u00e5 snart du kan b\u00f6rja r\u00f6relsetr\u00e4na i kn\u00e4leden f\u00f6r att minska risken f\u00f6r stelhet. Undvik att sova med en kudde under kn\u00e4et -det kan leda till l\u00e5ngvarig sv\u00e5righet att r\u00e4ta ut kn\u00e4et.<\/p>\n<p><strong>Vad kan prim\u00e4rv\u00e5rden\/sjukgymnast g\u00f6ra?<\/strong><br \/>\nDu b\u00f6r ha kontakt med en sjukgymnast efter din korsbandsskada. Tillsammans g\u00f6r ni upp ett tr\u00e4ningsprogram f\u00f6r att bygga upp muskulaturen kring kn\u00e4et. I takt med att du bygger upp muskulaturen kommer kn\u00e4besv\u00e4ren att minska och du kan d\u00e4rmed ocks\u00e5 successivt \u00e5terg\u00e5 i mer kn\u00e4belastande fritidsaktiviteter och idrott.<br \/>\nMer \u00e4n h\u00e4lften av alla som \u00e5drar sig en fr\u00e4mre korsbandsskada f\u00e5r en fullgod kn\u00e4funktion utan operation. Aktiviteter som skid\u00e5kning, l\u00f6pning, simning, skridskor brukar fungera utm\u00e4rkt, trots skadat fr\u00e4mre korsband.<\/p>\n<p><strong>Vad kan en ortopedspecialist g\u00f6ra?<\/strong><br \/>\nInte s\u00e4llan \u00e4r det ortopedl\u00e4karen som s\u00e4tter diagnosen. Och f\u00f6rst n\u00e4r diagnosen \u00e4r klar kan du p\u00e5b\u00f6rja riktad behandling och rehabilitering.<br \/>\nHos vissa patienter r\u00e4cker inte behandlingen ovan. Trots aktiv sjukgymnastik upplevs kn\u00e4et som instabilt och &#8220;op\u00e5litligt&#8221;. I dessa fall kan man \u00f6verv\u00e4ga en korsbandsoperation. Vid en s\u00e5dan operation tas det trasiga korsbandet bort och ers\u00e4tts med ett nytt. Det nya korsbandet tillverkas av en sena fr\u00e5n kn\u00e4ets baksida eller fr\u00e5n en bit av kn\u00e4sk\u00e5lssenan. Operationen g\u00f6rs inneliggande p\u00e5 sjukhuset, och du stannar kvar \u00f6ver natten f\u00f6r att sedan g\u00e5 hem dagen efter operation.<br \/>\nB\u00e5de f\u00f6re och efter operationen \u00e4r det mycket viktigt att noga f\u00f6lja sjukgymnastens instruktioner. Du m\u00e5ste tr\u00e4na hemma dagligen, och hos sjukgymnasten en -flera g\u00e5nger i veckan. Slutresultatet efter operationen blir avsev\u00e4rt s\u00e4mre om du inte f\u00f6ljer rehab-planen.<\/p>\n<p><strong>Risker<\/strong><br \/>\nIngen operation \u00e4r 100 % riskfri. Enstaka patienter drabbas av en infektion i efterf\u00f6rloppet till operation. Varningssignaler f\u00f6r detta \u00e4r h\u00f6g feber och svullnad. D\u00e5 kr\u00e4vs i regel flera nya operationer och l\u00e5ngvarig antibiotikabehandling.<br \/>\nEn operation inneb\u00e4r ocks\u00e5 en \u00f6kad risk f\u00f6r blodpropp i anslutning till operationen. F\u00f6r att minska risken f\u00f6r detta behandlas man med blodf\u00f6rtunnande medicin efter operationen.<\/p>\n<p><strong>F\u00f6rv\u00e4ntat resultat<\/strong><br \/>\nEfter 6-12 m\u00e5naders rehabilitering kan de flesta \u00e5terg\u00e5 i \u00f6nskad idrott\/syssels\u00e4ttning och kn\u00e4et brukar upplevas stabilt igen.<br \/>\nL\u00e4s g\u00e4rna Svenska Korsbandsregistrets <a href=\"https:\/\/aclregister.nu\/documents\/\">\u00e5rsrapporter<\/a> f\u00f6r mera detaljerad information.<\/p>\n<p><strong>Sjukskrivning<\/strong><br \/>\nSjukskrivningstiden varierar fr\u00e5n 2 veckor till 4 m\u00e5nader, beroende p\u00e5 syssels\u00e4ttning.<\/p>\n<p><strong>F\u00f6rs\u00e4kringsm\u00e4ssigt<\/strong><br \/>\nDu b\u00f6r skriftligen anm\u00e4la skadan till ditt f\u00f6rs\u00e4kringsbolag. S\u00e5v\u00e4l privat som idrottsf\u00f6reningens f\u00f6rs\u00e4kring kan aktiveras.<\/p>\n<p>P\u00e5 l\u00e5ngt sikt 10 \u2013 20 \u00e5r kan skadan som ledde till korsbandslesionen ge upphov till artros i kn\u00e4leden. Detta \u00e4r i s\u00e5 fall F\u00f6rs\u00e4kringsbolaget skyldigt att ers\u00e4tta. Var d\u00e4rf\u00f6r uppm\u00e4rksam p\u00e5 att inte avskriva dig r\u00e4tten att \u00e5terkomma vid sena besv\u00e4r eller om du bytar f\u00f6rs\u00e4kringsbolag. Spara alla handlingar: Journaler, Brev till F\u00f6rs\u00e4kringsbolaget, kvitton etc.<\/p>\n","protected":false},"excerpt":{"rendered":"<p>Bra att veta om Fr\u00e4mre Korsbandsskada Senast uppdaterad\u00a0September 2017 Bakgrund Inuti kn\u00e4et finns ett bakre och ett fr\u00e4mre korsband. De har till uppgift att stabilisera kn\u00e4et, framf\u00f6r allt vid vridningar. Skador p\u00e5 det bakre korsbandet \u00e4r ovanliga, medan skador p\u00e5 det fr\u00e4mre korsbandet \u00e4r vanligare. I Sverige drabbas ca 6 000 personer \u00e5rligen av en [&hellip;]<\/p>\n","protected":false},"author":3,"featured_media":0,"parent":23,"menu_order":3,"comment_status":"closed","ping_status":"closed","template":"","meta":{"footnotes":""},"class_list":["post-211","page","type-page","status-publish","hentry"],"translation":{"provider":"WPGlobus","version":"3.0.0","language":"en","enabled_languages":["sv","da","en"],"languages":{"sv":{"title":true,"content":true,"excerpt":false},"da":{"title":true,"content":true,"excerpt":false},"en":{"title":false,"content":false,"excerpt":false}}},"acf":[],"wps_subtitle":"","_links":{"self":[{"href":"https:\/\/activemotion.se\/en\/wp-json\/wp\/v2\/pages\/211","targetHints":{"allow":["GET"]}}],"collection":[{"href":"https:\/\/activemotion.se\/en\/wp-json\/wp\/v2\/pages"}],"about":[{"href":"https:\/\/activemotion.se\/en\/wp-json\/wp\/v2\/types\/page"}],"author":[{"embeddable":true,"href":"https:\/\/activemotion.se\/en\/wp-json\/wp\/v2\/users\/3"}],"replies":[{"embeddable":true,"href":"https:\/\/activemotion.se\/en\/wp-json\/wp\/v2\/comments?post=211"}],"version-history":[{"count":8,"href":"https:\/\/activemotion.se\/en\/wp-json\/wp\/v2\/pages\/211\/revisions"}],"predecessor-version":[{"id":2013,"href":"https:\/\/activemotion.se\/en\/wp-json\/wp\/v2\/pages\/211\/revisions\/2013"}],"up":[{"embeddable":true,"href":"https:\/\/activemotion.se\/en\/wp-json\/wp\/v2\/pages\/23"}],"wp:attachment":[{"href":"https:\/\/activemotion.se\/en\/wp-json\/wp\/v2\/media?parent=211"}],"curies":[{"name":"wp","href":"https:\/\/api.w.org\/{rel}","templated":true}]}}