{"id":220,"date":"2017-07-12T17:22:25","date_gmt":"2017-07-12T15:22:25","guid":{"rendered":"http:\/\/www.activemotion.dk\/?page_id=220"},"modified":"2018-01-28T01:57:58","modified_gmt":"2018-01-28T00:57:58","slug":"hallux-valgus","status":"publish","type":"page","link":"https:\/\/activemotion.se\/en\/profil\/sportsskador\/hallux-valgus\/","title":{"rendered":"Hallux Valgus"},"content":{"rendered":"<h3>Bra att veta om Hallux valgus<\/h3>\n<h6>Senast uppdaterad\u00a0september 2017<\/h6>\n<p>Symtom<br \/>\nStort\u00e5n b\u00f6jer av mot lillt\u00e5sidan och det bildas en \u00f6mmande kn\u00f6l vid stort\u00e5ns bas. Trycksm\u00e4rta \u00f6ver &#8220;kn\u00f6len&#8221; av skor.<br \/>\nI allm\u00e4nhet har man ringa symtom n\u00e4r man \u00e4r barfota.<\/p>\n<p><strong>Epidemiologi<br \/>\n<\/strong>1 % av vuxna personer har hallux valgus. Frekvensen \u00f6kar med \u00e5ldern, i populationen \u00f6ver 60 \u00e5r har 15 % sjukdomen.\u00a0 Sjukdomen \u00e4r vanligast hos kvinnor.\u00a0 Orsaken \u00e4r ok\u00e4nd och inte helt entydig, \u00e4rftlighet verkar spela viss roll liksom en yttre p\u00e5verkan fr\u00e5n olika skor.<strong><br \/>\n<\/strong><\/p>\n<div id=\"metaslider-id-1276\" style=\"max-width: 1500px;\" class=\"ml-slider-3-94-0 metaslider metaslider-flex metaslider-1276 ml-slider ms-theme-default\" role=\"region\" aria-roledescription=\"Slideshow\" aria-label=\"HalluxValgus\">\n    <div id=\"metaslider_container_1276\">\n        <div id=\"metaslider_1276\">\n            <ul class='slides'>\n                <li style=\"display: block; width: 100%;\" class=\"slide-1278 ms-image \" aria-roledescription=\"slide\" aria-label=\"slide-1278\"><img fetchpriority=\"high\" decoding=\"async\" src=\"https:\/\/activemotion.se\/wp-content\/uploads\/HalluxValgusX1-1500x500.jpg\" height=\"500\" width=\"1500\" alt=\"\" class=\"slider-1276 slide-1278\" \/><div class=\"caption-wrap\"><div class=\"caption\">R\u00f6ntgen Fot m HalluxValgus<\/div><\/div><\/li>\n                <li style=\"display: none; width: 100%;\" class=\"slide-1280 ms-image \" aria-roledescription=\"slide\" aria-label=\"slide-1280\"><img decoding=\"async\" src=\"https:\/\/activemotion.se\/wp-content\/uploads\/HalluxValgus1BW-408x136.jpg\" height=\"500\" width=\"1500\" alt=\"\" class=\"slider-1276 slide-1280\" \/><\/li>\n            <\/ul>\n        <\/div>\n        \n    <\/div>\n<\/div>\n<p><strong>Vad kan jag g\u00f6ra sj\u00e4lv<\/strong><br \/>\nI lindriga- m\u00e5ttliga fall kan det r\u00e4cka med ett inl\u00e4gg i skor f\u00f6r att \u00e5terst\u00e4lla fr\u00e4mre fotvalvet, s.k. pelott, samt breda skor.<\/p>\n<p><strong>Behandling<br \/>\n<\/strong>N\u00e4r de icke operativa behandlingsmetoder inte l\u00e4ngre hj\u00e4lper och symtomen \u00e4r uttalade kan en operation \u00f6verv\u00e4gas.<strong><br \/>\n<\/strong><\/p>\n<p><strong>Operation<\/strong><br \/>\nI de flesta fall utf\u00f6rs ingreppet p\u00e5 v\u00e5r polikliniska operations\u00admottagning, d.v.s man g\u00e5r hem samma dag. Operationen sker i lokalbed\u00f6vning.Den vanligaste operationsmetoden inneb\u00e4r avmejsling av &#8220;kn\u00f6len&#8221; samt uppr\u00e4tning av stort\u00e5n. Operationen utf\u00f6rs genom s.k. f\u00f6rskjutningsosteotomi (Chevronosteotomi) vilket inneb\u00e4r att f\u00f6rsta mellanfotsbenet s\u00e5gas av och t\u00e5n f\u00f6rskjuts in\u00e5t f\u00f6r att r\u00e4ta upp t\u00e5n och g\u00f6ra foten smalare.I mer avancerade fall av hallux valgus-deformitet\u00a0 kr\u00e4vs en annan, oftast mer omfattande och d\u00e4rmed l\u00e4ngre operations\u00admetod f\u00f6r att uppn\u00e5 bra resultat. Operation som ber\u00e4knas ta l\u00e4ngre tid \u00e4n en timme utf\u00f6rs p\u00e5 Centraloperation A.<\/p>\n<p><strong>Efter operationen<\/strong><br \/>\nOm det skulle bl\u00f6da igenom bandaget \u00f6nskar vi att du h\u00f6r av dig till v\u00e5r ortopedmottagning p\u00e5 tel 08-5870 1320 f\u00f6r att kontrollera s\u00e5ret och linda om foten. Skulle detta intr\u00e4ffa under helgdagar ber vi dig kontakta ortopedakuten ist\u00e4llet.<br \/>\nEfter operationen belastas endast h\u00e4len och fotens utsida med hj\u00e4lp av en specialsko som erh\u00e5lls i samband med operationen. Ibland beh\u00f6vs dock kryckk\u00e4ppar som st\u00f6d den f\u00f6rsta tiden.<br \/>\nDet \u00e4r bra att ha foten i h\u00f6gl\u00e4ge s\u00e5 mycket som m\u00f6jligt f\u00f6rsta dagarna efter operationen f\u00f6r att f\u00f6rhindra svullnad och d\u00e4rmed \u00f6kad sm\u00e4rta. Svullnadstendensen kan vara i upp till 8 veckor, ibland l\u00e4ngre.<br \/>\nStygnen tas cirka 3 veckor efter operationen p\u00e5 s\u00e5r\u00admottagningen, samtidigt f\u00e5r man tr\u00e4ffa sjukgymnasten f\u00f6r en genomg\u00e5ng av tr\u00e4ningsprogram samt bokning f\u00f6r ytterligare kontakt 6 veckor efter operation d\u00e5 man \u00e4ven avl\u00e4gsnar specialskon.<\/p>\n<p><strong>Sjukskrivning<\/strong><br \/>\nHar du ett arbete d\u00e4r du g\u00e5r och st\u00e5r mycket kan du d\u00e4rf\u00f6r under denna tid beh\u00f6va vara sjukskriven mellan 6-8 veckor.<\/p>\n<p><strong>F\u00f6rv\u00e4ntat resultat<\/strong><br \/>\nNormalt sett f\u00e5r man en rakare stort\u00e5. Man blir \u00e4ven av med sin \u00f6mmande kn\u00f6l samt f\u00e5r en smalare framfot. Viss f\u00f6rs\u00e4mring kan upptr\u00e4da med \u00e5ren.<\/p>\n","protected":false},"excerpt":{"rendered":"<p>Bra att veta om Hallux valgus Senast uppdaterad\u00a0september 2017 Symtom Stort\u00e5n b\u00f6jer av mot lillt\u00e5sidan och det bildas en \u00f6mmande kn\u00f6l vid stort\u00e5ns bas. Trycksm\u00e4rta \u00f6ver &#8220;kn\u00f6len&#8221; av skor. I allm\u00e4nhet har man ringa symtom n\u00e4r man \u00e4r barfota. Epidemiologi 1 % av vuxna personer har hallux valgus. Frekvensen \u00f6kar med \u00e5ldern, i populationen \u00f6ver [&hellip;]<\/p>\n","protected":false},"author":3,"featured_media":0,"parent":25,"menu_order":2,"comment_status":"closed","ping_status":"closed","template":"","meta":{"footnotes":""},"class_list":["post-220","page","type-page","status-publish","hentry"],"translation":{"provider":"WPGlobus","version":"3.0.0","language":"en","enabled_languages":["sv","da","en"],"languages":{"sv":{"title":true,"content":true,"excerpt":false},"da":{"title":false,"content":false,"excerpt":false},"en":{"title":false,"content":false,"excerpt":false}}},"acf":[],"wps_subtitle":"","_links":{"self":[{"href":"https:\/\/activemotion.se\/en\/wp-json\/wp\/v2\/pages\/220","targetHints":{"allow":["GET"]}}],"collection":[{"href":"https:\/\/activemotion.se\/en\/wp-json\/wp\/v2\/pages"}],"about":[{"href":"https:\/\/activemotion.se\/en\/wp-json\/wp\/v2\/types\/page"}],"author":[{"embeddable":true,"href":"https:\/\/activemotion.se\/en\/wp-json\/wp\/v2\/users\/3"}],"replies":[{"embeddable":true,"href":"https:\/\/activemotion.se\/en\/wp-json\/wp\/v2\/comments?post=220"}],"version-history":[{"count":5,"href":"https:\/\/activemotion.se\/en\/wp-json\/wp\/v2\/pages\/220\/revisions"}],"predecessor-version":[{"id":2021,"href":"https:\/\/activemotion.se\/en\/wp-json\/wp\/v2\/pages\/220\/revisions\/2021"}],"up":[{"embeddable":true,"href":"https:\/\/activemotion.se\/en\/wp-json\/wp\/v2\/pages\/25"}],"wp:attachment":[{"href":"https:\/\/activemotion.se\/en\/wp-json\/wp\/v2\/media?parent=220"}],"curies":[{"name":"wp","href":"https:\/\/api.w.org\/{rel}","templated":true}]}}