{"id":230,"date":"2017-07-12T17:24:43","date_gmt":"2017-07-12T15:24:43","guid":{"rendered":"http:\/\/www.activemotion.dk\/?page_id=230"},"modified":"2018-01-28T01:46:14","modified_gmt":"2018-01-28T00:46:14","slug":"carpaltunnelsyndrom","status":"publish","type":"page","link":"https:\/\/activemotion.se\/en\/profil\/sportsskador\/carpaltunnelsyndrom\/","title":{"rendered":"CarpaltunnelSyndrom"},"content":{"rendered":"<h3>Bra att veta om CarpaltunnelSyndrom<\/h3>\n<h6>Senast uppdaterad\u00a0 1. September, 2017<\/h6>\n<p><strong>Symtom<\/strong><br \/>\nDomningar, sockerdrycksk\u00e4nsla eller stickningar i tumme, pek-, l\u00e5ng- och\/eller halva ringfinger. Symptomen f\u00f6rekommer vanligen nattetid och kan d\u00e5 ge st\u00f6rd natts\u00f6mn, men kan \u00e4ven upptr\u00e4da vid olika aktiviteter, t.ex. bilk\u00f6rning. Ofta f\u00f6rsvinner besv\u00e4ren n\u00e4r man skakat ig\u00e5ng handen eller anv\u00e4nt den en stund. Ibland f\u00f6rekommer \u00e4ven sm\u00e4rta i handen, fingrarna eller armen, liksom svaghet och en k\u00e4nsla av fumlighet.<\/p>\n<p><strong>Orsak<\/strong><br \/>\nEn av handens nerver, medianusnerven, blir kl\u00e4md i en tr\u00e5ng bindv\u00e4vskanal i handflatan. Nerven g\u00e5r tillsammans med handens b\u00f6jsenor under karpalligamentet. Om senorna av n\u00e5gon anledning svullnar upp trycks nerven till och blodfl\u00f6det till nerven minskar.<\/p>\n<div id=\"metaslider-id-1265\" style=\"max-width: 1500px;\" class=\"ml-slider-3-94-0 metaslider metaslider-flex metaslider-1265 ml-slider ms-theme-default\" role=\"region\" aria-roledescription=\"Slideshow\" aria-label=\"CarpaltunnelSyndrome\">\n    <div id=\"metaslider_container_1265\">\n        <div id=\"metaslider_1265\">\n            <ul class='slides'>\n                <li style=\"display: block; width: 100%;\" class=\"slide-1267 ms-image \" aria-roledescription=\"slide\" aria-label=\"slide-1267\"><img fetchpriority=\"high\" decoding=\"async\" src=\"https:\/\/activemotion.se\/wp-content\/uploads\/CT-KlyvningBW-400x133.jpg\" height=\"500\" width=\"1500\" alt=\"\" class=\"slider-1265 slide-1267\" \/><div class=\"caption-wrap\"><div class=\"caption\">Klyvning av Carpaltunnelligament<\/div><\/div><\/li>\n                <li style=\"display: none; width: 100%;\" class=\"slide-1269 ms-image \" aria-roledescription=\"slide\" aria-label=\"slide-1269\"><img decoding=\"async\" src=\"https:\/\/activemotion.se\/wp-content\/uploads\/carpal-tunnel2BW-720x239.jpg\" height=\"500\" width=\"1500\" alt=\"\" class=\"slider-1265 slide-1269\" \/><div class=\"caption-wrap\"><div class=\"caption\">Nervus Medianus kompression<\/div><\/div><\/li>\n                <li style=\"display: none; width: 100%;\" class=\"slide-1271 ms-image \" aria-roledescription=\"slide\" aria-label=\"slide-1271\"><img decoding=\"async\" src=\"https:\/\/activemotion.se\/wp-content\/uploads\/carpal-tunnel-syndrome-s1BW-493x164.jpg\" height=\"500\" width=\"1500\" alt=\"\" class=\"slider-1265 slide-1271\" \/><div class=\"caption-wrap\"><div class=\"caption\">Carpaltunneln<\/div><\/div><\/li>\n            <\/ul>\n        <\/div>\n        \n    <\/div>\n<\/div>\n<p><strong>Vem drabbas<\/strong><br \/>\nKvinnor drabbas oftare \u00e4n m\u00e4n och det \u00e4r s\u00e4rskilt vanligt i medel\u00e5ldern och vid klimakteriet, vilket kan tyda p\u00e5 en viss hormonell inverkan. Ibland finns en utl\u00f6sande faktor s\u00e5som fraktur eller \u00f6veranstr\u00e4ngning. Karpaltunnelsyndrom \u00e4r ocks\u00e5 vanligare vid reumatiska sjukdomar, graviditet eller diabetes, men ofta finns ingen s\u00e4ker orsak.<\/p>\n<p><strong>Vad kan jag g\u00f6ra sj\u00e4lv<\/strong><br \/>\nMan kan prova med inflammationsd\u00e4mpande mediciner, t.ex. ibuprofen och att i det tidiga skedet vila och avlasta handen. En arbetsterapeut kan ge r\u00e5d ang\u00e5ende ergonomi och tr\u00e4ning av handen.<\/p>\n<p><strong>Behandling<\/strong><br \/>\nI f\u00f6rsta hand provas en stel handledsortos, d.v.s. en avtagbar skena som h\u00e5ller handen rak nattetid samt inflammations\u00adh\u00e4mmande och sm\u00e4rtstillande mediciner. Ofta beh\u00f6vs en operation om besv\u00e4ren \u00e4r p\u00e5tagliga.<\/p>\n<p><strong>Operation<\/strong><br \/>\nOperationen sker i lokalbed\u00f6vning och inneb\u00e4r att man delar det strama tv\u00e4rg\u00e5ende ledbandet i handflatan s\u00e5 att nerven f\u00e5r mer utrymme. Operationen tar 10-30 minuter och under den tiden st\u00e4nger man tillf\u00e4lligt av blodfl\u00f6det till handen med hj\u00e4lp av en blodtrycksmanschett som pumpas h\u00e5rt runt \u00f6verarmen. Trycket kan vara en aning besv\u00e4rande men underl\u00e4ttar operationen f\u00f6r kirurgen.<\/p>\n<p><strong>Risker<\/strong><br \/>\nEn liten risk finns f\u00f6r infektion i s\u00e5ret.<\/p>\n<p><strong>F\u00f6rv\u00e4ntat resultat<\/strong><br \/>\nEfter operationen f\u00e5r man ett stort f\u00f6rband. Efter 2 veckor tas f\u00f6rbandet och stygnen bort hos en arbetsterapeut som ocks\u00e5 ger tr\u00e4ningsr\u00e5d. D\u00e4refter kan du anv\u00e4nda handen till l\u00e4ttare sysslor. M\u00e5nga f\u00e5r minskade besv\u00e4r direkt efter operationen men om symptomen varit l\u00e5ngvariga kan en del k\u00e4nselst\u00f6rningar best\u00e5 flera m\u00e5nader. Om musklerna i tummen har f\u00f6rtvinat finns risk att de tagit permanent skada som ej botas genom operationen. \u00c4rret \u00e4r ofta \u00f6mt och lite svullet f\u00f6rsta m\u00e5naderna efter operationen och viss tr\u00f6tthet i handen kan f\u00f6rekomma. De allra flesta patienter blir dock p\u00e5 sikt helt botade fr\u00e5n besv\u00e4ren.<\/p>\n<p><strong>Sjukskrivning \/ Rehabilitering<\/strong><br \/>\nNormalt beh\u00f6ver man sjukskrivning 1-3 veckor men om du har ett tyngre arbete blir sjukskrivningen upp till 6 veckor.<\/p>\n","protected":false},"excerpt":{"rendered":"<p>Bra att veta om CarpaltunnelSyndrom Senast uppdaterad\u00a0 1. September, 2017 Symtom Domningar, sockerdrycksk\u00e4nsla eller stickningar i tumme, pek-, l\u00e5ng- och\/eller halva ringfinger. Symptomen f\u00f6rekommer vanligen nattetid och kan d\u00e5 ge st\u00f6rd natts\u00f6mn, men kan \u00e4ven upptr\u00e4da vid olika aktiviteter, t.ex. bilk\u00f6rning. Ofta f\u00f6rsvinner besv\u00e4ren n\u00e4r man skakat ig\u00e5ng handen eller anv\u00e4nt den en stund. Ibland [&hellip;]<\/p>\n","protected":false},"author":3,"featured_media":0,"parent":25,"menu_order":1,"comment_status":"closed","ping_status":"closed","template":"","meta":{"footnotes":""},"class_list":["post-230","page","type-page","status-publish","hentry"],"translation":{"provider":"WPGlobus","version":"3.0.0","language":"en","enabled_languages":["sv","da","en"],"languages":{"sv":{"title":true,"content":true,"excerpt":false},"da":{"title":false,"content":false,"excerpt":false},"en":{"title":false,"content":false,"excerpt":false}}},"acf":[],"wps_subtitle":"","_links":{"self":[{"href":"https:\/\/activemotion.se\/en\/wp-json\/wp\/v2\/pages\/230","targetHints":{"allow":["GET"]}}],"collection":[{"href":"https:\/\/activemotion.se\/en\/wp-json\/wp\/v2\/pages"}],"about":[{"href":"https:\/\/activemotion.se\/en\/wp-json\/wp\/v2\/types\/page"}],"author":[{"embeddable":true,"href":"https:\/\/activemotion.se\/en\/wp-json\/wp\/v2\/users\/3"}],"replies":[{"embeddable":true,"href":"https:\/\/activemotion.se\/en\/wp-json\/wp\/v2\/comments?post=230"}],"version-history":[{"count":6,"href":"https:\/\/activemotion.se\/en\/wp-json\/wp\/v2\/pages\/230\/revisions"}],"predecessor-version":[{"id":2020,"href":"https:\/\/activemotion.se\/en\/wp-json\/wp\/v2\/pages\/230\/revisions\/2020"}],"up":[{"embeddable":true,"href":"https:\/\/activemotion.se\/en\/wp-json\/wp\/v2\/pages\/25"}],"wp:attachment":[{"href":"https:\/\/activemotion.se\/en\/wp-json\/wp\/v2\/media?parent=230"}],"curies":[{"name":"wp","href":"https:\/\/api.w.org\/{rel}","templated":true}]}}