{"id":2397,"date":"2020-10-10T17:11:27","date_gmt":"2020-10-10T15:11:27","guid":{"rendered":"https:\/\/activemotion.se\/?page_id=2397"},"modified":"2026-03-12T19:57:16","modified_gmt":"2026-03-12T18:57:16","slug":"medpreop","status":"publish","type":"page","link":"https:\/\/activemotion.se\/en\/om-activemotion\/info\/medpreop\/","title":{"rendered":"Medicinering innan Kirurgi"},"content":{"rendered":"<h3>Blodf\u00f6rtunnande skall vanligtvis uts\u00e4ttas innan kirurgi<\/h3>\n<p>Clopidogrel (<a href=\"https:\/\/fass.se\/LIF\/substance?userType=2&amp;substanceId=IDE4POFLUB372VERT1\" target=\"_blank\" rel=\"noopener noreferrer\">Klopidogrel<\/a>) s\u00e4ttas ut 7 dagar f\u00f6re OP<\/p>\n<p>Eliquis (<a href=\"https:\/\/fass.se\/LIF\/result?query=Apixaban&amp;userType=2\" target=\"_blank\" rel=\"noopener noreferrer\">Apixaban<\/a>) b\u00f6r s\u00e4ttas ut minst 48 timmar f\u00f6re elektiv kirurgi<\/p>\n<p>Pradaxa (<a href=\"https:\/\/fass.se\/LIF\/product?userType=0&amp;nplId=20070309000098\" target=\"_blank\" rel=\"noopener noreferrer\">Dabigatranetexilat<\/a>) s\u00e4ttas ut 2-4 dagar f\u00f6re OP (Tidigare vid nedsatt njurfunktion)<\/p>\n<p>Xarelto (<a href=\"https:\/\/fass.se\/LIF\/result?query=Rivaroxaban&amp;userType=2\" target=\"_blank\" rel=\"noopener noreferrer\">Rivaroxaban<\/a>) skall uts\u00e4ttas 24 timmar innan OP<\/p>\n<p>Trombyl (<a href=\"https:\/\/fass.se\/product\/19910906000043\/pl\">Acetylsalicylsyre<\/a>) pauseras 7 dagar innan kirurgi<br \/>\nom det bed\u00f6ms n\u00f6dv\u00e4ndigt att stoppa behandlingen<\/p>\n<p>Du kan altid fr\u00e5ga din Distriktsl\u00e4kare eller p\u00e5 ditt AK-Lab.<\/p>\n","protected":false},"excerpt":{"rendered":"<p>Blodf\u00f6rtunnande skall vanligtvis uts\u00e4ttas innan kirurgi Clopidogrel (Klopidogrel) s\u00e4ttas ut 7 dagar f\u00f6re OP Eliquis (Apixaban) b\u00f6r s\u00e4ttas ut minst 48 timmar f\u00f6re elektiv kirurgi Pradaxa (Dabigatranetexilat) s\u00e4ttas ut 2-4 dagar f\u00f6re OP (Tidigare vid nedsatt njurfunktion) Xarelto (Rivaroxaban) skall uts\u00e4ttas 24 timmar innan OP Trombyl (Acetylsalicylsyre) pauseras 7 dagar innan kirurgi om det bed\u00f6ms [&hellip;]<\/p>\n","protected":false},"author":3,"featured_media":0,"parent":44,"menu_order":1,"comment_status":"closed","ping_status":"closed","template":"","meta":{"footnotes":""},"class_list":["post-2397","page","type-page","status-publish","hentry"],"translation":{"provider":"WPGlobus","version":"3.0.0","language":"en","enabled_languages":["sv","da","en"],"languages":{"sv":{"title":true,"content":true,"excerpt":false},"da":{"title":false,"content":false,"excerpt":false},"en":{"title":false,"content":false,"excerpt":false}}},"acf":[],"wps_subtitle":"Medicinering","_links":{"self":[{"href":"https:\/\/activemotion.se\/en\/wp-json\/wp\/v2\/pages\/2397","targetHints":{"allow":["GET"]}}],"collection":[{"href":"https:\/\/activemotion.se\/en\/wp-json\/wp\/v2\/pages"}],"about":[{"href":"https:\/\/activemotion.se\/en\/wp-json\/wp\/v2\/types\/page"}],"author":[{"embeddable":true,"href":"https:\/\/activemotion.se\/en\/wp-json\/wp\/v2\/users\/3"}],"replies":[{"embeddable":true,"href":"https:\/\/activemotion.se\/en\/wp-json\/wp\/v2\/comments?post=2397"}],"version-history":[{"count":5,"href":"https:\/\/activemotion.se\/en\/wp-json\/wp\/v2\/pages\/2397\/revisions"}],"predecessor-version":[{"id":2421,"href":"https:\/\/activemotion.se\/en\/wp-json\/wp\/v2\/pages\/2397\/revisions\/2421"}],"up":[{"embeddable":true,"href":"https:\/\/activemotion.se\/en\/wp-json\/wp\/v2\/pages\/44"}],"wp:attachment":[{"href":"https:\/\/activemotion.se\/en\/wp-json\/wp\/v2\/media?parent=2397"}],"curies":[{"name":"wp","href":"https:\/\/api.w.org\/{rel}","templated":true}]}}