{"id":240,"date":"2017-07-12T17:26:36","date_gmt":"2017-07-12T15:26:36","guid":{"rendered":"http:\/\/www.activemotion.dk\/?page_id=240"},"modified":"2017-10-22T19:38:20","modified_gmt":"2017-10-22T17:38:20","slug":"axelluxation","status":"publish","type":"page","link":"https:\/\/activemotion.se\/en\/skulder\/axelluxation\/","title":{"rendered":"Axelluxation"},"content":{"rendered":"<h3><b>Bra att veta om Fr\u00e4mre axelluxation &#8211; akut<\/b><\/h3>\n<h6><i><b>Senast uppdaterad\u00a0<\/b><\/i><i>1. september 2017<\/i><\/h6>\n<p><b>Orsak<br \/>\n<\/b>Fall, oftast mot utstr\u00e4ckt hand\/arm.<\/p>\n<p><b>Behandling<br \/>\n<\/b>Du har haft axeln ur led, en traumatisk axelluxation. Axeln\u00a0har p\u00e5 akuten dragits r\u00e4tt (reponerats) och l\u00e4get har kontrollerats\u00a0med r\u00f6ntgen.\u00a0<b><br \/>\n<\/b><\/p>\n<p><b>F\u00f6rv\u00e4ntat resultat<br \/>\n<\/b>De flesta blir bra efter en axelluxation. Det \u00e4r naturligt att\u00a0detta g\u00f6r ont en tid s\u00e5 du kan beh\u00f6va dels ha armen i band\u00a0och dels ta sm\u00e4rtstillande mediciner. Den tr\u00e4ning som kan\u00a0beh\u00f6vas \u00e4r i b\u00f6rjan f\u00f6r att undvika stelhet. F\u00e5r du inte upp\u00a0armen ovanf\u00f6r huvudet eller om n\u00e5gon del av armen k\u00e4nns\u00a0domnad efter 2 veckor b\u00f6r du ses av ortoped.<b><br \/>\n<\/b><\/p>\n<p><b>Vad kan jag g\u00f6ra sj\u00e4lv<br \/>\n<\/b>Det \u00e4r st\u00f6rst risk i b\u00f6rjan att den hoppar ur led p\u00e5 nytt. F\u00f6r\u00a0<b><\/b>att undvika det ska du inte ta upp armen i kastr\u00f6relse samt\u00a0undvika aktiviteter d\u00e4r man ramlar mycket, under de\u00a0f\u00f6rsta 6 veckorna.<br \/>\nIbland blir tyv\u00e4rr axeln \u00e4nd\u00e5 instabil och den risken \u00e4r stor\u00a0om man \u00e4r under 20 \u00e5r n\u00e4r luxationen intr\u00e4ffar. Risken\u00a0sjunker mycket snabbt med stigande \u00e5lder. Det finns inget\u00a0du sj\u00e4lv kan g\u00f6ra f\u00f6r att minska denna risk, f\u00f6rutom den\u00a0f\u00f6rsta tidens f\u00f6rsiktighet.<\/p>\n<p><b>Operation<br \/>\n<\/b>Om axeln forts\u00e4tter att hoppa ur led eller k\u00e4nns ostadig b\u00f6r\u00a0man \u00f6verv\u00e4ga en operation. Vi s\u00e4tter d\u00e5 tillbaka det ledbandsf\u00e4ste\u00a0som i s\u00e5dant fall oftast ryckts loss vid luxationen.<b><br \/>\n<\/b><\/p>\n<p><b>Fr\u00e5gor\/\u00e5terbes\u00f6k<br \/>\n<\/b>Om du har ytterligare fr\u00e5gor, eller inte \u00e4r bra efter 3 m\u00e5nader\u00a0kan du boka tid f\u00f6r \u00e5terbes\u00f6k hos din operat\u00f6r.\u00a0Om axeln senare under livet skapar besv\u00e4r g\u00f6r vi g\u00e4rna en ny bed\u00f6mning.<\/p>\n","protected":false},"excerpt":{"rendered":"<p>Bra att veta om Fr\u00e4mre axelluxation &#8211; akut Senast uppdaterad\u00a01. september 2017 Orsak Fall, oftast mot utstr\u00e4ckt hand\/arm. Behandling Du har haft axeln ur led, en traumatisk axelluxation. Axeln\u00a0har p\u00e5 akuten dragits r\u00e4tt (reponerats) och l\u00e4get har kontrollerats\u00a0med r\u00f6ntgen.\u00a0 F\u00f6rv\u00e4ntat resultat De flesta blir bra efter en axelluxation. Det \u00e4r naturligt att\u00a0detta g\u00f6r ont en [&hellip;]<\/p>\n","protected":false},"author":3,"featured_media":0,"parent":18,"menu_order":2,"comment_status":"closed","ping_status":"closed","template":"","meta":{"footnotes":""},"class_list":["post-240","page","type-page","status-publish","hentry"],"translation":{"provider":"WPGlobus","version":"3.0.0","language":"en","enabled_languages":["sv","da","en"],"languages":{"sv":{"title":true,"content":true,"excerpt":false},"da":{"title":true,"content":true,"excerpt":false},"en":{"title":false,"content":false,"excerpt":false}}},"acf":[],"wps_subtitle":"","_links":{"self":[{"href":"https:\/\/activemotion.se\/en\/wp-json\/wp\/v2\/pages\/240","targetHints":{"allow":["GET"]}}],"collection":[{"href":"https:\/\/activemotion.se\/en\/wp-json\/wp\/v2\/pages"}],"about":[{"href":"https:\/\/activemotion.se\/en\/wp-json\/wp\/v2\/types\/page"}],"author":[{"embeddable":true,"href":"https:\/\/activemotion.se\/en\/wp-json\/wp\/v2\/users\/3"}],"replies":[{"embeddable":true,"href":"https:\/\/activemotion.se\/en\/wp-json\/wp\/v2\/comments?post=240"}],"version-history":[{"count":9,"href":"https:\/\/activemotion.se\/en\/wp-json\/wp\/v2\/pages\/240\/revisions"}],"predecessor-version":[{"id":2024,"href":"https:\/\/activemotion.se\/en\/wp-json\/wp\/v2\/pages\/240\/revisions\/2024"}],"up":[{"embeddable":true,"href":"https:\/\/activemotion.se\/en\/wp-json\/wp\/v2\/pages\/18"}],"wp:attachment":[{"href":"https:\/\/activemotion.se\/en\/wp-json\/wp\/v2\/media?parent=240"}],"curies":[{"name":"wp","href":"https:\/\/api.w.org\/{rel}","templated":true}]}}