{"id":255,"date":"2017-07-12T17:29:31","date_gmt":"2017-07-12T15:29:31","guid":{"rendered":"http:\/\/www.activemotion.dk\/?page_id=255"},"modified":"2017-10-22T19:11:42","modified_gmt":"2017-10-22T17:11:42","slug":"axelartros","status":"publish","type":"page","link":"https:\/\/activemotion.se\/en\/skulder\/axelartros\/","title":{"rendered":"AxelArtros"},"content":{"rendered":"<h3>Bra att veta om Axelartros<\/h3>\n<h6>Senast uppdaterad\u00a0September 2017<\/h6>\n<p>Axelatros uppkommer n\u00e4r ledbrosket i axeln \u00e4r skadat, och kan behandlas med sjukgymnastik och cortisoninjektioner, men \u00e4ven genom operation i sv\u00e5rare fall.<\/p>\n<p><strong>Bakgrund<\/strong><br \/>\nLedytorna i axelleden \u00e4r bekl\u00e4dda med ett tunt ledyte\u00adbrosk som fungerar som en glidyta i axelleden. Vid artros \u00e4r ledyte\u00adbrosket skadat och funktionen i axelleden blir d\u00e4rf\u00f6r f\u00f6rs\u00e4mrad.<\/p>\n<p><strong>Symtom<\/strong><br \/>\nSm\u00e4rta, stelhet och ibland svullnad.<\/p>\n<p><strong>Orsak<\/strong><br \/>\nTidigare olycksfall, t ex fraktur eller att axelleden slagits ur led \u00f6kar risken f\u00f6r artros, men i de flesta fall \u00e4r orsaken ok\u00e4nd.<\/p>\n<p><strong>Vem drabbas?<\/strong><br \/>\nAxelartros drabbar b\u00e5de m\u00e4n och kvinnor. Symtom fr\u00e5n sjukdomen \u00e4r ovanlig f\u00f6re 50 \u00e5rs \u00e5lder, de flesta \u00e4r \u00f6ver 65 \u00e5r.<\/p>\n<p><strong>Vad kan jag g\u00f6ra sj\u00e4lv?<\/strong><br \/>\nDet \u00e4r viktigt att anv\u00e4nda armen till l\u00e4ttare vardagsg\u00f6rom\u00e5l f\u00f6r att bibeh\u00e5lla r\u00f6rlighet och funktion. Sm\u00e4rtlindrande l\u00e4kemedel kan underl\u00e4tta att leva med besv\u00e4ren.<\/p>\n<p><strong>Vad kan prim\u00e4rv\u00e5rd\/sjukgymnast g\u00f6ra?<\/strong><br \/>\nOm besv\u00e4ren \u00e4r lindriga kan husl\u00e4karen skriva ut sm\u00e4rtlindrande mediciner, och p\u00e5 detta s\u00e4tt kan besv\u00e4ren mildras. Ibland kan en cortisonspruta in i leden hj\u00e4lpa. Ibland ges s\u00e5dana injektioner ocks\u00e5 av en ortopedspecialist.<br \/>\nSjukgymnasten kan bidra med tr\u00e4ningsprogram och r\u00e5dgivning f\u00f6r att bibeh\u00e5lla muskelstyrka och r\u00f6rlighet.<\/p>\n<p><strong>Vad kan en ortopedspecialist g\u00f6ra?<\/strong><br \/>\nOm sjukgymnastik och eventuella injektioner inte har tillr\u00e4cklig effekt kan man operera in en konstgjord axelled (axelprotes).<br \/>\nDen nya axelleden best\u00e5r av en metallkula och en plastsk\u00e5l. I de flesta fall s\u00e4tts en &#8220;helprotes&#8221; in, dvs b\u00e5de ledkula och ledsk\u00e5l byts ut. Operations\u00ads\u00e5ret placeras p\u00e5 axel\u00adledens framsida och \u00e4r ungef\u00e4r 12-14 cm l\u00e5ngt. Du f\u00e5r ligga kvar p\u00e5 sjukhuset 2 dagar efter operationen och b\u00f6rjar med sjukgymnastik p\u00e5 avdelningen. Efter 2 -3 m\u00e5nader kan du anv\u00e4nda armen ganska bra i vardagslivet, tex k\u00f6ra bil mm., men slutresultatet uppn\u00e5s f\u00f6rst efter ca ett \u00e5r.<\/p>\n<p><strong>Risker<\/strong><br \/>\nKomplikationer \u00e4r ovanliga men nerv\u00adskador, urledvridning och infektion av den nya leden kan intr\u00e4ffa. Varningssignaler f\u00f6r \u00adinfektion \u00e4r h\u00f6g feber, svullnad och \u00f6kande sm\u00e4rta.<\/p>\n<p><strong>F\u00f6rv\u00e4ntat resultat<\/strong><br \/>\nResultatet efter en operation blir i allm\u00e4nhet mycket bra. De allra flesta upplever mycket bra sm\u00e4rtlindring och en b\u00e4ttre r\u00f6relsef\u00f6rm\u00e5ga. Det \u00e4r viktigt med tr\u00e4ning och sjukgymnastik efter operation f\u00f6r b\u00e4sta m\u00f6jliga slutresultat.<\/p>\n<p><strong>Sjukskrivning \/ Rehabilitering<\/strong><br \/>\nOm du har ett kontorsarbete kan du ofta b\u00f6rja arbeta \u00adefter 3-5 veckor, \u00e5tminstone deltid. Har du ett tyngre arbete beh\u00f6vs ofta l\u00e4ngre sjukskrivning, 3-4 m\u00e5nader.<\/p>\n","protected":false},"excerpt":{"rendered":"<p>Bra att veta om Axelartros Senast uppdaterad\u00a0September 2017 Axelatros uppkommer n\u00e4r ledbrosket i axeln \u00e4r skadat, och kan behandlas med sjukgymnastik och cortisoninjektioner, men \u00e4ven genom operation i sv\u00e5rare fall. Bakgrund Ledytorna i axelleden \u00e4r bekl\u00e4dda med ett tunt ledyte\u00adbrosk som fungerar som en glidyta i axelleden. Vid artros \u00e4r ledyte\u00adbrosket skadat och funktionen i [&hellip;]<\/p>\n","protected":false},"author":3,"featured_media":0,"parent":18,"menu_order":4,"comment_status":"closed","ping_status":"closed","template":"","meta":{"footnotes":""},"class_list":["post-255","page","type-page","status-publish","hentry"],"translation":{"provider":"WPGlobus","version":"3.0.0","language":"en","enabled_languages":["sv","da","en"],"languages":{"sv":{"title":true,"content":true,"excerpt":false},"da":{"title":false,"content":false,"excerpt":false},"en":{"title":false,"content":false,"excerpt":false}}},"acf":[],"wps_subtitle":"","_links":{"self":[{"href":"https:\/\/activemotion.se\/en\/wp-json\/wp\/v2\/pages\/255","targetHints":{"allow":["GET"]}}],"collection":[{"href":"https:\/\/activemotion.se\/en\/wp-json\/wp\/v2\/pages"}],"about":[{"href":"https:\/\/activemotion.se\/en\/wp-json\/wp\/v2\/types\/page"}],"author":[{"embeddable":true,"href":"https:\/\/activemotion.se\/en\/wp-json\/wp\/v2\/users\/3"}],"replies":[{"embeddable":true,"href":"https:\/\/activemotion.se\/en\/wp-json\/wp\/v2\/comments?post=255"}],"version-history":[{"count":3,"href":"https:\/\/activemotion.se\/en\/wp-json\/wp\/v2\/pages\/255\/revisions"}],"predecessor-version":[{"id":2026,"href":"https:\/\/activemotion.se\/en\/wp-json\/wp\/v2\/pages\/255\/revisions\/2026"}],"up":[{"embeddable":true,"href":"https:\/\/activemotion.se\/en\/wp-json\/wp\/v2\/pages\/18"}],"wp:attachment":[{"href":"https:\/\/activemotion.se\/en\/wp-json\/wp\/v2\/media?parent=255"}],"curies":[{"name":"wp","href":"https:\/\/api.w.org\/{rel}","templated":true}]}}