{"id":35,"date":"2017-02-02T16:56:18","date_gmt":"2017-02-02T15:56:18","guid":{"rendered":"http:\/\/www.activemotion.dk\/?page_id=35"},"modified":"2026-03-12T20:04:19","modified_gmt":"2026-03-12T19:04:19","slug":"om-oss","status":"publish","type":"page","link":"https:\/\/activemotion.se\/en\/om-activemotion\/om-oss\/","title":{"rendered":"Vi vill"},"content":{"rendered":"<p><strong>Activemotion<\/strong> vill erbjuda ortopedisk kirurgi till svenska medborgare i hela Sverige.<\/p>\r\n<p>G\u00f6ra det enkelt att f\u00e5 en bed\u00f6mning av r\u00f6relseapparatens problem<br \/>G\u00f6ra det enkelt at bli unders\u00f8gt af Ortoped<br \/>G\u00f6ra det enkelt f\u00f6r Familjel\u00e4karen att remmitera till Ortoped<br \/>G\u00f6ra det enkelt att erbjuda den behandling patienten beh\u00f6ver &#8211; n\u00e4r det beh\u00f6vs.<\/p>\r\n<p style=\"text-align: center;\"><strong>Vi tar v\u00e5rt motto allvarligt:<\/strong><\/p>\r\n<h1 style=\"text-align: center;\"><strong>Kompetens\u00a0 \u00a0&#8211;\u00a0 \u00a0Kontinuitet\u00a0 \u00a0&#8211;\u00a0 \u00a0Tillg\u00e4nglighet<\/strong><\/h1>\r\n<p>&nbsp;<\/p>\r\n<p style=\"text-align: center;\">&#8212;&#8211; # &#8212;&#8211;<\/p>\r\n<p><\/p>\r\n<p>Hos Activemotion har vi ocks\u00e5 Specialist i Almen Medicin, Gynekolog, \u00d6ron-N\u00e4sa-Hals specialist och AlmenKirurg.<\/p>\r\n<p><\/p>\r\n<p><\/p>\r\n<p>Ring Sekretariatet f\u00f6r tidsbokning.<\/p>\r\n<p><\/p>","protected":false},"excerpt":{"rendered":"<p>Activemotion vill erbjuda ortopedisk kirurgi till svenska medborgare i hela Sverige. G\u00f6ra det enkelt att f\u00e5 en bed\u00f6mning av r\u00f6relseapparatens problemG\u00f6ra det enkelt at bli unders\u00f8gt af OrtopedG\u00f6ra det enkelt f\u00f6r Familjel\u00e4karen att remmitera till OrtopedG\u00f6ra det enkelt att erbjuda den behandling patienten beh\u00f6ver &#8211; n\u00e4r det beh\u00f6vs. Vi tar v\u00e5rt motto allvarligt: Kompetens\u00a0 \u00a0&#8211;\u00a0 [&hellip;]<\/p>\n","protected":false},"author":1,"featured_media":0,"parent":32,"menu_order":2,"comment_status":"closed","ping_status":"closed","template":"","meta":{"footnotes":""},"class_list":["post-35","page","type-page","status-publish","hentry"],"translation":{"provider":"WPGlobus","version":"3.0.0","language":"en","enabled_languages":["sv","da","en"],"languages":{"sv":{"title":true,"content":true,"excerpt":false},"da":{"title":true,"content":true,"excerpt":false},"en":{"title":false,"content":false,"excerpt":false}}},"acf":[],"wps_subtitle":"","_links":{"self":[{"href":"https:\/\/activemotion.se\/en\/wp-json\/wp\/v2\/pages\/35","targetHints":{"allow":["GET"]}}],"collection":[{"href":"https:\/\/activemotion.se\/en\/wp-json\/wp\/v2\/pages"}],"about":[{"href":"https:\/\/activemotion.se\/en\/wp-json\/wp\/v2\/types\/page"}],"author":[{"embeddable":true,"href":"https:\/\/activemotion.se\/en\/wp-json\/wp\/v2\/users\/1"}],"replies":[{"embeddable":true,"href":"https:\/\/activemotion.se\/en\/wp-json\/wp\/v2\/comments?post=35"}],"version-history":[{"count":22,"href":"https:\/\/activemotion.se\/en\/wp-json\/wp\/v2\/pages\/35\/revisions"}],"predecessor-version":[{"id":2742,"href":"https:\/\/activemotion.se\/en\/wp-json\/wp\/v2\/pages\/35\/revisions\/2742"}],"up":[{"embeddable":true,"href":"https:\/\/activemotion.se\/en\/wp-json\/wp\/v2\/pages\/32"}],"wp:attachment":[{"href":"https:\/\/activemotion.se\/en\/wp-json\/wp\/v2\/media?parent=35"}],"curies":[{"name":"wp","href":"https:\/\/api.w.org\/{rel}","templated":true}]}}