{"id":37,"date":"2017-02-02T16:56:38","date_gmt":"2017-02-02T15:56:38","guid":{"rendered":"http:\/\/www.activemotion.dk\/?page_id=37"},"modified":"2019-12-10T12:02:54","modified_gmt":"2019-12-10T11:02:54","slug":"ris-og-ros","status":"publish","type":"page","link":"https:\/\/activemotion.se\/en\/om-activemotion\/ris-og-ros\/","title":{"rendered":"Ris og ros"},"content":{"rendered":"<h4><span class=\"tlid-translation translation\" lang=\"sv\"><span class=\"\" title=\"\">H\u00e4r \u00e4r n\u00e5gra tidigare<\/span><\/span> betyg av Activemotions service<\/h4>\n<h2>&#8212;&#8212;&#8212;&#8212;&#8212;&#8212;&#8212;&#8212;&#8212;&#8212;&#8212;&#8212;&#8212;&#8212;&#8212;&#8212;&#8212;&#8212;&#8212;&#8212;&#8212;&#8212;&#8212;&#8212;&#8212;&#8212;&#8212;&#8212;&#8212;&#8212;&#8212;&#8212;&#8212;&#8212;&#8212;&#8212;&#8212;&#8212;&#8212;&#8212;&#8212;&#8211;<\/h2>\n<p><em>Michael Lapp\u00e9 skriver:<\/em><\/p>\n<p>Hej.<br \/>\nDet var sv\u00e5rt att se, var hur man skulle anm\u00e4la sig inf\u00f6r bes\u00f6ket till Ole. Jag luskade dock ut det och prata med Ole om det, och han skulle absolut skriva b\u00e4ttre info p\u00e5 tavlan innanf\u00f6r d\u00f6rren.<br \/>\nTrevlig Dr. som f\u00f6rklarade precis som det var i mitt fall.<br \/>\nJag \u00e4r n\u00f6jd s\u00e5 l\u00e4nge.<\/p>\n<hr \/>\n<p><em>Lena Gunnarsson skriver:<\/em><\/p>\n<p>Hej! Jag tyckte att jag blev bra bem\u00f6tt vid mitt bes\u00f6k. Jag fick svar p\u00e5 mina fr\u00e5gor och lite tips p\u00e5 vad jag kunde g\u00f6ra. Det k\u00e4ndes bra n\u00e4r jag gick d\u00e4rifr\u00e5n.<br \/>\nMed v\u00e4nlig h\u00e4lsning, Lena.<\/p>\n<hr \/>\n<p><em>Jan skriver:<\/em><\/p>\n<p>Fick tid snabbt och det k\u00e4ndes som en mycket seri\u00f6s l\u00e4kare och proffsigt bem\u00f6tande. Kan verkligen rekommendera Ole.Jag h\u00e5ller med f\u00f6reg\u00e5ende att b\u00e4ttre infon att man skulle anm\u00e4la sig i reception f\u00f6rst hade varit bra.<br \/>\nJan<\/p>\n<hr \/>\n<p><em>Anna-Lena J\u00f6nsson skriver:<\/em><\/p>\n<p>Tack f\u00f6r trevligt bem\u00f6tande.<br \/>\nJag tycker det redan k\u00e4nns b\u00e4ttre .<br \/>\nMen jag hade en fr\u00e5ga och gick in p\u00e5 hemsidan och skrev , tror inte det s\u00e4ndes iv\u00e4g. S\u00e5 kolla upp hemsidan , eller har fr\u00e5gan kommit fram men jag inte f\u00e5tt svar ?<\/p>\n<hr \/>\n<p><em>Lena \u00d6stlund skriver:<\/em><\/p>\n<p>Ett mycket seri\u00f6st o proffsigt bem\u00f6tande.<br \/>\nAldrig blivit s\u00e5 bra bem\u00f6tt tidigare inom sjukv\u00e5rden\u2026<br \/>\nFick en tid p\u00e5 bara n\u00e5gra dagar\u2026<br \/>\nK\u00e4nns bra efter operationen o nu fokusera p\u00e5 rehab\u2026<br \/>\nTack Ole o all gullig personal<br \/>\n\/\/Lena<\/p>\n<hr \/>\n<p><em>Joanna skriver:<\/em><\/p>\n<p>Rekommenderas varmt. F\u00f6rtroendeingivande och tydligt bem\u00f6tande.<\/p>\n<hr \/>\n<p><em>Britt Johansson skriver:<\/em><\/p>\n<p>L\u00e4tt att f\u00e5 tid. Ingen v\u00e4ntetid vid bes\u00f6ket. Mycket trevligt bem\u00f6tande fr\u00e5n l\u00e4kare. L\u00e4tt att prata med. Har vara ros att ge.<\/p>\n<hr \/>\n<p><em>Malin skriver:<\/em><\/p>\n<p>Fick tid snabbt och upplevde Ole v\u00e4ldigt kompetent samt bra bem\u00f6tande. K\u00e4nde mig n\u00f6jd efter\u00e5t.<\/p>\n<hr \/>\n<p><em>Roger hansson skriver:<\/em><\/p>\n<p>Fick tid snabbt \u00f6nskar bara jag hade tr\u00e4ffat ole innan<br \/>\nvisste direkt vad han talade om. Jag \u00e4r mycket n\u00f6jd med mitt bes\u00f6k<\/p>\n<hr \/>\n<p><em>Anna-Lena Willman skriver:<\/em><\/p>\n<p>Hej<br \/>\nBra bem\u00f6tande<br \/>\nSnabb tid<br \/>\nDuktig doktor.<\/p>\n<hr \/>\n<p><em>Lena Kristensen skriver:<\/em><\/p>\n<p>Fick mycket bra mottagande , och \u00e4r glad att jag gick dit.<\/p>\n<hr \/>\n<p><em>Britt-Marie Kauranen skriver:<\/em><\/p>\n<p>Mycket v\u00e4l bem\u00f6tt, \u00e4r glad att jag tog tag i det har under fyra \u00e5r f\u00e5tt veta att det inte var n\u00e5got att g\u00f6ra, nu skall vi g\u00e5 vidare<\/p>\n<hr \/>\n<p><em>Lena \u00d6stlund skriver:<\/em><\/p>\n<p>Snabb tid o trevligt\/proffsigt bem\u00f6tande som alltid\u2026<br \/>\nMycket n\u00f6jd<\/p>\n<hr \/>\n<p><em>Christina skriver:<\/em><\/p>\n<p>Trevlig l\u00e4kare. Vanligt bem\u00f6tt. Fick lite svar. L\u00e4tt att f\u00f6rst\u00e5!!<br \/>\n\/\/Christina<\/p>\n<hr \/>\n<p><em>Kerstin M\u00e5rtensson skriver:<\/em><\/p>\n<p>Fick bra f\u00f6rtroende och \u00e4r mycket n\u00f6jd med operationen och hoppas han \u00e4r kvar<\/p>\n<hr \/>\n<p><em>Kerstin M\u00e5rtensson skriver:<\/em><\/p>\n<p>Mycket bra \u00e4r det n\u00e5gonting kan man n\u00e5 honom<\/p>\n<hr \/>\n<p><em>Maj-Lis Sommer skriver:<\/em><\/p>\n<p>Jag kan bara ge Ole ROS! Allt har fungerat fantastiskt. Jag har p\u00e5 bara 7 m\u00e5nader vid 76 \u00e5rs \u00e5lder f\u00e5tt tv\u00e5 lyckade kn\u00e5operationer utf\u00f6rda av honom p\u00e5 Kysthospitalet. Jag \u00e4r utomordentligt n\u00f6jd och har bara postitivt att s\u00e4ga. Efter att i \u00e5ratal bara f\u00e5tt olika tabletter inom v\u00e5rden utan n\u00e5gon funktion och ingen remiss till ortoped, tog jag saken i egna h\u00e4nder och kontaktade Ole J. Vilket bra beslut och t\u00e4nk om den svenska v\u00e5rden hade fungerat s\u00e5! Ole tar sig tid, intresserar sig f\u00f6r patienten, lyssnar och visar stor medm\u00e4nsklighet. Tack!<\/p>\n<hr \/>\n<p><em>Kajsa Kihlberg skriver:<\/em><\/p>\n<p>Tycker att han \u00e4r l\u00e4tt att prata med och man f\u00e5r poffesionella svar<\/p>\n<hr \/>\n<p><em>Ulla-Britt Svensson skriver:<\/em><\/p>\n<p>Trevligt bem\u00f6tande och snabbt tid f\u00f6r unders\u00f6kning och en bra<br \/>\nf\u00f6rklaring p\u00e5 mitt problem. Allt verkar mycket seri\u00f6st och genomt\u00e4nkt. Fick \u00e4ven tid f\u00f6r operation inom v\u00e4ldigt kort tid.<br \/>\nUlla-Britt<\/p>\n<hr \/>\n<p><em>Merja Svensson skriver:<\/em><\/p>\n<p>Fick snabbt tid , noggrann unders\u00f6kning , 2 remisser av en mycket kompetent l\u00e4kare. V\u00e4ldigt n\u00f6jd. G\u00e5tt hos andra l\u00e4kare som inte \u201dorkat\u201d bry sig alls utan bara ansett sm\u00e4rtstillande duger\u2026<br \/>\nNu ska jag \u00e4ntligen bli bra och kunna g\u00e5 normalt igen.<br \/>\nTack Ole.<\/p>\n<hr \/>\n<p><em>Charlotta Greiff skriver:<\/em><\/p>\n<p>Idag har jag f\u00f6r f\u00f6rsta g\u00e5ngen p\u00e5 drygt 10 \u00e5r kunnat springa lite!<br \/>\nDetta tack vare hj\u00e4lp fr\u00e5n ortoped Ole, med op av mitt kn\u00e4 i juni. K\u00e4nslan att kunna r\u00f6ra sig igen p\u00e5 detta s\u00e4tt \u00e4r ov\u00e4rderlig!<br \/>\nS\u00e5 f\u00f6rst\u00e5r att m\u00e5nga s\u00f6ker sig till activemotion,!!!<\/p>\n<hr \/>\n<p><em>Birger skriver:<\/em><\/p>\n<p>V\u00e4ldigt n\u00f6jd!\/\/Birger<\/p>\n<hr \/>\n<p><em>Elisa Salomonhill skriver:<\/em><\/p>\n<p>Positivt att f\u00e5 tid s\u00e5 snabbt. M\u00e4rkte att Ole var proffsig och erfaren. Konstaterade med en g\u00e5ng var problemet fanns. F\u00f6rklarade p\u00e5 ett begripligt s\u00e4tt som var l\u00e4tt att f\u00f6rst\u00e5.<br \/>\nHelhetsintrycket \u00e4r en l\u00e4kare som s\u00e4tter patienten i fokus.<br \/>\nRekommenderas varmt.<\/p>\n<hr \/>\n<p><em>Agneta arvidsson skriver:<\/em><\/p>\n<p>Helt otroligt att man fick tid s\u00e5 snabbt, k\u00e4ndes bra. Trevligt och proffsigt bem\u00f6tande. Fick stort f\u00f6rtroende av denna l\u00e4kare. Mycket n\u00f6jd med bes\u00f6ket.<\/p>\n<hr \/>\n<p><em>Susanne skriver:<\/em><\/p>\n<p>Kunnig, tillm\u00f6tesg\u00e5ende och trevlig l\u00e4karen. Gav goda och tydliga r\u00e5d i vidarebehandling. Har bara gott att s\u00e4ga.<br \/>\nKontakt fick jag via VC jag \u00e4r listad. Inget kr\u00e5ngel.<\/p>\n<hr \/>\n<p><em>Carina Gunnarsson skriver:<\/em><\/p>\n<p>\u00c4ntligen en L\u00e4kare vid namn Ole som tog mina besv\u00e4r p\u00e5 allvar och jag fick tid snabbt. Underbar personal p\u00e5 Kysthospitalet, som tog v\u00e4l hand om mig. Kan varmt rekommendera detta.<br \/>\nS\u00e4nder en Stor kram till er alla<\/p>\n<hr \/>\n<p><em>Erik Olofsson skriver:<\/em><\/p>\n<p>Jag har tr\u00e4ffat Ole n\u00e5gra g\u00e5nger och haft m\u00e5nga fr\u00e5gor om min h\u00f6ftprotes som jag f\u00e5tt efter en cykelolycka, flera andra saker har h\u00e4nt och Ole har tippsat och f\u00f6rklarat p\u00e5 ett proffsigt och kunnigt s\u00e4tt som tagit god tid p\u00e5 sig, jag har g\u00e5tt d\u00e4rifr\u00e5n och k\u00e4nt mig trygg med svaren jag f\u00e5tt och varit v\u00e4ldigt tacksam att man har tillg\u00e5ng till en s\u00e5dan kunnig l\u00e4kare. Rekommenderas.<\/p>\n<hr \/>\n<p><em>Kajsa Kihlberg skriver:<\/em><\/p>\n<p>Jag tyckte Ole var bra och axeln har jag inte haft ont av igen.<br \/>\nN\u00f6jd.<\/p>\n<hr \/>\n<p><em>Gun-Britt Gr\u00f6ndahl skriver:<\/em><\/p>\n<p>Jag kom snabbt till en mycket trevlig Ole ortoped med mycket ont och full medicinering. Ole kom med sin trollstav och jag gick d\u00e4rifr\u00e5n p\u00e5 sm\u00e5 moln. Efter att ha skattat min sm\u00e4rta p\u00e5 en VAS skala till 6-7 i 2 m\u00e5nader g\u00e5r jag d\u00e4rifr\u00e5n och skattar min sm\u00e4rta till 0 idag !!!! Jag har sl\u00e4ngt medicineringen och imorgon blir det \u00e4ntligen golf IGEN !!:=<br \/>\nJag \u00e4r s\u00e5\u00e5\u00e5 glad och tack sn\u00e4lla Ole ortoped f\u00f6r hj\u00e4lpen. Ni beh\u00f6vs s\u00e5 v\u00e4l p\u00e5 mottagningen som dessutom \u00e4r en mycket trevlig mottagning med mycket bra service !<\/p>\n<hr \/>\n<p><em>Bengt S\u00f6derquist skriver:<\/em><\/p>\n<p>L\u00e4tt och snabbt boka tid. Efter att ha tr\u00e4ffat Ole har jag stora f\u00f6rhoppningar om att bli kvitto mina kn\u00e4problem. Tack s\u00e5 h\u00e4r l\u00e5ngt.<\/p>\n<hr \/>\n<p><em>Anders Berglin skriver:<\/em><\/p>\n<p>Ole bytte h\u00f6 h\u00f6ft p\u00e5 Spenshult 2012, sa att v\u00e4 kommer om n\u00e5gra \u00e5r. B\u00f6rjade halta i v\u00e5ras, tr\u00e4ffade Ole 9\/8, op 29\/8. Proffsigt bem\u00f6tande \u00f6verallt, underbar personal p\u00e5 Kysthospitalet. Landstinget f\u00f6reslog sjukgymnastik!!!!!!<\/p>\n<hr \/>\n<p><em>Mouhib skriver:<\/em><\/p>\n<p>Trevlig bem\u00f6tande.<br \/>\nSnabb tid.<br \/>\nUnderbar personal.<br \/>\nDuktig l\u00e4kare.<\/p>\n<hr \/>\n<p><em>Hans Svensson skriver:<\/em><\/p>\n<p>Helt fantastiskt!<br \/>\nEtt bra exempel p\u00e5 Lean metoden, skapar max kundv\u00e4rde\/tillfredsst\u00e4llelse med bra\/effektivt utnyttjande av de resurser man har eller har skapat<\/p>\n<p>Hisse<\/p>\n<hr \/>\n<p><em>Lars-Axel M\u00e5nsson skriver:<\/em><\/p>\n<p>So fare so good<\/p>\n<hr \/>\n<p><em>Stefan Sahlin skriver:<\/em><\/p>\n<p>Har fungerat j\u00e4ttebra! Har f\u00e5tt tips p\u00e5 hur man kan g\u00f6ra \u00f6vningar och blivit behandlad med kortison tills vidare. K\u00e4nns b\u00e4ttre nu, s\u00e5 bara att hoppas det h\u00e5ller i sig.<\/p>\n<hr \/>\n<p><em>Leif Hansson skriver:<\/em><br \/>\nSnabb tid f\u00f6r bes\u00f6k, mycket kompetent doktor, proffsigt bem\u00f6tande. Kan verkligen rekommenderas. V\u00e4ntar nu bara p\u00e5 tips p\u00e5 en bra ortos. Tack Ole<\/p>\n<hr \/>\n<p><em>Elisabeth skriver:<\/em><\/p>\n<p>Fantastiskt proffsigt bem\u00f6tande av Ole. Det h\u00e4r \u00e4r en l\u00e4kare som har koll och som dessutom kan f\u00f6rklara p\u00e5 ett vettigt s\u00e4tt vad som \u00e4r fel och varf\u00f6r. B\u00e4sta l\u00e4karen jag tr\u00e4ffat p\u00e5!<\/p>\n<hr \/>\n<p><em>Charlotta Greiff skriver:<\/em><\/p>\n<p>Upplever det som ovanligt smidigt o proffsigt varje g\u00e5ng jag beh\u00f6ver \u00e5terkomma f\u00f6r r\u00e5d o behandling till Ole J.<br \/>\nDet \u00e4r nu n\u00e4stan 2 \u00e5r sedan f\u00f6rsta akuta bes\u00f6ket o har f\u00e5tt konkret hj\u00e4lp o \u00e4ven blivit op p\u00e5 Kysthospitalet. Fantastiskt p\u00e5 alla s\u00e4tt o mkt h\u00f6gre hygien standard o s\u00e4kerhet \u00e4n vad jag upplevt vid op p\u00e5 svenskt sjukhus.<br \/>\nTack vare behandling i axel o op av kn\u00e4 har jag f\u00e5tt \u00f6kad r\u00f6rlighet o h\u00f6gre livskvalit\u00e9.<\/p>\n<hr \/>\n<p><em>Stig Johansson skriver:<\/em><\/p>\n<p>\u00c4r till 100% heln\u00f6jd med min h\u00f6ftoperation f\u00f6r snart 3 veckor sedan.<br \/>\nSnabbt och mycket trevligt bem\u00f6tande fr\u00e5n f\u00f6rsta kontakten p\u00e5 Tudorkliniken till operationen p\u00e5 Skodsborg. Vilket Sjukhus!,<br \/>\nExtra stort tack till Ole f\u00f6r helprofsig Hj\u00e4lp!<\/p>\n<hr \/>\n<p><em>Kerstin M\u00e5rtensson skriver:<\/em><\/p>\n<p>Fick bra f\u00f6rtroende f\u00f6r Ole och inte l\u00e5ng v\u00e4ntan och operationen gick bra och nu slipper jag v\u00e4rken och f\u00e5r hoppas att han f\u00e5r va kvar.<\/p>\n<hr \/>\n<p><em>Kerstin M\u00e5rtensson skriver:<\/em><\/p>\n<p>Fick bra f\u00f6rtroende f\u00f6r Ole och inte l\u00e5ng v\u00e4ntan och operationen gick bra och nu slipper jag v\u00e4rken och f\u00e5r hoppas att han f\u00e5r vara kvar<\/p>\n<hr \/>\n<p><em>Ingvar Wimhed skriver:<\/em><\/p>\n<p>\u00c4ntligen en kompetent l\u00e4kare som tar hand om sin patient p\u00e5 alla s\u00e4tt och vis. V\u00e4ntar nu p\u00e5 op av kn\u00e4protes efter endast 2 m\u00e5nader, har opererat andra kn\u00e4t ett flertal g\u00e5nger men har aldrig blivit s\u00e5 proffesionellt bem\u00f6tt och framf\u00f6r allt att det \u00e4r samma l\u00e4kare som ordinerar och som sedan opererar.<br \/>\nSer verkligen fram emot operationen.<\/p>\n<hr \/>\n<p><em>Renate Landgren skriver:<\/em><\/p>\n<p>Tack Ole J\u00f6rgensen f\u00f6r all hj\u00e4lp och st\u00f6d b\u00e5de innan och efter kn\u00e4operationen.<br \/>\nProfetionell l\u00e4kare som jag rekommenderar till alla som beh\u00f6ver en ortoped.<br \/>\nOperationen utf\u00f6rdes p\u00e5 kysthospitalet var som att vistas p\u00e5 hotell med trevlig och kunnig personal som verkligen brydde sig. \u00c4r tacksam att denna m\u00f6jlighet finns och att man inte beh\u00f6ver v\u00e4nta halv-eller hel\u00e5rsvis som i den svenska sjukv\u00e5rden.<\/p>\n","protected":false},"excerpt":{"rendered":"<p>H\u00e4r \u00e4r n\u00e5gra tidigare betyg av Activemotions service &#8212;&#8212;&#8212;&#8212;&#8212;&#8212;&#8212;&#8212;&#8212;&#8212;&#8212;&#8212;&#8212;&#8212;&#8212;&#8212;&#8212;&#8212;&#8212;&#8212;&#8212;&#8212;&#8212;&#8212;&#8212;&#8212;&#8212;&#8212;&#8212;&#8212;&#8212;&#8212;&#8212;&#8212;&#8212;&#8212;&#8212;&#8212;&#8212;&#8212;&#8212;&#8211; Michael Lapp\u00e9 skriver: Hej. Det var sv\u00e5rt att se, var hur man skulle anm\u00e4la sig inf\u00f6r bes\u00f6ket till Ole. Jag luskade dock ut det och prata med Ole om det, och han skulle absolut skriva b\u00e4ttre info p\u00e5 tavlan innanf\u00f6r d\u00f6rren. Trevlig Dr. som f\u00f6rklarade precis [&hellip;]<\/p>\n","protected":false},"author":1,"featured_media":0,"parent":32,"menu_order":0,"comment_status":"closed","ping_status":"closed","template":"","meta":{"footnotes":""},"class_list":["post-37","page","type-page","status-publish","hentry"],"translation":{"provider":"WPGlobus","version":"3.0.0","language":"en","enabled_languages":["sv","da","en"],"languages":{"sv":{"title":true,"content":true,"excerpt":false},"da":{"title":false,"content":false,"excerpt":false},"en":{"title":false,"content":false,"excerpt":false}}},"acf":[],"wps_subtitle":"","_links":{"self":[{"href":"https:\/\/activemotion.se\/en\/wp-json\/wp\/v2\/pages\/37","targetHints":{"allow":["GET"]}}],"collection":[{"href":"https:\/\/activemotion.se\/en\/wp-json\/wp\/v2\/pages"}],"about":[{"href":"https:\/\/activemotion.se\/en\/wp-json\/wp\/v2\/types\/page"}],"author":[{"embeddable":true,"href":"https:\/\/activemotion.se\/en\/wp-json\/wp\/v2\/users\/1"}],"replies":[{"embeddable":true,"href":"https:\/\/activemotion.se\/en\/wp-json\/wp\/v2\/comments?post=37"}],"version-history":[{"count":11,"href":"https:\/\/activemotion.se\/en\/wp-json\/wp\/v2\/pages\/37\/revisions"}],"predecessor-version":[{"id":2740,"href":"https:\/\/activemotion.se\/en\/wp-json\/wp\/v2\/pages\/37\/revisions\/2740"}],"up":[{"embeddable":true,"href":"https:\/\/activemotion.se\/en\/wp-json\/wp\/v2\/pages\/32"}],"wp:attachment":[{"href":"https:\/\/activemotion.se\/en\/wp-json\/wp\/v2\/media?parent=37"}],"curies":[{"name":"wp","href":"https:\/\/api.w.org\/{rel}","templated":true}]}}