{"id":40,"date":"2017-02-02T16:58:37","date_gmt":"2017-02-02T15:58:37","guid":{"rendered":"http:\/\/www.activemotion.dk\/?page_id=40"},"modified":"2026-03-13T10:55:48","modified_gmt":"2026-03-13T09:55:48","slug":"booking","status":"publish","type":"page","link":"https:\/\/activemotion.se\/en\/booking\/","title":{"rendered":"Reservera tid hos ortopedkirurgen h\u00e4r"},"content":{"rendered":"<h3><img decoding=\"async\" class=\" wp-image-2323 alignright\" src=\"https:\/\/activemotion.se\/wp-content\/uploads\/BokaTidbw.png\" alt=\"QR Tidsbookning\" width=\"151\" height=\"151\" srcset=\"https:\/\/activemotion.se\/wp-content\/uploads\/BokaTidbw.png 300w, https:\/\/activemotion.se\/wp-content\/uploads\/BokaTidbw-150x150.png 150w\" sizes=\"(max-width: 151px) 100vw, 151px\" \/>Book an appointment with our orthopedic surgeons online here\u00a0<\/h3>\n<p>You may easily make an appointment for your orthopedic evaluation here &gt; (direct link) <a href=\"https:\/\/activemotion.simplybook.it\/v2\/\">https:\/\/activemotion.simplybook.it\/v2\/<\/a><\/p>\n<p><em>The time and place for surgery will be decided together with your orthopedic surgeon.<\/em><\/p>\n<p>You may book an appointment at the following locations:<\/p>\n<ul>\n<li>Halmstad, Halland: Activemotion works in close collaboration with the Tudor Clinic and Our clinic is housed in the Specialist Doctors\u2019 Clinic (Specialistmottagningen) on Brogatan 6 in Halmstad. First and third Tuesday every month.<\/li>\n<li>Skummesl\u00f6vsstrand, Halland: Stora Strandv\u00e4gen 6. Appointments here can be made on the second and fourth Tuesday every month when our surgeons are here.<\/li>\n<li>Malm\u00f6 Sk\u00e5ne: Activemotion is housed in the Cura-kliniken at Erikslust i Malm\u00f6, above Lidl, on Erikslustv\u00e4gen 24.<br \/>Services available every Monday and Wednesday.<\/li>\n<\/ul>\n<p>Patients that come for evaluations referred by, or on consultations from, county council affiliated primary care centers (v\u00e5rdcentraler and\/or private clinics) pay the standard fee of 200 Kr in Halland, and 300 Kr for a specialist doctor\u2019s consultation in Sk\u00e5ne. Swedish high-cost protection for outpatient care applies. <em>(i<strong>.e<\/strong> where the cost of visits to clinics in the region and in other county council areas as well as private healthcare providers are added up, and you will be issued a no charge exemption card once you have reached the threshold of SEK 1 150)<\/em><\/p>\n<p>&nbsp;<\/p>\n<p>Should there be indications for surgery, this will be performed at one of our affiliated hospitals in Denmark. The medical expenses for this may be covered according to Swedish law (SFS 2013:513), and you will be reimbursed by the Swedish F\u00f6rs\u00e4kringskassan once they have approved your application. However, you do have to pay for contingency travel expenses. (Read more about your right to be reimbursed for costs due to medical care in another country within the EU etc): Link to Swedish law (lag) (Svensk F\u00f6rfattningsSamling &gt; <strong><em>SFS Lag (2013:513))<\/em><\/strong><\/p>\n","protected":false},"excerpt":{"rendered":"<p>Book an appointment with our orthopedic surgeons online here\u00a0 You may easily make an appointment for your orthopedic evaluation here &gt; (direct link) https:\/\/activemotion.simplybook.it\/v2\/ The time and place for surgery will be decided together with your orthopedic surgeon. You may book an appointment at the following locations: Halmstad, Halland: Activemotion works in close collaboration with [&hellip;]<\/p>\n","protected":false},"author":1,"featured_media":0,"parent":0,"menu_order":8,"comment_status":"closed","ping_status":"closed","template":"","meta":{"footnotes":""},"class_list":["post-40","page","type-page","status-publish","hentry"],"translation":{"provider":"WPGlobus","version":"3.0.0","language":"en","enabled_languages":["sv","da","en"],"languages":{"sv":{"title":true,"content":true,"excerpt":false},"da":{"title":true,"content":true,"excerpt":false},"en":{"title":false,"content":true,"excerpt":false}}},"acf":[],"wps_subtitle":"Booking","_links":{"self":[{"href":"https:\/\/activemotion.se\/en\/wp-json\/wp\/v2\/pages\/40","targetHints":{"allow":["GET"]}}],"collection":[{"href":"https:\/\/activemotion.se\/en\/wp-json\/wp\/v2\/pages"}],"about":[{"href":"https:\/\/activemotion.se\/en\/wp-json\/wp\/v2\/types\/page"}],"author":[{"embeddable":true,"href":"https:\/\/activemotion.se\/en\/wp-json\/wp\/v2\/users\/1"}],"replies":[{"embeddable":true,"href":"https:\/\/activemotion.se\/en\/wp-json\/wp\/v2\/comments?post=40"}],"version-history":[{"count":65,"href":"https:\/\/activemotion.se\/en\/wp-json\/wp\/v2\/pages\/40\/revisions"}],"predecessor-version":[{"id":1920,"href":"https:\/\/activemotion.se\/en\/wp-json\/wp\/v2\/pages\/40\/revisions\/1920"}],"wp:attachment":[{"href":"https:\/\/activemotion.se\/en\/wp-json\/wp\/v2\/media?parent=40"}],"curies":[{"name":"wp","href":"https:\/\/api.w.org\/{rel}","templated":true}]}}