{"id":850,"date":"2017-11-02T20:04:36","date_gmt":"2017-11-02T19:04:36","guid":{"rendered":"http:\/\/www.activemotion.dk\/?page_id=850"},"modified":"2026-03-12T18:52:31","modified_gmt":"2026-03-12T17:52:31","slug":"tudorkliniken-halmstad","status":"publish","type":"page","link":"https:\/\/activemotion.se\/en\/kliniker\/tudorkliniken-halmstad\/","title":{"rendered":"Tudorklinikens Almenl\u00e4karmottagning, Halmstad"},"content":{"rendered":"<p>Activemotion Ortopedisk Kirurgi<br \/>\nSpecialistl\u00e4karmottagningen<br \/>\nSt.Strandv\u00e4gen 6,<br \/>\n312 72 Skummesl\u00f6vsStrand,<br \/>\n\u260f +46 770 79 18 16:<\/p>\n","protected":false},"excerpt":{"rendered":"<p>Activemotion Ortopedisk Kirurgi Specialistl\u00e4karmottagningen St.Strandv\u00e4gen 6, 312 72 Skummesl\u00f6vsStrand, \u260f +46 770 79 18 16:<\/p>\n","protected":false},"author":1,"featured_media":892,"parent":844,"menu_order":2,"comment_status":"closed","ping_status":"closed","template":"","meta":{"footnotes":""},"class_list":["post-850","page","type-page","status-publish","has-post-thumbnail","hentry"],"translation":{"provider":"WPGlobus","version":"3.0.0","language":"en","enabled_languages":["sv","da","en"],"languages":{"sv":{"title":true,"content":true,"excerpt":false},"da":{"title":true,"content":true,"excerpt":false},"en":{"title":false,"content":true,"excerpt":false}}},"acf":[],"wps_subtitle":"Ortoped i Halmstad","_links":{"self":[{"href":"https:\/\/activemotion.se\/en\/wp-json\/wp\/v2\/pages\/850","targetHints":{"allow":["GET"]}}],"collection":[{"href":"https:\/\/activemotion.se\/en\/wp-json\/wp\/v2\/pages"}],"about":[{"href":"https:\/\/activemotion.se\/en\/wp-json\/wp\/v2\/types\/page"}],"author":[{"embeddable":true,"href":"https:\/\/activemotion.se\/en\/wp-json\/wp\/v2\/users\/1"}],"replies":[{"embeddable":true,"href":"https:\/\/activemotion.se\/en\/wp-json\/wp\/v2\/comments?post=850"}],"version-history":[{"count":39,"href":"https:\/\/activemotion.se\/en\/wp-json\/wp\/v2\/pages\/850\/revisions"}],"predecessor-version":[{"id":983,"href":"https:\/\/activemotion.se\/en\/wp-json\/wp\/v2\/pages\/850\/revisions\/983"}],"up":[{"embeddable":true,"href":"https:\/\/activemotion.se\/en\/wp-json\/wp\/v2\/pages\/844"}],"wp:featuredmedia":[{"embeddable":true,"href":"https:\/\/activemotion.se\/en\/wp-json\/wp\/v2\/media\/892"}],"wp:attachment":[{"href":"https:\/\/activemotion.se\/en\/wp-json\/wp\/v2\/media?parent=850"}],"curies":[{"name":"wp","href":"https:\/\/api.w.org\/{rel}","templated":true}]}}